{"id":41953,"date":"2025-02-16T11:29:14","date_gmt":"2025-02-16T09:29:14","guid":{"rendered":"https:\/\/geliurasa.lt\/?post_type=product&#038;p=41953"},"modified":"2026-03-23T10:59:28","modified_gmt":"2026-03-23T08:59:28","slug":"darzeline-rozune-pink-regis","status":"publish","type":"product","link":"https:\/\/geliurasa.lt\/index.php\/produktas\/darzeline-rozune-pink-regis\/","title":{"rendered":"Dar\u017eelin\u0117 ro\u017e\u016bn\u0117 Pink Regis"},"content":{"rendered":"<p>Puikus kr\u016bminis augalas, apgaubtas nuostabiais, dideliais\u00a0 \u0161velniais \u0161viesiai rausvais, \u017eiedais, kuriuos pary\u0161kina ry\u0161kesni centrai. Puiki skinta g\u0117l\u0117, nustebino mane, savo ilgu buvimu vazoje. \u017dyd\u0117jimo principas, kaip kardeli\u0173. Ratu i\u0161sid\u0117st\u0119, i\u0161siskleid\u017eia trys \u017eiedai, tada sekantys, o nu\u017eyd\u0117j\u0119 tiesiog nepastebimi. O besiskleid\u017eiantys \u017eiedai, pana\u0161\u016bs \u012f ro\u017eytes. Ro\u017e\u016bni\u0173 \u017eyd\u0117jimas d\u017eiugino iki pat \u0161aln\u0173. Nuskynus,\u00a0 pradeda \u0161akotis ir leid\u017eia vis naujus \u017eiedynus. Papuo\u0161 bet kuri\u0105 sodo, ar g\u0117lyno viet\u0105. Verta d\u0117mesio pamir\u0161ta ro\u017e\u016bn\u0117, bet d\u0117ka veis\u0117j\u0173 vis naujai atrandama.<\/p>\n<p>Ankstesniam \u017eyd\u0117jimui s\u0117ti patalpoje ir sodinti kai jau praeina \u0161aln\u0173 tikimyb\u0117, arba galima s\u0117ti tiesiai, nes greitai auga.<\/p>\n","protected":false},"excerpt":{"rendered":"<div><em>lavatera trimestris<\/em><\/div>\n<div><strong>Gamintojas:\u00a0<\/strong>Olandija<\/div>\n<div><strong>Grup\u0117:<\/strong>\u00a0Vienmet\u0117<\/div>\n<div><strong>Kiekis pakelyje:<\/strong> 0,5 g \u2248 70 s\u0117kl\u0173<\/div>\n<div><strong>Auk\u0161tis cm: <\/strong>60<\/div>\n<div><strong>S\u0117ti m\u0117n.: <\/strong>IV-V lauke<\/div>\n<div><strong>Vieta:<\/strong> saul\u0117ta, dalinis pav\u0117sis<\/div>\n<div><strong>Dirva:<\/strong> \u012fvairi<\/div>\n","protected":false},"featured_media":41955,"comment_status":"open","ping_status":"closed","template":"","meta":{"jetpack_publicize_message":"","jetpack_publicize_feature_enabled":true,"jetpack_social_post_already_shared":true,"jetpack_social_options":{"image_generator_settings":{"template":"highway","default_image_id":0,"font":"","enabled":false},"version":2}},"product_brand":[],"product_cat":[99,339,128,42],"product_tag":[340,52,51,317],"class_list":{"0":"post-41953","1":"product","2":"type-product","3":"status-publish","4":"has-post-thumbnail","6":"product_cat-naujos-prekes","7":"product_cat-rozunes","8":"product_cat-vienmeciu-geliu-seklos","9":"product_cat-seklos","10":"product_tag-rozune","11":"product_tag-seeds","12":"product_tag-seklos","13":"product_tag-skynimas","14":"product_shipping_class-seklos","16":"first","17":"instock","18":"shipping-taxable","19":"purchasable","20":"product-type-simple"},"jetpack_publicize_connections":[],"jetpack_sharing_enabled":true,"_links":{"self":[{"href":"https:\/\/geliurasa.lt\/index.php\/wp-json\/wp\/v2\/product\/41953","targetHints":{"allow":["GET"]}}],"collection":[{"href":"https:\/\/geliurasa.lt\/index.php\/wp-json\/wp\/v2\/product"}],"about":[{"href":"https:\/\/geliurasa.lt\/index.php\/wp-json\/wp\/v2\/types\/product"}],"replies":[{"embeddable":true,"href":"https:\/\/geliurasa.lt\/index.php\/wp-json\/wp\/v2\/comments?post=41953"}],"wp:featuredmedia":[{"embeddable":true,"href":"https:\/\/geliurasa.lt\/index.php\/wp-json\/wp\/v2\/media\/41955"}],"wp:attachment":[{"href":"https:\/\/geliurasa.lt\/index.php\/wp-json\/wp\/v2\/media?parent=41953"}],"wp:term":[{"taxonomy":"product_brand","embeddable":true,"href":"https:\/\/geliurasa.lt\/index.php\/wp-json\/wp\/v2\/product_brand?post=41953"},{"taxonomy":"product_cat","embeddable":true,"href":"https:\/\/geliurasa.lt\/index.php\/wp-json\/wp\/v2\/product_cat?post=41953"},{"taxonomy":"product_tag","embeddable":true,"href":"https:\/\/geliurasa.lt\/index.php\/wp-json\/wp\/v2\/product_tag?post=41953"}],"curies":[{"name":"wp","href":"https:\/\/api.w.org\/{rel}","templated":true}]}}