{"id":41978,"date":"2025-02-26T21:05:11","date_gmt":"2025-02-26T19:05:11","guid":{"rendered":"https:\/\/geliurasa.lt\/?post_type=product&#038;p=41978"},"modified":"2026-04-30T12:10:31","modified_gmt":"2026-04-30T09:10:31","slug":"miskine-dedesva-zebrina","status":"publish","type":"product","link":"https:\/\/geliurasa.lt\/index.php\/produktas\/miskine-dedesva-zebrina\/","title":{"rendered":"Mi\u0161kin\u0117 dede\u0161va Zebrina"},"content":{"rendered":"<p>Zebrina- dvispalv\u0117 baltai alyvin\u0117, i\u0161marginta siauromis violetin\u0117mis juostel\u0117mis. Tai trumpaam\u017eis daugiametis augalas, pakantus sausrai ir kar\u0161\u010diui, auga \u012fvairaus tipo dirvo\u017eemyje. Pasis\u0117ja. Gausiai \u017eydi vis\u0105 vasar\u0105, skinant nu\u017eyd\u0117jusius stiebus, \u017eyd\u0117s dar gausiau. Turi vaistini\u0173 savybi\u0173<\/p>\n<p>\u0160ioms s\u0117kloms sudygti reikia \u0161alto laikotarpio. \u00a0Dygsta 7 dienas.<\/p>\n<div class=\"info_group\">\n<div class=\"text\">\n<p>&nbsp;<\/p>\n<p>&nbsp;<\/p>\n<p>&nbsp;<\/p>\n<\/div>\n<\/div>\n","protected":false},"excerpt":{"rendered":"<div><em>malva sylvestris<\/em><\/div>\n<div><strong>Gamintojas:\u00a0<\/strong>Olandija<\/div>\n<div><strong>Grup\u0117:<\/strong> Dvimet\u0117<\/div>\n<div><strong>Kiekis pakelyje:<\/strong> 1 g<\/div>\n<div><strong>Auk\u0161tis cm: <\/strong>120<\/div>\n<div><strong>S\u0117ti m\u0117n.: <\/strong>IV-V lauke<\/div>\n<div><strong>Vieta:<\/strong> saul\u0117ta, dalinis pav\u0117sis<\/div>\n<div><strong>Dirva:<\/strong> \u012fvairi, sausa<\/div>\n","protected":false},"featured_media":42307,"comment_status":"open","ping_status":"closed","template":"","meta":{"jetpack_publicize_message":"","jetpack_publicize_feature_enabled":true,"jetpack_social_post_already_shared":true,"jetpack_social_options":{"image_generator_settings":{"template":"highway","default_image_id":0,"font":"","enabled":false},"version":2}},"product_brand":[],"product_cat":[134,99,42],"product_tag":[343,342,52,51],"class_list":{"0":"post-41978","1":"product","2":"type-product","3":"status-publish","4":"has-post-thumbnail","6":"product_cat-dvimetes-geliu-seklos","7":"product_cat-naujos-prekes","8":"product_cat-seklos","9":"product_tag-dedesva","10":"product_tag-malva","11":"product_tag-seeds","12":"product_tag-seklos","13":"product_shipping_class-seklos","15":"first","16":"instock","17":"shipping-taxable","18":"purchasable","19":"product-type-simple"},"jetpack_publicize_connections":[],"jetpack_sharing_enabled":true,"_links":{"self":[{"href":"https:\/\/geliurasa.lt\/index.php\/wp-json\/wp\/v2\/product\/41978","targetHints":{"allow":["GET"]}}],"collection":[{"href":"https:\/\/geliurasa.lt\/index.php\/wp-json\/wp\/v2\/product"}],"about":[{"href":"https:\/\/geliurasa.lt\/index.php\/wp-json\/wp\/v2\/types\/product"}],"replies":[{"embeddable":true,"href":"https:\/\/geliurasa.lt\/index.php\/wp-json\/wp\/v2\/comments?post=41978"}],"wp:featuredmedia":[{"embeddable":true,"href":"https:\/\/geliurasa.lt\/index.php\/wp-json\/wp\/v2\/media\/42307"}],"wp:attachment":[{"href":"https:\/\/geliurasa.lt\/index.php\/wp-json\/wp\/v2\/media?parent=41978"}],"wp:term":[{"taxonomy":"product_brand","embeddable":true,"href":"https:\/\/geliurasa.lt\/index.php\/wp-json\/wp\/v2\/product_brand?post=41978"},{"taxonomy":"product_cat","embeddable":true,"href":"https:\/\/geliurasa.lt\/index.php\/wp-json\/wp\/v2\/product_cat?post=41978"},{"taxonomy":"product_tag","embeddable":true,"href":"https:\/\/geliurasa.lt\/index.php\/wp-json\/wp\/v2\/product_tag?post=41978"}],"curies":[{"name":"wp","href":"https:\/\/api.w.org\/{rel}","templated":true}]}}