{"id":42061,"date":"2025-02-25T08:15:34","date_gmt":"2025-02-25T06:15:34","guid":{"rendered":"https:\/\/geliurasa.lt\/?post_type=product&#038;p=42061"},"modified":"2026-04-25T11:07:22","modified_gmt":"2026-04-25T08:07:22","slug":"dekoratyviniai-moliugai-jack-be-little","status":"publish","type":"product","link":"https:\/\/geliurasa.lt\/index.php\/produktas\/dekoratyviniai-moliugai-jack-be-little\/","title":{"rendered":"Dekoratyviniai moli\u016bgai Jack Be Little"},"content":{"rendered":"<ul>\n<li>Vieni i\u0161 ma\u017eiausi\u0173 miniati\u016briniai, ry\u0161kiai oran\u017einiai &#8211; 8 cm plo\u010dio ir 5 cm auk\u0161\u010dio moli\u016bg\u0117liai.<\/li>\n<li>Visi\u0161kai u\u017eaug\u0119s vaisius vos u\u017epildo rank\u0105.<\/li>\n<li>Dekoratyv\u016bs, lengvai pritaikomi \u012fvairiose rudeni\u0161kose kompozicijose, puok\u0161t\u0117se.<\/li>\n<li>Tankios moli\u016bgo riev\u0117s.<\/li>\n<li>Mink\u0161timas viduje yra tvirtos tekst\u016bros ir malonaus saldaus skonio.<\/li>\n<li>Galima kepti, virti, \u012fdaryti.<\/li>\n<li>Kiekvienas augalas u\u017eaugina po 8-10 \u017eavius, ma\u017eus moli\u016bg\u0117lius.<\/li>\n<li>Vaikams be galo patinka \u0161ie mieli moli\u016bgai.<\/li>\n<li>Norint gauti ankstesn\u012f derli\u0173, s\u0117klos s\u0117jamos baland\u017eio\/gegu\u017e\u0117s prad\u017eioje namie, ar \u0161iltnamyje \u012f vazon\u0117lius. Daigai i\u0161sodinami po \u0161aln\u0173.<\/li>\n<li>Tankiau susodinti, u\u017eaugins ma\u017eesnius vaisius.<\/li>\n<\/ul>\n","protected":false},"excerpt":{"rendered":"<div>Cucurbita pepo<\/div>\n<div><strong>Gamintojas:\u00a0<\/strong>Olandija<\/div>\n<div><strong>Grup\u0117:<\/strong> Vienmet\u0117<\/div>\n<div><strong>Kiekis pakelyje:<\/strong> 10 s\u0117kl\u0173<\/div>\n<div>\n<div><strong>S\u0117ti m\u0117n.:\u00a0 <\/strong>III-V<\/div>\n<div><strong>Vieta:<\/strong> saul\u0117ta<\/div>\n<div><strong>Dirva:<\/strong> \u012fvairi, derlinga<\/div>\n<\/div>\n","protected":false},"featured_media":42119,"comment_status":"open","ping_status":"closed","template":"","meta":{"jetpack_publicize_message":"","jetpack_publicize_feature_enabled":true,"jetpack_social_post_already_shared":true,"jetpack_social_options":{"image_generator_settings":{"template":"highway","default_image_id":0,"font":"","enabled":false},"version":2}},"product_brand":[],"product_cat":[326,196,99,42,128],"product_tag":[197,198,52,51],"class_list":{"0":"post-42061","1":"product","2":"type-product","3":"status-publish","4":"has-post-thumbnail","6":"product_cat-dekoratyvines-darzoves","7":"product_cat-dekoratyviniai-moliugeliai","8":"product_cat-naujos-prekes","9":"product_cat-seklos","10":"product_cat-vienmeciu-geliu-seklos","11":"product_tag-cucurbita","12":"product_tag-moliugas","13":"product_tag-seeds","14":"product_tag-seklos","15":"product_shipping_class-seklos","17":"first","18":"instock","19":"shipping-taxable","20":"purchasable","21":"product-type-simple"},"jetpack_publicize_connections":[],"jetpack_sharing_enabled":true,"_links":{"self":[{"href":"https:\/\/geliurasa.lt\/index.php\/wp-json\/wp\/v2\/product\/42061","targetHints":{"allow":["GET"]}}],"collection":[{"href":"https:\/\/geliurasa.lt\/index.php\/wp-json\/wp\/v2\/product"}],"about":[{"href":"https:\/\/geliurasa.lt\/index.php\/wp-json\/wp\/v2\/types\/product"}],"replies":[{"embeddable":true,"href":"https:\/\/geliurasa.lt\/index.php\/wp-json\/wp\/v2\/comments?post=42061"}],"wp:featuredmedia":[{"embeddable":true,"href":"https:\/\/geliurasa.lt\/index.php\/wp-json\/wp\/v2\/media\/42119"}],"wp:attachment":[{"href":"https:\/\/geliurasa.lt\/index.php\/wp-json\/wp\/v2\/media?parent=42061"}],"wp:term":[{"taxonomy":"product_brand","embeddable":true,"href":"https:\/\/geliurasa.lt\/index.php\/wp-json\/wp\/v2\/product_brand?post=42061"},{"taxonomy":"product_cat","embeddable":true,"href":"https:\/\/geliurasa.lt\/index.php\/wp-json\/wp\/v2\/product_cat?post=42061"},{"taxonomy":"product_tag","embeddable":true,"href":"https:\/\/geliurasa.lt\/index.php\/wp-json\/wp\/v2\/product_tag?post=42061"}],"curies":[{"name":"wp","href":"https:\/\/api.w.org\/{rel}","templated":true}]}}