{"id":42123,"date":"2025-02-25T08:35:23","date_gmt":"2025-02-25T06:35:23","guid":{"rendered":"https:\/\/geliurasa.lt\/?post_type=product&#038;p=42123"},"modified":"2026-04-17T11:42:43","modified_gmt":"2026-04-17T08:42:43","slug":"dekoratyviniai-moliugai-heart-of-gold-f1","status":"publish","type":"product","link":"https:\/\/geliurasa.lt\/index.php\/produktas\/dekoratyviniai-moliugai-heart-of-gold-f1\/","title":{"rendered":"Dekoratyviniai moli\u016bgai Heart of Gold F1"},"content":{"rendered":"<p>Heart of Gold moli\u016bg\u0117liai tankiai i\u0161marginti \u017ealiais ra\u0161tais, i\u0161 prad\u017ei\u0173 baltai kreminiame fone, v\u0117liau nuskinti ir br\u0119sdami tampa gelsvi. Moli\u016bg\u0117li\u0173 dydis, 10 x 12 cm ir didesni. Gra\u017eios formos, labai dekoratyv\u016bs.<\/p>\n<p>S\u0117klos 2-3 cm gyliu s\u0117jamos \u012f vazon\u0117lius baland\u017eio m\u0117nes\u012f. I\u0161 vakaro s\u0117klas galima pamerkti \u012f vanden\u012f, ryte s\u0117ti. Daigai i\u0161ne\u0161ami\u00a0 tik pra\u0117jus \u0161aln\u0173 pavojui, sodinami saul\u0117toje vietoje, humusingoje dirvoje, 120 &#8211; 140 cm atstumu. Galima s\u0117ti \u012f atvir\u0105 lauk\u0105\u00a0 gegu\u017e\u0119. Auginama bet kokioje sodo dirvoje saul\u0117toje vietoje.\u00a0 Derlius nuimamas rugs\u0117jo m\u0117nes\u012f, kai sausa ir vaisiai jau subrend\u0119 ir kieti.<\/p>\n","protected":false},"excerpt":{"rendered":"<div>Cucurbita pepo<\/div>\n<div><strong>Gamintojas:\u00a0<\/strong>Olandija<\/div>\n<div><strong>Grup\u0117:<\/strong> Vienmet\u0117<\/div>\n<div><strong>Kiekis pakelyje:<\/strong> 3 s\u0117klos<\/div>\n<div>\n<div><strong>S\u0117ti m\u0117n.:\u00a0 <\/strong>III-V<\/div>\n<div><strong>Vieta:<\/strong> saul\u0117ta<\/div>\n<div><strong>Dirva:<\/strong> \u012fvairi, derlinga<\/div>\n<\/div>\n","protected":false},"featured_media":42126,"comment_status":"open","ping_status":"closed","template":"","meta":{"jetpack_publicize_message":"","jetpack_publicize_feature_enabled":true,"jetpack_social_post_already_shared":true,"jetpack_social_options":{"image_generator_settings":{"template":"highway","default_image_id":0,"font":"","enabled":false},"version":2}},"product_brand":[],"product_cat":[326,196,99,42,128],"product_tag":[197,198,52,51],"class_list":{"0":"post-42123","1":"product","2":"type-product","3":"status-publish","4":"has-post-thumbnail","6":"product_cat-dekoratyvines-darzoves","7":"product_cat-dekoratyviniai-moliugeliai","8":"product_cat-naujos-prekes","9":"product_cat-seklos","10":"product_cat-vienmeciu-geliu-seklos","11":"product_tag-cucurbita","12":"product_tag-moliugas","13":"product_tag-seeds","14":"product_tag-seklos","15":"product_shipping_class-seklos","17":"first","18":"instock","19":"shipping-taxable","20":"purchasable","21":"product-type-simple"},"jetpack_publicize_connections":[],"jetpack_sharing_enabled":true,"_links":{"self":[{"href":"https:\/\/geliurasa.lt\/index.php\/wp-json\/wp\/v2\/product\/42123","targetHints":{"allow":["GET"]}}],"collection":[{"href":"https:\/\/geliurasa.lt\/index.php\/wp-json\/wp\/v2\/product"}],"about":[{"href":"https:\/\/geliurasa.lt\/index.php\/wp-json\/wp\/v2\/types\/product"}],"replies":[{"embeddable":true,"href":"https:\/\/geliurasa.lt\/index.php\/wp-json\/wp\/v2\/comments?post=42123"}],"wp:featuredmedia":[{"embeddable":true,"href":"https:\/\/geliurasa.lt\/index.php\/wp-json\/wp\/v2\/media\/42126"}],"wp:attachment":[{"href":"https:\/\/geliurasa.lt\/index.php\/wp-json\/wp\/v2\/media?parent=42123"}],"wp:term":[{"taxonomy":"product_brand","embeddable":true,"href":"https:\/\/geliurasa.lt\/index.php\/wp-json\/wp\/v2\/product_brand?post=42123"},{"taxonomy":"product_cat","embeddable":true,"href":"https:\/\/geliurasa.lt\/index.php\/wp-json\/wp\/v2\/product_cat?post=42123"},{"taxonomy":"product_tag","embeddable":true,"href":"https:\/\/geliurasa.lt\/index.php\/wp-json\/wp\/v2\/product_tag?post=42123"}],"curies":[{"name":"wp","href":"https:\/\/api.w.org\/{rel}","templated":true}]}}