{"id":42132,"date":"2025-02-25T10:19:29","date_gmt":"2025-02-25T08:19:29","guid":{"rendered":"https:\/\/geliurasa.lt\/?post_type=product&#038;p=42132"},"modified":"2026-03-19T12:05:26","modified_gmt":"2026-03-19T10:05:26","slug":"elegantiskoji-rauge-queen-rose","status":"publish","type":"product","link":"https:\/\/geliurasa.lt\/index.php\/produktas\/elegantiskoji-rauge-queen-rose\/","title":{"rendered":"Eleganti\u0161koji raug\u0117 Queen Rose"},"content":{"rendered":"<p>\u0160i vienmet\u0117 g\u0117l\u0117 sukuria lengvumo poj\u016bt\u012f, tarsi g\u0117lyne augt\u0173 didel\u0117 puok\u0161t\u0117. Labai tinkama nat\u016bralistiniams g\u0117lynams. Puok\u0161t\u0117se atrodo \u017eaismingai. O nu\u017eyd\u0117j\u0119 \u017eiedeliai tiesiog nematomi. Gle\u017ena ir i\u0161rai\u0161kinga. <span class=\"jCAhz ChMk0b\"><span class=\"ryNqvb\">S\u0117kl\u0173 nereikia u\u017eberti \u017eem\u0117mis, tik lengvai \u012fspausti. Pasis\u0117ja ruden\u012f. Spalva &#8211;\u00a0 rausva, \u012f centr\u0105 \u0161vies\u0117janti.<\/span><\/span><\/p>\n<p><span class=\"jCAhz ChMk0b\"><span class=\"ryNqvb\">\u00a0Asmenin\u0117 patirtis: raugei beveik nereikia prie\u017ei\u016bros, tik per sausras reik\u0117t\u0173 palaistyti, tada ilgiau \u017eyd\u0117s ir \u017eiedai bus didesni. Labai pagyvina vasaros puok\u0161tes.<\/span><\/span><\/p>\n","protected":false},"excerpt":{"rendered":"<div>\n<div>\n<p><em>\u00a0Agrostemma gracilis<\/em><\/p>\n<\/div>\n<div><strong>Gamintojas:\u00a0<\/strong>Olandija<\/div>\n<div><strong>Grup\u0117:<\/strong> Vienmet\u0117<\/div>\n<div><strong>Kiekis pakelyje:<\/strong> 0,5g \u2248 90 s\u0117kl\u0173<\/div>\n<div><strong>Auk\u0161tis cm:<\/strong> 70-130<\/div>\n<div><strong>S\u0117ti m\u0117n.: <\/strong>\u00a0IV- V, lauke<\/div>\n<div><strong class=\"brown-txt\">Dygimo laikas:<\/strong> 2-3 sav.<\/div>\n<div><strong>Vieta:<\/strong> saul\u0117ta, dalinis pav\u0117sis<\/div>\n<div><strong>Dirva: <\/strong>vidutinio derlingumo ir dr\u0117gnumo<\/div>\n<\/div>\n","protected":false},"featured_media":42134,"comment_status":"open","ping_status":"closed","template":"","meta":{"jetpack_publicize_message":"","jetpack_publicize_feature_enabled":true,"jetpack_social_post_already_shared":true,"jetpack_social_options":{"image_generator_settings":{"template":"highway","default_image_id":0,"font":"","enabled":false},"version":2}},"product_brand":[],"product_cat":[99,344,42,128],"product_tag":[153,52,51],"class_list":{"0":"post-42132","1":"product","2":"type-product","3":"status-publish","4":"has-post-thumbnail","6":"product_cat-naujos-prekes","7":"product_cat-rauges","8":"product_cat-seklos","9":"product_cat-vienmeciu-geliu-seklos","10":"product_tag-rauge","11":"product_tag-seeds","12":"product_tag-seklos","13":"product_shipping_class-seklos","15":"first","16":"instock","17":"shipping-taxable","18":"purchasable","19":"product-type-simple"},"jetpack_publicize_connections":[],"jetpack_sharing_enabled":true,"_links":{"self":[{"href":"https:\/\/geliurasa.lt\/index.php\/wp-json\/wp\/v2\/product\/42132","targetHints":{"allow":["GET"]}}],"collection":[{"href":"https:\/\/geliurasa.lt\/index.php\/wp-json\/wp\/v2\/product"}],"about":[{"href":"https:\/\/geliurasa.lt\/index.php\/wp-json\/wp\/v2\/types\/product"}],"replies":[{"embeddable":true,"href":"https:\/\/geliurasa.lt\/index.php\/wp-json\/wp\/v2\/comments?post=42132"}],"wp:featuredmedia":[{"embeddable":true,"href":"https:\/\/geliurasa.lt\/index.php\/wp-json\/wp\/v2\/media\/42134"}],"wp:attachment":[{"href":"https:\/\/geliurasa.lt\/index.php\/wp-json\/wp\/v2\/media?parent=42132"}],"wp:term":[{"taxonomy":"product_brand","embeddable":true,"href":"https:\/\/geliurasa.lt\/index.php\/wp-json\/wp\/v2\/product_brand?post=42132"},{"taxonomy":"product_cat","embeddable":true,"href":"https:\/\/geliurasa.lt\/index.php\/wp-json\/wp\/v2\/product_cat?post=42132"},{"taxonomy":"product_tag","embeddable":true,"href":"https:\/\/geliurasa.lt\/index.php\/wp-json\/wp\/v2\/product_tag?post=42132"}],"curies":[{"name":"wp","href":"https:\/\/api.w.org\/{rel}","templated":true}]}}