{"id":42272,"date":"2025-02-26T22:54:47","date_gmt":"2025-02-26T20:54:47","guid":{"rendered":"https:\/\/geliurasa.lt\/?post_type=product&#038;p=42272"},"modified":"2026-03-15T22:03:45","modified_gmt":"2026-03-15T20:03:45","slug":"margalape-karpazole-early-snow","status":"publish","type":"product","link":"https:\/\/geliurasa.lt\/index.php\/produktas\/margalape-karpazole-early-snow\/","title":{"rendered":"Margalap\u0117 karpa\u017eol\u0117 Early Snow"},"content":{"rendered":"<p>Puo\u0161nus ir dekoratyvus augalas. Lapai m\u0117singi, stiebai tvirti, o lap\u0173 vir\u0161\u016bn\u0117s dry\u017euotos. I\u0161 prad\u017ei\u0173 \u0161i karpa\u017eol\u0117 b\u016bna \u017ealia, o pra\u017eydusi beveik balta. Puok\u0161t\u0117se naudojamos kaip \u017ealuma, kai jau b\u016bna pra\u017eydusios ir subrendusios. Puikios, nes ilgai laikosi pamerktos, iki 2 sav. \u0160vie\u017eiai nuskintos karpa\u017eol\u0117s i\u0161skiria pieno sultis, tod\u0117l dirbti su jomis reikia atsargiai, geriausia su pir\u0161tin\u0117mis ir ypa\u010d neliesti aki\u0173.<\/p>\n<p>S\u0117kloms b\u016btinas \u0161altas periodas, 1-2 sav. Dygimui reikia dr\u0117gm\u0117s ir \u0161viesos. M\u0117gsta saul\u0119, netoleruoja pav\u0117sio, patinka dr\u0117gnesnis dirvo\u017eemis.<\/p>\n","protected":false},"excerpt":{"rendered":"<div>Euphorbia marginata<\/div>\n<div><strong>Gamintojas:\u00a0<\/strong>Olandija<\/div>\n<div><strong>Grup\u0117:<\/strong> Vienmet\u0117<\/div>\n<div><strong>Kiekis pakelyje:<\/strong> 1 g \u2248 45 s\u0117klos<\/div>\n<div><strong>Auk\u0161tis cm:<\/strong> 60<\/div>\n<div><strong>S\u0117ti m\u0117n.:<\/strong> III-IV, V<\/div>\n<div><strong>Vieta:<\/strong> saul\u0117ta, dalinis pav\u0117sis<\/div>\n<div><strong>Dirva:<\/strong> \u012fvairi, dr\u0117gna<\/div>\n<p>&nbsp;<\/p>\n","protected":false},"featured_media":42327,"comment_status":"open","ping_status":"closed","template":"","meta":{"jetpack_publicize_message":"","jetpack_publicize_feature_enabled":true,"jetpack_social_post_already_shared":true,"jetpack_social_options":{"image_generator_settings":{"template":"highway","default_image_id":0,"font":"","enabled":false},"version":2}},"product_brand":[],"product_cat":[99,128,42],"product_tag":[349,52,51,317],"class_list":{"0":"post-42272","1":"product","2":"type-product","3":"status-publish","4":"has-post-thumbnail","6":"product_cat-naujos-prekes","7":"product_cat-vienmeciu-geliu-seklos","8":"product_cat-seklos","9":"product_tag-karpazole","10":"product_tag-seeds","11":"product_tag-seklos","12":"product_tag-skynimas","13":"product_shipping_class-seklos","15":"first","16":"instock","17":"shipping-taxable","18":"purchasable","19":"product-type-simple"},"jetpack_publicize_connections":[],"jetpack_sharing_enabled":true,"_links":{"self":[{"href":"https:\/\/geliurasa.lt\/index.php\/wp-json\/wp\/v2\/product\/42272","targetHints":{"allow":["GET"]}}],"collection":[{"href":"https:\/\/geliurasa.lt\/index.php\/wp-json\/wp\/v2\/product"}],"about":[{"href":"https:\/\/geliurasa.lt\/index.php\/wp-json\/wp\/v2\/types\/product"}],"replies":[{"embeddable":true,"href":"https:\/\/geliurasa.lt\/index.php\/wp-json\/wp\/v2\/comments?post=42272"}],"wp:featuredmedia":[{"embeddable":true,"href":"https:\/\/geliurasa.lt\/index.php\/wp-json\/wp\/v2\/media\/42327"}],"wp:attachment":[{"href":"https:\/\/geliurasa.lt\/index.php\/wp-json\/wp\/v2\/media?parent=42272"}],"wp:term":[{"taxonomy":"product_brand","embeddable":true,"href":"https:\/\/geliurasa.lt\/index.php\/wp-json\/wp\/v2\/product_brand?post=42272"},{"taxonomy":"product_cat","embeddable":true,"href":"https:\/\/geliurasa.lt\/index.php\/wp-json\/wp\/v2\/product_cat?post=42272"},{"taxonomy":"product_tag","embeddable":true,"href":"https:\/\/geliurasa.lt\/index.php\/wp-json\/wp\/v2\/product_tag?post=42272"}],"curies":[{"name":"wp","href":"https:\/\/api.w.org\/{rel}","templated":true}]}}