{"id":42315,"date":"2025-02-26T21:07:34","date_gmt":"2025-02-26T19:07:34","guid":{"rendered":"https:\/\/geliurasa.lt\/?post_type=product&#038;p=42315"},"modified":"2026-05-11T14:39:44","modified_gmt":"2026-05-11T11:39:44","slug":"zvaigzdiska-zvaigzdune-paper-moon","status":"publish","type":"product","link":"https:\/\/geliurasa.lt\/index.php\/produktas\/zvaigzdiska-zvaigzdune-paper-moon\/","title":{"rendered":"\u017dvaig\u017edi\u0161ka \u017evaig\u017ed\u016bn\u0117 Paper Moon"},"content":{"rendered":"<p>\u0160viesiai melsvi \u017evaig\u017ed\u016bni\u0173 \u017eiedai greitai virsta apvaliomis kietomis s\u0117kl\u0173 galvut\u0117mis. \u0160ios 5-7 cm plo\u010dio s\u0117kl\u0173 galvut\u0117s puikiai tinka gyv\u0173 ir d\u017eiovint\u0173 g\u0117li\u0173 kompozicijoms. Lengvai auginamos, kuo labiau skini, tuo gausiau \u017eydi ir nuolat formuoja s\u0117kl\u0173 kamuoliukus. Skinti, kai tik pradeda formuotis s\u0117klos, v\u0117liau skinamos, pradeda byr\u0117ti.<\/p>\n<p><span class=\"VIiyi\" lang=\"lt\"><span class=\"JLqJ4b ChMk0b\" data-language-for-alternatives=\"lt\" data-language-to-translate-into=\"en\" data-phrase-index=\"0\" data-number-of-phrases=\"11\">Dygimo laikas: 7-14 d. Dygsta prie 20\u00b0C.<\/span><\/span><\/p>\n","protected":false},"excerpt":{"rendered":"<div>Scabiosa stellata<\/div>\n<div><strong>Gamintojas:\u00a0<\/strong>Olandija<\/div>\n<div><strong>Grup\u0117:<\/strong> Vienmet\u0117<\/div>\n<div><strong>Kiekis pakelyje:<\/strong> 1 g \u2248 34 s\u0117klos<\/div>\n<div><strong>Auk\u0161tis cm: <\/strong>70<\/div>\n<div><strong>S\u0117ti m\u0117n.:<\/strong> III-IV, V<\/div>\n<div><strong>Vieta:<\/strong> saul\u0117ta-pav\u0117sis<\/div>\n<div><strong>Dirva:<\/strong> \u012fvairi, neutrali<\/div>\n<p>&nbsp;<\/p>\n","protected":false},"featured_media":42319,"comment_status":"open","ping_status":"closed","template":"","meta":{"jetpack_publicize_message":"","jetpack_publicize_feature_enabled":true,"jetpack_social_post_already_shared":true,"jetpack_social_options":{"image_generator_settings":{"template":"highway","default_image_id":0,"font":"","enabled":false},"version":2}},"product_brand":[],"product_cat":[42,128,287],"product_tag":[52,51,178],"class_list":{"0":"post-42315","1":"product","2":"type-product","3":"status-publish","4":"has-post-thumbnail","6":"product_cat-seklos","7":"product_cat-vienmeciu-geliu-seklos","8":"product_cat-zvaigzdunes","9":"product_tag-seeds","10":"product_tag-seklos","11":"product_tag-zvaigzdune","12":"product_shipping_class-seklos","14":"first","15":"instock","16":"shipping-taxable","17":"purchasable","18":"product-type-simple"},"jetpack_publicize_connections":[],"jetpack_sharing_enabled":true,"_links":{"self":[{"href":"https:\/\/geliurasa.lt\/index.php\/wp-json\/wp\/v2\/product\/42315","targetHints":{"allow":["GET"]}}],"collection":[{"href":"https:\/\/geliurasa.lt\/index.php\/wp-json\/wp\/v2\/product"}],"about":[{"href":"https:\/\/geliurasa.lt\/index.php\/wp-json\/wp\/v2\/types\/product"}],"replies":[{"embeddable":true,"href":"https:\/\/geliurasa.lt\/index.php\/wp-json\/wp\/v2\/comments?post=42315"}],"wp:featuredmedia":[{"embeddable":true,"href":"https:\/\/geliurasa.lt\/index.php\/wp-json\/wp\/v2\/media\/42319"}],"wp:attachment":[{"href":"https:\/\/geliurasa.lt\/index.php\/wp-json\/wp\/v2\/media?parent=42315"}],"wp:term":[{"taxonomy":"product_brand","embeddable":true,"href":"https:\/\/geliurasa.lt\/index.php\/wp-json\/wp\/v2\/product_brand?post=42315"},{"taxonomy":"product_cat","embeddable":true,"href":"https:\/\/geliurasa.lt\/index.php\/wp-json\/wp\/v2\/product_cat?post=42315"},{"taxonomy":"product_tag","embeddable":true,"href":"https:\/\/geliurasa.lt\/index.php\/wp-json\/wp\/v2\/product_tag?post=42315"}],"curies":[{"name":"wp","href":"https:\/\/api.w.org\/{rel}","templated":true}]}}