{"id":42413,"date":"2025-03-05T14:09:09","date_gmt":"2025-03-05T12:09:09","guid":{"rendered":"https:\/\/geliurasa.lt\/?post_type=product&#038;p=42413"},"modified":"2026-03-23T09:43:36","modified_gmt":"2026-03-23T07:43:36","slug":"kininis-ratilis-2-serenade","status":"publish","type":"product","link":"https:\/\/geliurasa.lt\/index.php\/produktas\/kininis-ratilis-2-serenade\/","title":{"rendered":"Kininis ratilis 2 Serenade"},"content":{"rendered":"<p>Serenade, tai kuok\u0161tinis ratilis, kiekvienas stiebas turi gausyb\u0119 pusiau dvigub\u0173 g\u0117li\u0173 su geltonais centrais. \u017diedai ma\u017ei iki 3 cm skersmens, sudaryti\u00a0 i\u0161 lanceti\u0161k\u0173 \u017eiedlapi\u0173, i\u0161d\u0117styt\u0173 ratu keliais sluoksniais. Kr\u016bmeliai tvirti, primena chrizantemas, gausiai ir ilgai \u017eydi, lyg viena puok\u0161t\u0117. Serenade yra labai atspari fuzariozei astrai. Spalvos \u012fvairios\u00a0 ir \u0161velnios, ir ry\u0161kios. \u0160ie ma\u017ei \u017eav\u016bs \u017eiedeliai nuostabiai atrodo puok\u0161t\u0117se, naudoju, kaip pagrind\u0105, stebina ilgu \u017eyd\u0117jimu. Iki \u017eyd\u0117jimo praeina 14-15 savai\u010di\u0173, galima paderinti, kad \u017eyd\u0117t\u0173 rugs\u0117jo 1 dienai. Gra\u017eiai atrodo pasodinti vazonuose. Kad\u00a0 u\u017eaugt\u0173 auk\u0161tesni, b\u016btina laistyti.<\/p>\n<p>&nbsp;<\/p>\n","protected":false},"excerpt":{"rendered":"<div><em>Callistephus chinensis<\/em><\/div>\n<div><strong>Gamintojas:\u00a0<\/strong>Olandija<\/div>\n<div><strong>Grup\u0117:<\/strong>\u00a0Vienmet\u0117<\/div>\n<div><strong>Kiekis pakelyje:<\/strong> 50 s\u0117kl\u0173<\/div>\n<div><strong>Auk\u0161tis cm:<\/strong> 60-80<\/div>\n<div><strong>S\u0117ti m\u0117n.: <\/strong>III-IV<\/div>\n<div><strong>Vieta:<\/strong> saul\u0117ta, dalinis pav\u0117sis<\/div>\n<div><strong>Dirva:<\/strong> derlinga<\/div>\n","protected":false},"featured_media":42400,"comment_status":"open","ping_status":"closed","template":"","meta":{"jetpack_publicize_message":"","jetpack_publicize_feature_enabled":true,"jetpack_social_post_already_shared":true,"jetpack_social_options":{"image_generator_settings":{"template":"highway","default_image_id":0,"font":"","enabled":false},"version":2}},"product_brand":[],"product_cat":[136,99,128,42],"product_tag":[87,137,52,51,317],"class_list":{"0":"post-42413","1":"product","2":"type-product","3":"status-publish","4":"has-post-thumbnail","6":"product_cat-astrai-ratiliai","7":"product_cat-naujos-prekes","8":"product_cat-vienmeciu-geliu-seklos","9":"product_cat-seklos","10":"product_tag-aster","11":"product_tag-ratiliai","12":"product_tag-seeds","13":"product_tag-seklos","14":"product_tag-skynimas","15":"product_shipping_class-seklos","17":"first","18":"instock","19":"shipping-taxable","20":"purchasable","21":"product-type-variable"},"jetpack_publicize_connections":[],"jetpack_sharing_enabled":true,"_links":{"self":[{"href":"https:\/\/geliurasa.lt\/index.php\/wp-json\/wp\/v2\/product\/42413","targetHints":{"allow":["GET"]}}],"collection":[{"href":"https:\/\/geliurasa.lt\/index.php\/wp-json\/wp\/v2\/product"}],"about":[{"href":"https:\/\/geliurasa.lt\/index.php\/wp-json\/wp\/v2\/types\/product"}],"replies":[{"embeddable":true,"href":"https:\/\/geliurasa.lt\/index.php\/wp-json\/wp\/v2\/comments?post=42413"}],"wp:featuredmedia":[{"embeddable":true,"href":"https:\/\/geliurasa.lt\/index.php\/wp-json\/wp\/v2\/media\/42400"}],"wp:attachment":[{"href":"https:\/\/geliurasa.lt\/index.php\/wp-json\/wp\/v2\/media?parent=42413"}],"wp:term":[{"taxonomy":"product_brand","embeddable":true,"href":"https:\/\/geliurasa.lt\/index.php\/wp-json\/wp\/v2\/product_brand?post=42413"},{"taxonomy":"product_cat","embeddable":true,"href":"https:\/\/geliurasa.lt\/index.php\/wp-json\/wp\/v2\/product_cat?post=42413"},{"taxonomy":"product_tag","embeddable":true,"href":"https:\/\/geliurasa.lt\/index.php\/wp-json\/wp\/v2\/product_tag?post=42413"}],"curies":[{"name":"wp","href":"https:\/\/api.w.org\/{rel}","templated":true}]}}