{"id":42487,"date":"2025-03-07T16:12:44","date_gmt":"2025-03-07T14:12:44","guid":{"rendered":"https:\/\/geliurasa.lt\/?post_type=product&#038;p=42487"},"modified":"2026-03-18T12:46:43","modified_gmt":"2026-03-18T10:46:43","slug":"dirvinis-raguolis-imperial-mixture","status":"publish","type":"product","link":"https:\/\/geliurasa.lt\/index.php\/produktas\/dirvinis-raguolis-imperial-mixture\/","title":{"rendered":"Dirvinis raguolis Imperial Mixture"},"content":{"rendered":"<p><span class=\"s1\">Ry\u0161ki\u0173\u00a0 ir pastelini\u0173 spalv\u0173 raguoli\u0173 mi\u0161inys. Tvirti stiebai tankiai aplip\u0119 viengubais ir dvigubais \u017eiedais. Puiki skinta ir d\u017eiovinta g\u0117l\u0117. Ry\u0161ki puo\u0161mena g\u0117lyne, lauko g\u0117li\u0173 pievel\u0117se<\/span><\/p>\n<p><span dir=\"auto\">Pavasar\u012f s\u0117ti galima tiesiai \u012f \u017eem\u0119 nuo kovo iki gegu\u017e\u0117s. S\u0117ja ruden\u012f nuo spalio iki kol s\u0105lygos leid\u017eia. Sodinant i\u0161 daig\u0173, s<\/span>\u0117kloms b\u016btinas pa\u0161aldymas, kitaip nedygs 1-2 sav. Tada s\u0117klos u\u017eberiamos 6 mm \u017eem\u0117s ar sm\u0117lio sluoksniu, dygimui reikalinga tamsa. Daigus taip pat galima i\u0161sodinti, kai oras vis dar v\u0117sus.\u00a0 A\u0161 s\u0117kl\u0105 pa\u0161aldau \u0161aldiklyje 2 sav., tada mirkau par\u0105 vandenyje. Pas\u0117jus ne\u0161u \u012f lauk\u0105 dygimui. Tai b\u016bna kovo prad\u017eia. Laikau terasoje apdengtus mai\u0161eliu, kad nei\u0161garuot\u0173 dr\u0117gm\u0117. Galima laikyti balkone, lauke. Dygsta 14\u201321 d. Jei daigai i\u0161sodinami \u012f vazonus, reikalingi gilesni, nes liemenin\u0117s \u0161aknys greitai auga. Ruden\u012f raguolis pats pasis\u0117ja.<\/p>\n<p>&nbsp;<\/p>\n","protected":false},"excerpt":{"rendered":"<div>Delphinium consolida<\/div>\n<div><strong>Gamintojas:\u00a0<\/strong>Olandija<\/div>\n<div><strong>Grup\u0117:<\/strong> vienmet\u0117<\/div>\n<div><strong>Kiekis pakelyje: <\/strong>0,5 g<\/div>\n<div><strong>Auk\u0161tis cm:<\/strong> 100-120<\/div>\n<div><strong>S\u0117ti m\u0117n.: <\/strong>III- IV , IX\u00a0 -X<\/div>\n<div><strong>Vieta:<\/strong> saul\u0117ta, dalinis pav\u0117sis<\/div>\n","protected":false},"featured_media":42491,"comment_status":"open","ping_status":"closed","template":"","meta":{"jetpack_publicize_message":"","jetpack_publicize_feature_enabled":true,"jetpack_social_post_already_shared":true,"jetpack_social_options":{"image_generator_settings":{"template":"highway","default_image_id":0,"font":"","enabled":false},"version":2}},"product_brand":[],"product_cat":[99,308,128,42],"product_tag":[258,307,52,51],"class_list":{"0":"post-42487","1":"product","2":"type-product","3":"status-publish","4":"has-post-thumbnail","6":"product_cat-naujos-prekes","7":"product_cat-raguoliai","8":"product_cat-vienmeciu-geliu-seklos","9":"product_cat-seklos","10":"product_tag-delphinium","11":"product_tag-raguolis","12":"product_tag-seeds","13":"product_tag-seklos","14":"product_shipping_class-seklos","16":"first","17":"instock","18":"shipping-taxable","19":"purchasable","20":"product-type-simple"},"jetpack_publicize_connections":[],"jetpack_sharing_enabled":true,"_links":{"self":[{"href":"https:\/\/geliurasa.lt\/index.php\/wp-json\/wp\/v2\/product\/42487","targetHints":{"allow":["GET"]}}],"collection":[{"href":"https:\/\/geliurasa.lt\/index.php\/wp-json\/wp\/v2\/product"}],"about":[{"href":"https:\/\/geliurasa.lt\/index.php\/wp-json\/wp\/v2\/types\/product"}],"replies":[{"embeddable":true,"href":"https:\/\/geliurasa.lt\/index.php\/wp-json\/wp\/v2\/comments?post=42487"}],"wp:featuredmedia":[{"embeddable":true,"href":"https:\/\/geliurasa.lt\/index.php\/wp-json\/wp\/v2\/media\/42491"}],"wp:attachment":[{"href":"https:\/\/geliurasa.lt\/index.php\/wp-json\/wp\/v2\/media?parent=42487"}],"wp:term":[{"taxonomy":"product_brand","embeddable":true,"href":"https:\/\/geliurasa.lt\/index.php\/wp-json\/wp\/v2\/product_brand?post=42487"},{"taxonomy":"product_cat","embeddable":true,"href":"https:\/\/geliurasa.lt\/index.php\/wp-json\/wp\/v2\/product_cat?post=42487"},{"taxonomy":"product_tag","embeddable":true,"href":"https:\/\/geliurasa.lt\/index.php\/wp-json\/wp\/v2\/product_tag?post=42487"}],"curies":[{"name":"wp","href":"https:\/\/api.w.org\/{rel}","templated":true}]}}