{"id":42586,"date":"2025-03-19T14:40:52","date_gmt":"2025-03-19T12:40:52","guid":{"rendered":"https:\/\/geliurasa.lt\/?post_type=product&#038;p=42586"},"modified":"2026-04-19T20:57:58","modified_gmt":"2026-04-19T17:57:58","slug":"stambiaziedis-placiavarpis-f1-astra","status":"publish","type":"product","link":"https:\/\/geliurasa.lt\/index.php\/produktas\/stambiaziedis-placiavarpis-f1-astra\/","title":{"rendered":"Stambia\u017eiedis pla\u010diavarpis F1 Astra"},"content":{"rendered":"<p>Hibridin\u0117 &#8216; Astra&#8217; serija\u00a0 yra\u00a0 su baltais, ro\u017einiais ir m\u0117lynais \u017eiedais. \u0160io \u017eema\u016bgio augalo \u017eiedai neproporcingai dideli, palyginti su visu kereliu. \u017dydi gausiai\u00a0 vis\u0105 vasar\u0105. \u017davu steb\u0117ti, kaip susiformuoja balion\u0117liai i\u0161 \u017eied\u0173 pumpur\u0173, kurie v\u0117liau i\u0161siskleid\u017eia \u012f nuostabius ilgai i\u0161liekan\u010dius \u017evaig\u017ed\u0117s formos \u017eiedus. Nuskinant nu\u017eyd\u0117jusius, vis formuosis nauji. Sodinant venkite dr\u0117gn\u0173 arba prastai nusausint\u0173 viet\u0173, \u0161iaip nereiklus augalas, tik pavasar\u012f v\u0117liau dygsta. Tod\u0117l b\u016btina atsi\u017eym\u0117ti, kur jis auga, kad jo nesunaikintum\u0117te tvarkydami g\u0117lyn\u0105. Dalijimas ir persodinimas yra \u012fmanomi, ta\u010diau sud\u0117tingi d\u0117l trapi\u0173, m\u0117sing\u0173 \u0161i\u0173 augal\u0173 \u0161akn\u0173, geriau s\u0117ti i\u0161 s\u0117kl\u0173.<\/p>\n<p>&nbsp;<\/p>\n<div id=\"MainContentPlaceHolder_ProblemsRow\" class=\"row\">\n<h4><\/h4>\n<\/div>\n","protected":false},"excerpt":{"rendered":"<div>\n<div>Platycodon grandiflorus<\/div>\n<div><strong>Gamintojas:\u00a0<\/strong>Olandija<\/div>\n<div><strong>Grup\u0117: <\/strong>daugiamet\u0117<\/div>\n<div><strong>Kiekis pakelyje: <\/strong>10 s\u0117kl\u0173<\/div>\n<div><strong>Auk\u0161tis cm: <\/strong>25<\/div>\n<div><strong>Plotis cm<\/strong> : 20<\/div>\n<div><strong>S\u0117ti m\u0117n.:<\/strong> III-V<\/div>\n<div><strong>Vieta:<\/strong> saul\u0117ta, dalinis pav\u0117sis<\/div>\n<div><strong>Dirva: <\/strong>neutrali<\/div>\n<\/div>\n<div><\/div>\n","protected":false},"featured_media":42674,"comment_status":"open","ping_status":"closed","template":"","meta":{"jetpack_publicize_message":"","jetpack_publicize_feature_enabled":true,"jetpack_social_post_already_shared":true,"jetpack_social_options":{"image_generator_settings":{"template":"highway","default_image_id":0,"font":"","enabled":false},"version":2}},"product_brand":[],"product_cat":[126,350,99],"product_tag":[305,52,51],"class_list":{"0":"post-42586","1":"product","2":"type-product","3":"status-publish","4":"has-post-thumbnail","6":"product_cat-daugiameciu-geliu-seklos","7":"product_cat-katileliai","8":"product_cat-naujos-prekes","9":"product_tag-katilelis","10":"product_tag-seeds","11":"product_tag-seklos","12":"product_shipping_class-seklos","14":"first","15":"instock","16":"shipping-taxable","17":"purchasable","18":"product-type-variable"},"jetpack_publicize_connections":[],"jetpack_sharing_enabled":true,"_links":{"self":[{"href":"https:\/\/geliurasa.lt\/index.php\/wp-json\/wp\/v2\/product\/42586","targetHints":{"allow":["GET"]}}],"collection":[{"href":"https:\/\/geliurasa.lt\/index.php\/wp-json\/wp\/v2\/product"}],"about":[{"href":"https:\/\/geliurasa.lt\/index.php\/wp-json\/wp\/v2\/types\/product"}],"replies":[{"embeddable":true,"href":"https:\/\/geliurasa.lt\/index.php\/wp-json\/wp\/v2\/comments?post=42586"}],"wp:featuredmedia":[{"embeddable":true,"href":"https:\/\/geliurasa.lt\/index.php\/wp-json\/wp\/v2\/media\/42674"}],"wp:attachment":[{"href":"https:\/\/geliurasa.lt\/index.php\/wp-json\/wp\/v2\/media?parent=42586"}],"wp:term":[{"taxonomy":"product_brand","embeddable":true,"href":"https:\/\/geliurasa.lt\/index.php\/wp-json\/wp\/v2\/product_brand?post=42586"},{"taxonomy":"product_cat","embeddable":true,"href":"https:\/\/geliurasa.lt\/index.php\/wp-json\/wp\/v2\/product_cat?post=42586"},{"taxonomy":"product_tag","embeddable":true,"href":"https:\/\/geliurasa.lt\/index.php\/wp-json\/wp\/v2\/product_tag?post=42586"}],"curies":[{"name":"wp","href":"https:\/\/api.w.org\/{rel}","templated":true}]}}