{"id":42699,"date":"2025-03-21T10:06:17","date_gmt":"2025-03-21T08:06:17","guid":{"rendered":"https:\/\/geliurasa.lt\/?post_type=product&#038;p=42699"},"modified":"2026-02-19T13:46:57","modified_gmt":"2026-02-19T11:46:57","slug":"siurpinis-gvazdikas-sweet-neon-purple","status":"publish","type":"product","link":"https:\/\/geliurasa.lt\/index.php\/produktas\/siurpinis-gvazdikas-sweet-neon-purple\/","title":{"rendered":"\u0160iurpinis gvazdikas Sweet Neon Purple"},"content":{"rendered":"<p>Pirmais metais \u017eydintis, tod\u0117l gali b\u016bti auginamas, kaip vienmetis gvazdikas. Tinka auginti lauke, \u0161iltnamyje, auk\u0161tame tunelyje. Sweet gvazdik\u0173 serija u\u017eaugina ilgus, tvirtus kotus, dideli \u017eiedai kvapn\u016bs, o spalvos i\u0161rai\u0161kingos. I\u0161auga 5\u20137 stiebai ant vieno augalo. Pas\u0117jus per kelis kartus, \u017eiedus galima skinti ne tik pavasar\u012f, bet ir ruden\u012f, o auginant \u0161iltnamyje ankstyv\u0105 pavasar\u012f ir v\u0117lyv\u0105 ruden\u012f. \u0160ie augalai paken\u010dia\u00a0 -17,8\u00b0C \u0161alt\u012f. Ruden\u012f pasodinus daigus \u0161iltnamyje, anksti sulaukiama \u017eied\u0173 pavasar\u012f.<\/p>\n<p>Tiesiogin\u0117 s\u0117ja lauke \u2013 ankstyvas pavasaris, kai dar galimos nedidel\u0117s \u0161alnos ir v\u0117liau. Patalpoje s\u0117ti likus 6-8 savait\u0117ms iki paskutini\u0173 \u0161aln\u0173. Lengvai \u012fspauskite s\u0117kl\u0105 \u012f auginimo terp\u0119.\u00a0 Augimui reikalinga v\u0117si 10\u201313 \u00b0C temperat\u016bra, kad augalai \u0161akot\u0173si. Venkite auk\u0161tesn\u0117s nei 18 \u00b0C temperat\u016bros, ypa\u010d nakt\u012f.<\/p>\n","protected":false},"excerpt":{"rendered":"<div>DIANTHUS barbatus<\/div>\n<div><strong>Gamintojas:\u00a0<\/strong>Olandija<\/div>\n<div><strong>Grup\u0117: <\/strong>dvimet\u0117- vienmet\u0117<\/div>\n<div><strong>Kiekis pakelyje:<\/strong> 15 s\u0117kl\u0173<\/div>\n<div><strong>Auk\u0161tis cm:<\/strong> 45-80<\/div>\n<div><strong>S\u0117ti m\u0117n.: <\/strong>I-VII<\/div>\n<div><strong>Vieta:<\/strong> saul\u0117ta, dalinis pav\u0117sis<\/div>\n","protected":false},"featured_media":42701,"comment_status":"open","ping_status":"closed","template":"","meta":{"jetpack_publicize_message":"","jetpack_publicize_feature_enabled":true,"jetpack_social_post_already_shared":true,"jetpack_social_options":{"image_generator_settings":{"template":"highway","default_image_id":0,"font":"","enabled":false},"version":2}},"product_brand":[],"product_cat":[134,309,99,128,42],"product_tag":[310,154,52,51],"class_list":{"0":"post-42699","1":"product","2":"type-product","3":"status-publish","4":"has-post-thumbnail","6":"product_cat-dvimetes-geliu-seklos","7":"product_cat-gvazdikai","8":"product_cat-naujos-prekes","9":"product_cat-vienmeciu-geliu-seklos","10":"product_cat-seklos","11":"product_tag-dianthus","12":"product_tag-gvazdikas","13":"product_tag-seeds","14":"product_tag-seklos","15":"product_shipping_class-seklos","17":"first","18":"instock","19":"shipping-taxable","20":"purchasable","21":"product-type-simple"},"jetpack_publicize_connections":[],"jetpack_sharing_enabled":true,"_links":{"self":[{"href":"https:\/\/geliurasa.lt\/index.php\/wp-json\/wp\/v2\/product\/42699","targetHints":{"allow":["GET"]}}],"collection":[{"href":"https:\/\/geliurasa.lt\/index.php\/wp-json\/wp\/v2\/product"}],"about":[{"href":"https:\/\/geliurasa.lt\/index.php\/wp-json\/wp\/v2\/types\/product"}],"replies":[{"embeddable":true,"href":"https:\/\/geliurasa.lt\/index.php\/wp-json\/wp\/v2\/comments?post=42699"}],"wp:featuredmedia":[{"embeddable":true,"href":"https:\/\/geliurasa.lt\/index.php\/wp-json\/wp\/v2\/media\/42701"}],"wp:attachment":[{"href":"https:\/\/geliurasa.lt\/index.php\/wp-json\/wp\/v2\/media?parent=42699"}],"wp:term":[{"taxonomy":"product_brand","embeddable":true,"href":"https:\/\/geliurasa.lt\/index.php\/wp-json\/wp\/v2\/product_brand?post=42699"},{"taxonomy":"product_cat","embeddable":true,"href":"https:\/\/geliurasa.lt\/index.php\/wp-json\/wp\/v2\/product_cat?post=42699"},{"taxonomy":"product_tag","embeddable":true,"href":"https:\/\/geliurasa.lt\/index.php\/wp-json\/wp\/v2\/product_tag?post=42699"}],"curies":[{"name":"wp","href":"https:\/\/api.w.org\/{rel}","templated":true}]}}