{"id":42746,"date":"2025-03-25T11:32:53","date_gmt":"2025-03-25T09:32:53","guid":{"rendered":"https:\/\/geliurasa.lt\/?post_type=product&#038;p=42746"},"modified":"2026-03-24T14:00:34","modified_gmt":"2026-03-24T12:00:34","slug":"egipto-zvaigzde-beebright-mix","status":"publish","type":"product","link":"https:\/\/geliurasa.lt\/index.php\/produktas\/egipto-zvaigzde-beebright-mix\/","title":{"rendered":"Egipto \u017evaig\u017ed\u0117  BeeBright Mix"},"content":{"rendered":"<p>Pentai, dar vadinami Egipto \u017evaig\u017ed\u0117mis, i\u0161augina ma\u017ey\u010di\u0173, \u017evaig\u017ed\u0117s formos \u017eied\u0173 kekes. BeeBright auga kompakti\u0161kai, gausiai \u017eydi vis\u0105 sezon\u0105, sodri\u0173 spalv\u0173 \u017eied\u0173 kek\u0117s \u017ei\u016bri \u012f vir\u0161\u0173. Greitas augimas ir ankstyvas\u00a0 \u017eyd\u0117jimas. Paken\u010dia sausr\u0105. Nat\u016braliai \u0161<span class=\"jCAhz ChMk0b\"><span class=\"ryNqvb\">ie augalai nuo pavasario iki rudens sukuria gausyb\u0119 spalv\u0173 ir pritraukia drugelius.<\/span><\/span><\/p>\n<p><span class=\"jCAhz ChMk0b\"><span class=\"ryNqvb\">Pentas yra gana lengva pri\u017ei\u016br\u0117ti ir gali b\u016bti auginamos kaip kambarinis, ir kaip lauko- vazonuose ar konteineriuose, ar lauko dirvoje.<\/span><\/span> \u00a0<span class=\"jCAhz ChMk0b\"><span class=\"ryNqvb\">\u0160ie \u0161veln\u016bs daugiame\u010diai augalai negali pak\u0119sti \u0161al\u010dio. S<\/span><\/span><span class=\"jCAhz ChMk0b\"><span class=\"ryNqvb\">odinant parenkama \u0161il\u010diausia vieta, ap\u0161viesta saul\u0117s, bet reikia apsaugoti\u00a0 ir nuo kepinan\u010dios saul\u0117s.<\/span><\/span>\u00a0T<span class=\"jCAhz ChMk0b\"><span class=\"ryNqvb\">aip pat toleruoja dalin\u012f pav\u0117s\u012f. Pav\u0117syje i\u0161t\u012fsta ir ne\u017eydi. Nem\u0117gsta dr\u0117gm\u0117s pertekliaus.<\/span><\/span><\/p>\n<p>S\u0117jama pavir\u0161iuje, tik \u0161velniai \u012fspausti pavir\u0161iuje, dygimui reikalinga \u0161viesa. Palaikyti\u00a0 optimalias daig\u0173 vystymosi s\u0105lygas nuo s\u0117jos dienos iki pat daig\u0173 sudygimo. Daigeliai\u00a0 pasirodo po 7\u201310 dien\u0173, prie 23\u201326 \u00b0C. Dr\u0117gm\u0117 iki 10 dienos tur\u0117t\u0173 b\u016bti 95\u2013100 %, v\u0117liau suma\u017einti iki 40\u201360 %. <span class=\"jCAhz ChMk0b\"><span class=\"ryNqvb\">\u017diedai pra\u017eysta po 16 savai\u010di\u0173.<\/span><\/span><\/p>\n<p>&nbsp;<\/p>\n","protected":false},"excerpt":{"rendered":"<div>Pentas lanceolata<\/div>\n<div><strong>Gamintojas: <\/strong>Olandija<\/div>\n<div><strong>Grup\u0117:<\/strong> daugiamet\u0117(vienmet\u0117)<\/div>\n<div><strong>Kiekis pakelyje:<\/strong> 5 s\u0117klos<\/div>\n<div><strong>Auk\u0161tis cm: <\/strong>15-20<\/div>\n<div><strong>Plotis cm:<\/strong> 25-30<\/div>\n<div><strong>S\u0117ti m\u0117n.:<\/strong> II-III<\/div>\n<div><strong>Vieta:<\/strong> saul\u0117ta-pav\u0117sis<\/div>\n<div><strong>Dirva: <\/strong>dr\u0117gmei laidi, derlinga, priemolis<\/div>\n<div><\/div>\n","protected":false},"featured_media":42747,"comment_status":"open","ping_status":"closed","template":"","meta":{"jetpack_publicize_message":"","jetpack_publicize_feature_enabled":true,"jetpack_social_post_already_shared":true,"jetpack_social_options":{"image_generator_settings":{"template":"highway","default_image_id":0,"font":"","enabled":false},"version":2}},"product_brand":[],"product_cat":[126,353,99,42,128],"product_tag":[164,52,51],"class_list":{"0":"post-42746","1":"product","2":"type-product","3":"status-publish","4":"has-post-thumbnail","6":"product_cat-daugiameciu-geliu-seklos","7":"product_cat-ivairios","8":"product_cat-naujos-prekes","9":"product_cat-seklos","10":"product_cat-vienmeciu-geliu-seklos","11":"product_tag-pentas","12":"product_tag-seeds","13":"product_tag-seklos","14":"product_shipping_class-seklos","16":"first","17":"outofstock","18":"shipping-taxable","19":"purchasable","20":"product-type-simple"},"jetpack_publicize_connections":[],"jetpack_sharing_enabled":true,"_links":{"self":[{"href":"https:\/\/geliurasa.lt\/index.php\/wp-json\/wp\/v2\/product\/42746","targetHints":{"allow":["GET"]}}],"collection":[{"href":"https:\/\/geliurasa.lt\/index.php\/wp-json\/wp\/v2\/product"}],"about":[{"href":"https:\/\/geliurasa.lt\/index.php\/wp-json\/wp\/v2\/types\/product"}],"replies":[{"embeddable":true,"href":"https:\/\/geliurasa.lt\/index.php\/wp-json\/wp\/v2\/comments?post=42746"}],"wp:featuredmedia":[{"embeddable":true,"href":"https:\/\/geliurasa.lt\/index.php\/wp-json\/wp\/v2\/media\/42747"}],"wp:attachment":[{"href":"https:\/\/geliurasa.lt\/index.php\/wp-json\/wp\/v2\/media?parent=42746"}],"wp:term":[{"taxonomy":"product_brand","embeddable":true,"href":"https:\/\/geliurasa.lt\/index.php\/wp-json\/wp\/v2\/product_brand?post=42746"},{"taxonomy":"product_cat","embeddable":true,"href":"https:\/\/geliurasa.lt\/index.php\/wp-json\/wp\/v2\/product_cat?post=42746"},{"taxonomy":"product_tag","embeddable":true,"href":"https:\/\/geliurasa.lt\/index.php\/wp-json\/wp\/v2\/product_tag?post=42746"}],"curies":[{"name":"wp","href":"https:\/\/api.w.org\/{rel}","templated":true}]}}