{"id":42894,"date":"2025-04-09T18:06:01","date_gmt":"2025-04-09T15:06:01","guid":{"rendered":"https:\/\/geliurasa.lt\/?post_type=product&#038;p=42894"},"modified":"2026-04-02T09:45:47","modified_gmt":"2026-04-02T06:45:47","slug":"puosnusis-barzdotas-gvazdikas-beard-pink","status":"publish","type":"product","link":"https:\/\/geliurasa.lt\/index.php\/produktas\/puosnusis-barzdotas-gvazdikas-beard-pink\/","title":{"rendered":"Puo\u0161nusis barzdotas gvazdikas Beard Pink"},"content":{"rendered":"<p>Kry\u017eminimas kartais duoda ypating\u0173 rezultat\u0173: \u0161is gvazdikas juokingai i\u0161augina savo \u017eiedlapius \u012f labai ilgas ir plonas sruogas, pana\u0161ias \u012f barzdas, labai \u017eavias. Stiebai tvirti. Ypatingai saldus gvazdik\u0173 kvapas, ypa\u010d kvepia vakarais.<\/p>\n<p>S\u0117klos greitai dygsta, laikyti tolygiai dr\u0117gnas (ne \u0161lapias) \u00b1 20\u030a C temperat\u016broje, tik plonai u\u017epiltas. Ant indo u\u017ed\u0117ti skaidri\u0105 ir orui laid\u017ei\u0105 dang\u0105.<\/p>\n<p>&nbsp;<\/p>\n","protected":false},"excerpt":{"rendered":"<div>Dianthus x superba<\/div>\n<div><strong>Gamintojas:\u00a0<\/strong>Olandija<\/div>\n<div><strong>Grup\u0117: <\/strong>daugiamet\u0117<\/div>\n<div><strong>Kiekis pakelyje:<\/strong> 30 s\u0117kl\u0173<\/div>\n<div><strong>Auk\u0161tis cm:<\/strong> 30-40<\/div>\n<div><strong>S\u0117ti m\u0117n.:\u00a0 <\/strong>IV-VIII<\/div>\n<div><strong>Vieta:<\/strong> saul\u0117ta, dalinis pav\u0117sis<\/div>\n<div><strong>Dirva: <\/strong>neutrali<\/div>\n<div><\/div>\n","protected":false},"featured_media":42898,"comment_status":"open","ping_status":"closed","template":"","meta":{"jetpack_publicize_message":"","jetpack_publicize_feature_enabled":true,"jetpack_social_post_already_shared":false,"jetpack_social_options":{"image_generator_settings":{"template":"highway","default_image_id":0,"font":"","enabled":false},"version":2}},"product_brand":[],"product_cat":[126,309,99,42],"product_tag":[154,52,51],"class_list":{"0":"post-42894","1":"product","2":"type-product","3":"status-publish","4":"has-post-thumbnail","6":"product_cat-daugiameciu-geliu-seklos","7":"product_cat-gvazdikai","8":"product_cat-naujos-prekes","9":"product_cat-seklos","10":"product_tag-gvazdikas","11":"product_tag-seeds","12":"product_tag-seklos","13":"product_shipping_class-seklos","15":"first","16":"instock","17":"shipping-taxable","18":"purchasable","19":"product-type-simple"},"jetpack_publicize_connections":[],"jetpack_sharing_enabled":true,"_links":{"self":[{"href":"https:\/\/geliurasa.lt\/index.php\/wp-json\/wp\/v2\/product\/42894","targetHints":{"allow":["GET"]}}],"collection":[{"href":"https:\/\/geliurasa.lt\/index.php\/wp-json\/wp\/v2\/product"}],"about":[{"href":"https:\/\/geliurasa.lt\/index.php\/wp-json\/wp\/v2\/types\/product"}],"replies":[{"embeddable":true,"href":"https:\/\/geliurasa.lt\/index.php\/wp-json\/wp\/v2\/comments?post=42894"}],"wp:featuredmedia":[{"embeddable":true,"href":"https:\/\/geliurasa.lt\/index.php\/wp-json\/wp\/v2\/media\/42898"}],"wp:attachment":[{"href":"https:\/\/geliurasa.lt\/index.php\/wp-json\/wp\/v2\/media?parent=42894"}],"wp:term":[{"taxonomy":"product_brand","embeddable":true,"href":"https:\/\/geliurasa.lt\/index.php\/wp-json\/wp\/v2\/product_brand?post=42894"},{"taxonomy":"product_cat","embeddable":true,"href":"https:\/\/geliurasa.lt\/index.php\/wp-json\/wp\/v2\/product_cat?post=42894"},{"taxonomy":"product_tag","embeddable":true,"href":"https:\/\/geliurasa.lt\/index.php\/wp-json\/wp\/v2\/product_tag?post=42894"}],"curies":[{"name":"wp","href":"https:\/\/api.w.org\/{rel}","templated":true}]}}