{"id":43027,"date":"2025-05-06T09:38:27","date_gmt":"2025-05-06T06:38:27","guid":{"rendered":"https:\/\/geliurasa.lt\/?post_type=product&#038;p=43027"},"modified":"2026-03-26T15:40:07","modified_gmt":"2026-03-26T13:40:07","slug":"darzeline-rozune-novella-rose-zemauge","status":"publish","type":"product","link":"https:\/\/geliurasa.lt\/index.php\/produktas\/darzeline-rozune-novella-rose-zemauge\/","title":{"rendered":"Dar\u017eelin\u0117 ro\u017e\u016bn\u0117 Novella Rose, \u017eema\u016bg\u0117"},"content":{"rendered":"<p>&#8216;Fleuroselect&#8217; aukso medalio laim\u0117toja ro\u017e\u016bn\u0117 &#8216;Novella&#8217; pakeit\u0117 supratim\u0105 apie ro\u017e\u016bnes. Tai \u017eema\u016bg\u0117 ro\u017e\u016bn\u0117, puikiai \u0161akojasi, nereikli auginimui ir \u017eydi vis\u0105 vasar\u0105. Puikus kr\u016bminis augalas, apgaubtas nuostabiais, dideliais,\u00a0 atvirais ro\u017einiais \u017eiedais. Ro\u017e\u016bni\u0173 \u017eyd\u0117jimas d\u017eiugina iki pat \u0161aln\u0173. Nuskynus,\u00a0 pradeda \u0161akotis ir leid\u017eia vis naujus \u017eiedynus. Verta d\u0117mesio pamir\u0161ta ro\u017e\u016bn\u0117, bet d\u0117ka veis\u0117j\u0173 vis naujai atrandama.<\/p>\n<p>Ankstesniam \u017eyd\u0117jimui s\u0117ti patalpoje ir sodinti kai jau praeina \u0161aln\u0173 tikimyb\u0117, arba galima s\u0117ti tiesiai, nes greitai auga.<\/p>\n<p>&nbsp;<\/p>\n","protected":false},"excerpt":{"rendered":"<div><em>lavatera trimestris<\/em><\/div>\n<div><strong>Gamintojas:\u00a0<\/strong>Olandija<\/div>\n<div><strong>Grup\u0117:<\/strong>\u00a0Vienmet\u0117<\/div>\n<div><strong>Kiekis pakelyje:<\/strong> 15 s\u0117kl\u0173<\/div>\n<div><strong>Auk\u0161tis cm:<\/strong> 45\u201350<\/div>\n<div><strong>S\u0117ti m\u0117n.: <\/strong>III-V<\/div>\n<div><strong>Vieta:<\/strong> saul\u0117ta, dalinis pav\u0117sis<\/div>\n<div><strong>Dirva:<\/strong> \u012fvairi<\/div>\n","protected":false},"featured_media":43071,"comment_status":"open","ping_status":"closed","template":"","meta":{"jetpack_publicize_message":"","jetpack_publicize_feature_enabled":true,"jetpack_social_post_already_shared":true,"jetpack_social_options":{"image_generator_settings":{"template":"highway","default_image_id":0,"font":"","enabled":false},"version":2}},"product_brand":[],"product_cat":[99,339,128,42],"product_tag":[340,52,51,317],"class_list":{"0":"post-43027","1":"product","2":"type-product","3":"status-publish","4":"has-post-thumbnail","6":"product_cat-naujos-prekes","7":"product_cat-rozunes","8":"product_cat-vienmeciu-geliu-seklos","9":"product_cat-seklos","10":"product_tag-rozune","11":"product_tag-seeds","12":"product_tag-seklos","13":"product_tag-skynimas","14":"product_shipping_class-seklos","16":"first","17":"instock","18":"shipping-taxable","19":"purchasable","20":"product-type-simple"},"jetpack_publicize_connections":[],"jetpack_sharing_enabled":true,"_links":{"self":[{"href":"https:\/\/geliurasa.lt\/index.php\/wp-json\/wp\/v2\/product\/43027","targetHints":{"allow":["GET"]}}],"collection":[{"href":"https:\/\/geliurasa.lt\/index.php\/wp-json\/wp\/v2\/product"}],"about":[{"href":"https:\/\/geliurasa.lt\/index.php\/wp-json\/wp\/v2\/types\/product"}],"replies":[{"embeddable":true,"href":"https:\/\/geliurasa.lt\/index.php\/wp-json\/wp\/v2\/comments?post=43027"}],"wp:featuredmedia":[{"embeddable":true,"href":"https:\/\/geliurasa.lt\/index.php\/wp-json\/wp\/v2\/media\/43071"}],"wp:attachment":[{"href":"https:\/\/geliurasa.lt\/index.php\/wp-json\/wp\/v2\/media?parent=43027"}],"wp:term":[{"taxonomy":"product_brand","embeddable":true,"href":"https:\/\/geliurasa.lt\/index.php\/wp-json\/wp\/v2\/product_brand?post=43027"},{"taxonomy":"product_cat","embeddable":true,"href":"https:\/\/geliurasa.lt\/index.php\/wp-json\/wp\/v2\/product_cat?post=43027"},{"taxonomy":"product_tag","embeddable":true,"href":"https:\/\/geliurasa.lt\/index.php\/wp-json\/wp\/v2\/product_tag?post=43027"}],"curies":[{"name":"wp","href":"https:\/\/api.w.org\/{rel}","templated":true}]}}