{"id":43034,"date":"2025-05-07T13:46:43","date_gmt":"2025-05-07T10:46:43","guid":{"rendered":"https:\/\/geliurasa.lt\/?post_type=product&#038;p=43034"},"modified":"2026-04-01T10:32:02","modified_gmt":"2026-04-01T07:32:02","slug":"raudonoji-zvaigzdune-salmon-queen-normal","status":"publish","type":"product","link":"https:\/\/geliurasa.lt\/index.php\/produktas\/raudonoji-zvaigzdune-salmon-queen-normal\/","title":{"rendered":"Raudonoji \u017evaig\u017ed\u016bn\u0117 Salmon Queen Normal"},"content":{"rendered":"<p><span class=\"VIiyi\" lang=\"lt\"><span class=\"JLqJ4b ChMk0b\" data-language-for-alternatives=\"lt\" data-language-to-translate-into=\"en\" data-phrase-index=\"0\" data-number-of-phrases=\"11\">\u0160ios\u00a0 \u017evaig\u017ed\u016bn\u0117s \u017eiedai\u00a0 \u0161velnios prislopintos ro\u017ein\u0117s spalvos. Besiskleid\u017eiantis \u017eiedo centras ry\u0161kesnis, v\u0117liau i\u0161\u0161vies\u0117ja, pilnai i\u0161siskleidusio\u00a0 \u017eiedo pagalv\u0117l\u0119 puo\u0161ia ma\u017ey\u010diai \u012f smeigtukus pana\u0161\u016bs\u00a0 balti kuokeliai. Ilgi tvirti stiebai tinkami skynimui. Dygimo laikas: 7-14 d. Dygsta prie 20\u00b0C. S\u0117ja pradedama kov\u0105, namie. Daigai i\u0161sodinami pra\u0117jus \u0161aln\u0173 pavojui.\u00a0<\/span><\/span><\/p>\n","protected":false},"excerpt":{"rendered":"<div>Scabiosa atropurpurea<\/div>\n<div><strong>Gamintojas:\u00a0<\/strong>Olandija<\/div>\n<div><strong>Grup\u0117:<\/strong> Vienmet\u0117<\/div>\n<div><strong>Kiekis pakelyje:<\/strong> 50 s\u0117kl\u0173<\/div>\n<div><strong>Auk\u0161tis cm: <\/strong>90<\/div>\n<div><strong>S\u0117ti m\u0117n.:<\/strong> III-IV, V<\/div>\n<div><strong>Vieta:<\/strong> saul\u0117ta-pav\u0117sis<\/div>\n<div><strong>Dirva:<\/strong> \u012fvairi, neutrali<\/div>\n","protected":false},"featured_media":43035,"comment_status":"open","ping_status":"closed","template":"","meta":{"jetpack_publicize_message":"","jetpack_publicize_feature_enabled":true,"jetpack_social_post_already_shared":true,"jetpack_social_options":{"image_generator_settings":{"template":"highway","default_image_id":0,"font":"","enabled":false},"version":2}},"product_brand":[],"product_cat":[99,128,287,42],"product_tag":[207,52,51,317,178],"class_list":{"0":"post-43034","1":"product","2":"type-product","3":"status-publish","4":"has-post-thumbnail","6":"product_cat-naujos-prekes","7":"product_cat-vienmeciu-geliu-seklos","8":"product_cat-zvaigzdunes","9":"product_cat-seklos","10":"product_tag-scabiosa","11":"product_tag-seeds","12":"product_tag-seklos","13":"product_tag-skynimas","14":"product_tag-zvaigzdune","15":"product_shipping_class-seklos","17":"first","18":"instock","19":"shipping-taxable","20":"purchasable","21":"product-type-simple"},"jetpack_publicize_connections":[],"jetpack_sharing_enabled":true,"_links":{"self":[{"href":"https:\/\/geliurasa.lt\/index.php\/wp-json\/wp\/v2\/product\/43034","targetHints":{"allow":["GET"]}}],"collection":[{"href":"https:\/\/geliurasa.lt\/index.php\/wp-json\/wp\/v2\/product"}],"about":[{"href":"https:\/\/geliurasa.lt\/index.php\/wp-json\/wp\/v2\/types\/product"}],"replies":[{"embeddable":true,"href":"https:\/\/geliurasa.lt\/index.php\/wp-json\/wp\/v2\/comments?post=43034"}],"wp:featuredmedia":[{"embeddable":true,"href":"https:\/\/geliurasa.lt\/index.php\/wp-json\/wp\/v2\/media\/43035"}],"wp:attachment":[{"href":"https:\/\/geliurasa.lt\/index.php\/wp-json\/wp\/v2\/media?parent=43034"}],"wp:term":[{"taxonomy":"product_brand","embeddable":true,"href":"https:\/\/geliurasa.lt\/index.php\/wp-json\/wp\/v2\/product_brand?post=43034"},{"taxonomy":"product_cat","embeddable":true,"href":"https:\/\/geliurasa.lt\/index.php\/wp-json\/wp\/v2\/product_cat?post=43034"},{"taxonomy":"product_tag","embeddable":true,"href":"https:\/\/geliurasa.lt\/index.php\/wp-json\/wp\/v2\/product_tag?post=43034"}],"curies":[{"name":"wp","href":"https:\/\/api.w.org\/{rel}","templated":true}]}}