{"id":43391,"date":"2025-07-30T21:00:09","date_gmt":"2025-07-30T18:00:09","guid":{"rendered":"https:\/\/geliurasa.lt\/?post_type=product&#038;p=43391"},"modified":"2026-03-03T20:47:16","modified_gmt":"2026-03-03T18:47:16","slug":"klemalis-gumbinis-milkmaid","status":"publish","type":"product","link":"https:\/\/geliurasa.lt\/index.php\/produktas\/klemalis-gumbinis-milkmaid\/","title":{"rendered":"Klemalis gumbinis Milkmaid"},"content":{"rendered":"<p>Dekoratyvus ir\u00a0 tinkamas skynimui klemalis. Kotelio vir\u0161uje susitelk\u0119 ma\u017ei\u00a0 balti \u017eiedeliai, \u017eyd\u0117jimo eigoje tampa\u00a0 kreminiai.<\/p>\n<p>Prie\u0161 s\u0117j\u0105, s\u0117kl\u0173 pakel\u012f palaikyti \u0161aldiklyje 2 savaites.\u00a0 S\u0117klas s\u0117jant u\u017eberti tik plonu \u017eem\u0117s sluoksniu arba vermikulitu. Dygsta \u0161viesoje ir \u0161ilumoje +20-25\u00b0C . Laikyti dr\u0117gnai.<\/p>\n<p>&nbsp;<\/p>\n","protected":false},"excerpt":{"rendered":"<div>\n<div>Asclepias incarnata<\/div>\n<div><strong>Gamintojas:\u00a0<\/strong>Olandija<\/div>\n<div><strong>Grup\u0117: <\/strong>daugiametis<\/div>\n<div><strong>Kiekis pakelyje:<\/strong> 30 s\u0117kl\u0173 \u2248 0,2g<\/div>\n<div><strong>Auk\u0161tis cm:<\/strong> 70-100<\/div>\n<div><strong>S\u0117ti m\u0117n.:<\/strong> III- IV<\/div>\n<div><strong>Vieta:<\/strong> saul\u0117ta, dalinis pav\u0117sis<\/div>\n<div><strong>Dirva: <\/strong>neutrali,<\/div>\n<\/div>\n<div><strong>Klimato zonos: <\/strong>\u00a03 &#8211; 9<\/div>\n","protected":false},"featured_media":43429,"comment_status":"open","ping_status":"closed","template":"","meta":{"jetpack_publicize_message":"","jetpack_publicize_feature_enabled":true,"jetpack_social_post_already_shared":true,"jetpack_social_options":{"image_generator_settings":{"template":"highway","default_image_id":0,"font":"","enabled":false},"version":2}},"product_brand":[],"product_cat":[126,352,99,42],"product_tag":[195,52,51],"class_list":{"0":"post-43391","1":"product","2":"type-product","3":"status-publish","4":"has-post-thumbnail","6":"product_cat-daugiameciu-geliu-seklos","7":"product_cat-klemaliai","8":"product_cat-naujos-prekes","9":"product_cat-seklos","10":"product_tag-klemalis","11":"product_tag-seeds","12":"product_tag-seklos","13":"product_shipping_class-seklos","15":"first","16":"instock","17":"shipping-taxable","18":"purchasable","19":"product-type-simple"},"jetpack_publicize_connections":[],"jetpack_sharing_enabled":true,"_links":{"self":[{"href":"https:\/\/geliurasa.lt\/index.php\/wp-json\/wp\/v2\/product\/43391","targetHints":{"allow":["GET"]}}],"collection":[{"href":"https:\/\/geliurasa.lt\/index.php\/wp-json\/wp\/v2\/product"}],"about":[{"href":"https:\/\/geliurasa.lt\/index.php\/wp-json\/wp\/v2\/types\/product"}],"replies":[{"embeddable":true,"href":"https:\/\/geliurasa.lt\/index.php\/wp-json\/wp\/v2\/comments?post=43391"}],"wp:featuredmedia":[{"embeddable":true,"href":"https:\/\/geliurasa.lt\/index.php\/wp-json\/wp\/v2\/media\/43429"}],"wp:attachment":[{"href":"https:\/\/geliurasa.lt\/index.php\/wp-json\/wp\/v2\/media?parent=43391"}],"wp:term":[{"taxonomy":"product_brand","embeddable":true,"href":"https:\/\/geliurasa.lt\/index.php\/wp-json\/wp\/v2\/product_brand?post=43391"},{"taxonomy":"product_cat","embeddable":true,"href":"https:\/\/geliurasa.lt\/index.php\/wp-json\/wp\/v2\/product_cat?post=43391"},{"taxonomy":"product_tag","embeddable":true,"href":"https:\/\/geliurasa.lt\/index.php\/wp-json\/wp\/v2\/product_tag?post=43391"}],"curies":[{"name":"wp","href":"https:\/\/api.w.org\/{rel}","templated":true}]}}