{"id":43520,"date":"2025-09-15T13:51:06","date_gmt":"2025-09-15T10:51:06","guid":{"rendered":"https:\/\/geliurasa.lt\/?post_type=product&#038;p=43520"},"modified":"2026-03-23T09:43:32","modified_gmt":"2026-03-23T07:43:32","slug":"kalifornijos-aguona-esolcija-bush-rose","status":"publish","type":"product","link":"https:\/\/geliurasa.lt\/index.php\/produktas\/kalifornijos-aguona-esolcija-bush-rose\/","title":{"rendered":"Kalifornijos aguona e\u0161olcija Bush Rose"},"content":{"rendered":"<p>Ry\u0161ki ro\u017ein\u0117 su karminiu atspalviu, gausiai \u017eydinti, kuok\u0161tin\u0117 e\u0161olcija. E\u0161olcijos yra sausros m\u0117g\u0117jos, klesti saul\u0117s atokaitoje. Ir netoleruoja per dr\u0117gnos dirvos. Nak\u010diai, ir debesuotu oru \u017eiedlapiai susiskleid\u017eia. Tod\u0117l jos dar vadinamos liepsnos g\u0117l\u0117mis. Gali augti skurdesn\u0117je dirvoje, prie\u017ei\u016bros nereikalaujan\u010dios g\u0117l\u0117s. Tinkamos skynimui.<\/p>\n<p>S\u0117jamos tiesiai \u012f dirv\u0105 i\u0161kart po paskutini\u0173 \u0161aln\u0173, vos pridengiant plonu \u017eem\u0117s sluoksniu. Dygsta prie 15 \u00b0C, tamsoje. Nors toleruoja sausr\u0105, dygimui reikalinga dr\u0117gm\u0117. Jei bus auginamos vazone, reikalingas geras drena\u017eas. Galima\u00a0 dirvo\u017eem\u012f mai\u0161yti su sm\u0117liu.<\/p>\n<p>&nbsp;<\/p>\n","protected":false},"excerpt":{"rendered":"<div>Eschscholzia californica<\/div>\n<div><strong>Gamintojas:\u00a0<\/strong>Olandija<\/div>\n<div><strong>Grup\u0117:<\/strong>\u00a0Vienmet\u0117<\/div>\n<div><strong>Kiekis pakelyje:<\/strong> 0,3g<\/div>\n<div><strong>Auk\u0161tis cm: <\/strong>20<\/div>\n<div><strong>S\u0117ti m\u0117n.: <\/strong>IV-V<\/div>\n<div><strong>Vieta:<\/strong> saul\u0117ta<\/div>\n<div><strong>Dirva:<\/strong> dr\u0117gmei laidi<\/div>\n","protected":false},"featured_media":43521,"comment_status":"open","ping_status":"closed","template":"","meta":{"jetpack_publicize_message":"","jetpack_publicize_feature_enabled":true,"jetpack_social_post_already_shared":true,"jetpack_social_options":{"image_generator_settings":{"template":"highway","default_image_id":0,"font":"","enabled":false},"version":2}},"product_brand":[],"product_cat":[262,99,128,42],"product_tag":[263,52,51],"class_list":{"0":"post-43520","1":"product","2":"type-product","3":"status-publish","4":"has-post-thumbnail","6":"product_cat-esolcijos","7":"product_cat-naujos-prekes","8":"product_cat-vienmeciu-geliu-seklos","9":"product_cat-seklos","10":"product_tag-esolcija","11":"product_tag-seeds","12":"product_tag-seklos","13":"product_shipping_class-seklos","15":"first","16":"instock","17":"shipping-taxable","18":"purchasable","19":"product-type-simple"},"jetpack_publicize_connections":[],"jetpack_sharing_enabled":true,"_links":{"self":[{"href":"https:\/\/geliurasa.lt\/index.php\/wp-json\/wp\/v2\/product\/43520","targetHints":{"allow":["GET"]}}],"collection":[{"href":"https:\/\/geliurasa.lt\/index.php\/wp-json\/wp\/v2\/product"}],"about":[{"href":"https:\/\/geliurasa.lt\/index.php\/wp-json\/wp\/v2\/types\/product"}],"replies":[{"embeddable":true,"href":"https:\/\/geliurasa.lt\/index.php\/wp-json\/wp\/v2\/comments?post=43520"}],"wp:featuredmedia":[{"embeddable":true,"href":"https:\/\/geliurasa.lt\/index.php\/wp-json\/wp\/v2\/media\/43521"}],"wp:attachment":[{"href":"https:\/\/geliurasa.lt\/index.php\/wp-json\/wp\/v2\/media?parent=43520"}],"wp:term":[{"taxonomy":"product_brand","embeddable":true,"href":"https:\/\/geliurasa.lt\/index.php\/wp-json\/wp\/v2\/product_brand?post=43520"},{"taxonomy":"product_cat","embeddable":true,"href":"https:\/\/geliurasa.lt\/index.php\/wp-json\/wp\/v2\/product_cat?post=43520"},{"taxonomy":"product_tag","embeddable":true,"href":"https:\/\/geliurasa.lt\/index.php\/wp-json\/wp\/v2\/product_tag?post=43520"}],"curies":[{"name":"wp","href":"https:\/\/api.w.org\/{rel}","templated":true}]}}