{"id":43580,"date":"2025-09-22T07:07:43","date_gmt":"2025-09-22T04:07:43","guid":{"rendered":"https:\/\/geliurasa.lt\/?post_type=product&#038;p=43580"},"modified":"2026-03-28T16:32:30","modified_gmt":"2026-03-28T14:32:30","slug":"vasarinis-didysis-flioksas-creme-brulee","status":"publish","type":"product","link":"https:\/\/geliurasa.lt\/index.php\/produktas\/vasarinis-didysis-flioksas-creme-brulee\/","title":{"rendered":"Vasarinis  didysis flioksas Creme Brulee"},"content":{"rendered":"<p><span class=\"jCAhz ChMk0b\"><span class=\"ryNqvb\">Labai gra\u017eus &#8211; Creme Brulee flioksas, tai tamsiai pastelini\u0173 ro\u017eini\u0173 ir persikini\u0173 kremini\u0173 atspalvi\u0173 \u017eied\u0173 kek\u0117s. \u017diedlapi\u0173 centre yra gra\u017eus kontrastingas \u017evaig\u017ed\u0117s formos ra\u0161tas, i\u0161margintas \u012fvairaus intensyvumo dry\u017eiais ir gyslel\u0117mis. Br\u0119stant \u017eiedams, spalvos kei\u010diasi. \u017dydi <\/span><\/span><span class=\"jCAhz ChMk0b\"><span class=\"ryNqvb\">vis\u0105 sezon\u0105, iki\u00a0 rudens.<\/span><\/span> Stiebai auk\u0161ti<span class=\"jCAhz ChMk0b\"><span class=\"ryNqvb\">, tod\u0117l labai tinkami skinti, puikiai laikosi vazoje, savait\u0119 ir ilgiau. Kuo labiau skini,\u00a0 tuo daugiau \u017eydi. Puikus pasirinkimas ap\u017eeldinti vazonams, gra\u017eiai nusvyra. \u0160is universalus flioksas\u00a0 nuostabiai atrodo, kad ir kur j\u012f pasodintum\u0117te.<\/span><\/span><\/p>\n<p>Geriausia s\u0117klas s\u0117ti kov\u0105. Augalams dygti reikia tamsos. Pas\u0117jus ant indo u\u017ed\u0117ti neper\u0161vie\u010diam\u0105 dangtel\u012f. Kad gaut\u0173 oro, kasdien reikia v\u0117dinti ir tikrinti, ar sudygo. Kai tik sudygsta, ne\u0161ti \u012f \u0161vies\u0105. Po paskutini\u0173 \u0161aln\u0173\u00a0 daigus sodinti 20 cm atstumu vienas nuo kito.<\/p>\n<p>&nbsp;<\/p>\n","protected":false},"excerpt":{"rendered":"<div>Phlox drummondii grandiflora<\/div>\n<div><strong>Gamintojas:\u00a0<\/strong>Olandija<\/div>\n<div><strong>Grup\u0117:<\/strong> Vienmet\u0117<\/div>\n<div><strong>Kiekis pakelyje:<\/strong> 0,3 g<\/div>\n<div><strong>Auk\u0161tis cm:<\/strong> 40-60<\/div>\n<div><strong>S\u0117ti m\u0117n.:<\/strong> II-IV<\/div>\n<div><strong>Vieta:<\/strong> saul\u0117ta-pav\u0117sis<\/div>\n<div><strong>Dirva:<\/strong> \u012fvairi, neutrali<\/div>\n","protected":false},"featured_media":43585,"comment_status":"open","ping_status":"closed","template":"","meta":{"jetpack_publicize_message":"","jetpack_publicize_feature_enabled":true,"jetpack_social_post_already_shared":true,"jetpack_social_options":{"image_generator_settings":{"template":"highway","default_image_id":0,"font":"","enabled":false},"version":2}},"product_brand":[],"product_cat":[320,99,128,42],"product_tag":[118,117,52,51],"class_list":{"0":"post-43580","1":"product","2":"type-product","3":"status-publish","4":"has-post-thumbnail","6":"product_cat-flioksai","7":"product_cat-naujos-prekes","8":"product_cat-vienmeciu-geliu-seklos","9":"product_cat-seklos","10":"product_tag-flioksas","11":"product_tag-phlox","12":"product_tag-seeds","13":"product_tag-seklos","14":"product_shipping_class-seklos","16":"first","17":"instock","18":"shipping-taxable","19":"purchasable","20":"product-type-simple"},"jetpack_publicize_connections":[],"jetpack_sharing_enabled":true,"_links":{"self":[{"href":"https:\/\/geliurasa.lt\/index.php\/wp-json\/wp\/v2\/product\/43580","targetHints":{"allow":["GET"]}}],"collection":[{"href":"https:\/\/geliurasa.lt\/index.php\/wp-json\/wp\/v2\/product"}],"about":[{"href":"https:\/\/geliurasa.lt\/index.php\/wp-json\/wp\/v2\/types\/product"}],"replies":[{"embeddable":true,"href":"https:\/\/geliurasa.lt\/index.php\/wp-json\/wp\/v2\/comments?post=43580"}],"wp:featuredmedia":[{"embeddable":true,"href":"https:\/\/geliurasa.lt\/index.php\/wp-json\/wp\/v2\/media\/43585"}],"wp:attachment":[{"href":"https:\/\/geliurasa.lt\/index.php\/wp-json\/wp\/v2\/media?parent=43580"}],"wp:term":[{"taxonomy":"product_brand","embeddable":true,"href":"https:\/\/geliurasa.lt\/index.php\/wp-json\/wp\/v2\/product_brand?post=43580"},{"taxonomy":"product_cat","embeddable":true,"href":"https:\/\/geliurasa.lt\/index.php\/wp-json\/wp\/v2\/product_cat?post=43580"},{"taxonomy":"product_tag","embeddable":true,"href":"https:\/\/geliurasa.lt\/index.php\/wp-json\/wp\/v2\/product_tag?post=43580"}],"curies":[{"name":"wp","href":"https:\/\/api.w.org\/{rel}","templated":true}]}}