{"id":43590,"date":"2025-09-22T22:39:24","date_gmt":"2025-09-22T19:39:24","guid":{"rendered":"https:\/\/geliurasa.lt\/?post_type=product&#038;p=43590"},"modified":"2026-03-22T16:02:48","modified_gmt":"2026-03-22T14:02:48","slug":"paprastoji-kosmeja-versailles-pink","status":"publish","type":"product","link":"https:\/\/geliurasa.lt\/index.php\/produktas\/paprastoji-kosmeja-versailles-pink\/","title":{"rendered":"Paprastoji kosm\u0117ja Versailles Pink"},"content":{"rendered":"<p>Dideli,ry\u0161kiai rausvi \u017eiedai. Stiebai itin tvirti, kosm\u0117jos Versailles tipo \u017eiedai \u017ei\u016bri \u012f vir\u0161\u0173. \u017dydi ilgai ir gausiai, vis\u0105 vasar\u0105. Lengva pri\u017ei\u016br\u0117ti. Tinka auginti grup\u0117mis su kitomis auk\u0161ta\u016bg\u0117mis g\u0117l\u0117mis, mi\u0161riuose g\u0117lynuose. I\u0161 kosm\u0117j\u0173 galima daryti gyvatvor\u0119, u\u017e j\u0173 galima pasl\u0117pti nesimpati\u0161kas sodo vietas.<\/p>\n","protected":false},"excerpt":{"rendered":"<div>Cosmos bipinnatus<\/div>\n<div><strong>Gamintojas:\u00a0<\/strong>Olandija<\/div>\n<div><strong>Grup\u0117:<\/strong> Vienmet\u0117<\/div>\n<div><strong>Kiekis pakelyje:<\/strong> 0.3g<\/div>\n<div><strong>Auk\u0161tis cm: <\/strong>110<\/div>\n<div><strong>S\u0117ti m\u0117n.:<\/strong> III-V<\/div>\n<div><strong>Vieta:<\/strong> saul\u0117ta-pav\u0117sis<\/div>\n<div><strong>Dirva:<\/strong> \u012fvairi<\/div>\n","protected":false},"featured_media":43793,"comment_status":"open","ping_status":"closed","template":"","meta":{"jetpack_publicize_message":"","jetpack_publicize_feature_enabled":true,"jetpack_social_post_already_shared":true,"jetpack_social_options":{"image_generator_settings":{"template":"highway","default_image_id":0,"font":"","enabled":false},"version":2}},"product_brand":[],"product_cat":[120,42,128],"product_tag":[122,121,52,51],"class_list":{"0":"post-43590","1":"product","2":"type-product","3":"status-publish","4":"has-post-thumbnail","6":"product_cat-kosmeja","7":"product_cat-seklos","8":"product_cat-vienmeciu-geliu-seklos","9":"product_tag-cosmos","10":"product_tag-kosmeja","11":"product_tag-seeds","12":"product_tag-seklos","13":"product_shipping_class-seklos","15":"first","16":"instock","17":"shipping-taxable","18":"purchasable","19":"product-type-simple"},"jetpack_publicize_connections":[],"jetpack_sharing_enabled":true,"_links":{"self":[{"href":"https:\/\/geliurasa.lt\/index.php\/wp-json\/wp\/v2\/product\/43590","targetHints":{"allow":["GET"]}}],"collection":[{"href":"https:\/\/geliurasa.lt\/index.php\/wp-json\/wp\/v2\/product"}],"about":[{"href":"https:\/\/geliurasa.lt\/index.php\/wp-json\/wp\/v2\/types\/product"}],"replies":[{"embeddable":true,"href":"https:\/\/geliurasa.lt\/index.php\/wp-json\/wp\/v2\/comments?post=43590"}],"wp:featuredmedia":[{"embeddable":true,"href":"https:\/\/geliurasa.lt\/index.php\/wp-json\/wp\/v2\/media\/43793"}],"wp:attachment":[{"href":"https:\/\/geliurasa.lt\/index.php\/wp-json\/wp\/v2\/media?parent=43590"}],"wp:term":[{"taxonomy":"product_brand","embeddable":true,"href":"https:\/\/geliurasa.lt\/index.php\/wp-json\/wp\/v2\/product_brand?post=43590"},{"taxonomy":"product_cat","embeddable":true,"href":"https:\/\/geliurasa.lt\/index.php\/wp-json\/wp\/v2\/product_cat?post=43590"},{"taxonomy":"product_tag","embeddable":true,"href":"https:\/\/geliurasa.lt\/index.php\/wp-json\/wp\/v2\/product_tag?post=43590"}],"curies":[{"name":"wp","href":"https:\/\/api.w.org\/{rel}","templated":true}]}}