{"id":43733,"date":"2025-11-19T11:41:09","date_gmt":"2025-11-19T09:41:09","guid":{"rendered":"https:\/\/geliurasa.lt\/?post_type=product&#038;p=43733"},"modified":"2026-04-02T10:15:27","modified_gmt":"2026-04-02T07:15:27","slug":"rugiagele-ball-white","status":"publish","type":"product","link":"https:\/\/geliurasa.lt\/index.php\/produktas\/rugiagele-ball-white\/","title":{"rendered":"Rugiag\u0117l\u0117 Ball  White"},"content":{"rendered":"<p>Auk\u0161ta balta\u00a0 rugiag\u0117l\u0117, puikiai sukutianti kontrast\u0105 kit\u0173 spalv\u0173 rugiag\u0117l\u0117ms. Kartais \u017eiedo centre gali b\u016bti rausvos spalvos atspalvis, ar gelsvos. \u017diedlapiai\u00a0 tinka d\u017eiovinti konfeti gamybai. Taip pat yra valgomi.<\/p>\n<p>Pamerktos ilgai \u017eydi vazoje, i\u0161siskleid\u017eia net nepra\u017eyd\u0119 pumpurai. Nereiklios, paken\u010dia sausr\u0105. S\u0117ti galima ankstyv\u0105 pavasar\u012f.\u00a0 A\u0161 esu s\u0117jusi vasario, kovo m\u0117nesiais, tuo metu \u017eem\u0117 buvo mink\u0161ta,\u00a0 puikiausiai u\u017eaugo. Anks\u010diau pas\u0117tos suformuoja didesnius keriukus. S\u0117jimas pavir\u0161inis, \u0161iek tiek u\u017epilant \u017eeme. Rugiag\u0117l\u0117s s\u0117jasi, tod\u0117l b\u016btina i\u0161rauti bebaigiant \u017eyd\u0117ti ir i\u0161ne\u0161ti. Arba s\u0117ti kur netrukdo. Taip pat galima s\u0117ti ruden\u012f, o jei mink\u0161ta \u017eem\u0117 net iki gruod\u017eio. Nuostabiai atrodo pas\u0117tos paprast\u0173 g\u0117li\u0173 pievel\u0117se.<\/p>\n<p>&nbsp;<\/p>\n","protected":false},"excerpt":{"rendered":"<div><em>centaurea cyanus<\/em><\/div>\n<div><strong>Gamintojas:\u00a0<\/strong>Olandija<\/div>\n<div><strong>Grup\u0117:<\/strong>\u00a0Vienmet\u0117<\/div>\n<div><strong>Kiekis pakelyje:<\/strong> 1 g \u2248 220 s\u0117kl\u0173<\/div>\n<div><strong>Auk\u0161tis cm: <\/strong>80-100<\/div>\n<div><strong>S\u0117ti m\u0117n.: <\/strong>III-V lauke, IX-XII ruden\u012f lauke<\/div>\n<div><strong>Vieta:<\/strong> saul\u0117ta, dalinis pav\u0117sis<\/div>\n<div><strong>Dirva:<\/strong> \u012fvairi<\/div>\n","protected":false},"featured_media":43736,"comment_status":"open","ping_status":"closed","template":"","meta":{"jetpack_publicize_message":"","jetpack_publicize_feature_enabled":true,"jetpack_social_post_already_shared":true,"jetpack_social_options":{"image_generator_settings":{"template":"highway","default_image_id":0,"font":"","enabled":false},"version":2}},"product_brand":[],"product_cat":[99,333,128,42],"product_tag":[233,334,52,51],"class_list":{"0":"post-43733","1":"product","2":"type-product","3":"status-publish","4":"has-post-thumbnail","6":"product_cat-naujos-prekes","7":"product_cat-rugiageles","8":"product_cat-vienmeciu-geliu-seklos","9":"product_cat-seklos","10":"product_tag-centaurea","11":"product_tag-rugiagele","12":"product_tag-seeds","13":"product_tag-seklos","14":"product_shipping_class-seklos","16":"first","17":"instock","18":"shipping-taxable","19":"purchasable","20":"product-type-simple"},"jetpack_publicize_connections":[],"jetpack_sharing_enabled":true,"_links":{"self":[{"href":"https:\/\/geliurasa.lt\/index.php\/wp-json\/wp\/v2\/product\/43733","targetHints":{"allow":["GET"]}}],"collection":[{"href":"https:\/\/geliurasa.lt\/index.php\/wp-json\/wp\/v2\/product"}],"about":[{"href":"https:\/\/geliurasa.lt\/index.php\/wp-json\/wp\/v2\/types\/product"}],"replies":[{"embeddable":true,"href":"https:\/\/geliurasa.lt\/index.php\/wp-json\/wp\/v2\/comments?post=43733"}],"wp:featuredmedia":[{"embeddable":true,"href":"https:\/\/geliurasa.lt\/index.php\/wp-json\/wp\/v2\/media\/43736"}],"wp:attachment":[{"href":"https:\/\/geliurasa.lt\/index.php\/wp-json\/wp\/v2\/media?parent=43733"}],"wp:term":[{"taxonomy":"product_brand","embeddable":true,"href":"https:\/\/geliurasa.lt\/index.php\/wp-json\/wp\/v2\/product_brand?post=43733"},{"taxonomy":"product_cat","embeddable":true,"href":"https:\/\/geliurasa.lt\/index.php\/wp-json\/wp\/v2\/product_cat?post=43733"},{"taxonomy":"product_tag","embeddable":true,"href":"https:\/\/geliurasa.lt\/index.php\/wp-json\/wp\/v2\/product_tag?post=43733"}],"curies":[{"name":"wp","href":"https:\/\/api.w.org\/{rel}","templated":true}]}}