{"id":43737,"date":"2025-11-20T21:22:00","date_gmt":"2025-11-20T19:22:00","guid":{"rendered":"https:\/\/geliurasa.lt\/?post_type=product&#038;p=43737"},"modified":"2026-04-02T10:15:27","modified_gmt":"2026-04-02T07:15:27","slug":"eustoma-arena-iii-pink-flash","status":"publish","type":"product","link":"https:\/\/geliurasa.lt\/index.php\/produktas\/eustoma-arena-iii-pink-flash\/","title":{"rendered":"Eustoma Arena III Pink Flash"},"content":{"rendered":"<p>Eustom\u0173 serija Arena III pasi\u017eymi ankstyvesniu \u017eyd\u0117jimu, auk\u0161tos kokyb\u0117s pilnaviduriais \u017eiedais su storais \u017eiedlapiais ant stipri\u0173 ir tvirt\u0173 stieb\u0173. D<span dir=\"auto\">ideli dar nei\u0161siskleid\u0119 pumpurai vir\u0161uje padidina stieb\u0173 patrauklum\u0105.<\/span><\/p>\n<p>S\u0117klos labai ma\u017eos, s\u0117jamos pavir\u0161iuje. M\u0117gsta lengv\u0105, dr\u0117gmei laid\u0173, derling\u0105 dirvo\u017eem\u012f. Dygimui reikalinga \u0161viesa. Sudygsta per 2 savaites, prie 22-24\u00b0C. Apsaugai nuo lig\u0173 galima pabarstyti pelenais, ir joms nepatinka r\u016bg\u0161ti dirva, pelenai\u00a0 papildomai neutralizuos dirvos r\u016bg\u0161tingum\u0105. Eustom\u0173 daigams reikia ma\u017eiausiai 13 val. \u0161viesos. Tod\u0117l, patariama naudoti augal\u0173 auginimo lempas.\u00a0 \u00a0Vandens perteklius kenksmingas.\u00a0 Daigeli\u0173 \u0161aknys labai trapios, labai reikia saugoti persodinant. Tai \u0161ilum\u0105 ir \u0161vies\u0105 m\u0117gstantys augalai. Auginamos \u0161iltnamyje, vazonuose, namie, bet gali augti\u00a0 ir lauke. Vietos daug neu\u017eima, \u012f 1m\u00b2 telpa 65-95 daigai, priklausomai, kokiam tikslui auginama. Lauke ne\u017eiemoja. \u017diemoja +10\u00b0C patalpoje. Vasario m\u0117nes\u012f pad\u0117jus ant palang\u0117s, prad\u0117s augti.<\/p>\n","protected":false},"excerpt":{"rendered":"<div>Eustoma\u00a0\u00a0<span class=\"hl_product_species\">grandiflorum<\/span>\u00a0\u00a0F1<\/div>\n<div><strong>Gamintojas:\u00a0<\/strong>Olandija<\/div>\n<div><strong>Grup\u0117:<\/strong> vienmet\u0117 &#8211; daugiamet\u0117 (patalpoje)<\/div>\n<div><strong>Kiekis pakelyje: <\/strong>10 s\u0117kl\u0173<\/div>\n<div><strong>Auk\u0161tis cm: <\/strong>70-90<\/div>\n<div><strong>S\u0117ti m\u0117n.: <\/strong>I-XII<\/div>\n<div><strong>Vieta:<\/strong> saul\u0117ta<\/div>\n<div><strong>Dirva:<\/strong> humusinga, laidi, derlinga<\/div>\n","protected":false},"featured_media":43739,"comment_status":"open","ping_status":"closed","template":"","meta":{"jetpack_publicize_message":"","jetpack_publicize_feature_enabled":true,"jetpack_social_post_already_shared":true,"jetpack_social_options":{"image_generator_settings":{"template":"highway","default_image_id":0,"font":"","enabled":false},"version":2}},"product_brand":[],"product_cat":[223,99,128,42],"product_tag":[145,221,52,51,317],"class_list":{"0":"post-43737","1":"product","2":"type-product","3":"status-publish","4":"has-post-thumbnail","6":"product_cat-eustomos","7":"product_cat-naujos-prekes","8":"product_cat-vienmeciu-geliu-seklos","9":"product_cat-seklos","10":"product_tag-eustoma","11":"product_tag-lisianthus","12":"product_tag-seeds","13":"product_tag-seklos","14":"product_tag-skynimas","15":"product_shipping_class-seklos","17":"first","18":"instock","19":"shipping-taxable","20":"purchasable","21":"product-type-simple"},"jetpack_publicize_connections":[],"jetpack_sharing_enabled":true,"_links":{"self":[{"href":"https:\/\/geliurasa.lt\/index.php\/wp-json\/wp\/v2\/product\/43737","targetHints":{"allow":["GET"]}}],"collection":[{"href":"https:\/\/geliurasa.lt\/index.php\/wp-json\/wp\/v2\/product"}],"about":[{"href":"https:\/\/geliurasa.lt\/index.php\/wp-json\/wp\/v2\/types\/product"}],"replies":[{"embeddable":true,"href":"https:\/\/geliurasa.lt\/index.php\/wp-json\/wp\/v2\/comments?post=43737"}],"wp:featuredmedia":[{"embeddable":true,"href":"https:\/\/geliurasa.lt\/index.php\/wp-json\/wp\/v2\/media\/43739"}],"wp:attachment":[{"href":"https:\/\/geliurasa.lt\/index.php\/wp-json\/wp\/v2\/media?parent=43737"}],"wp:term":[{"taxonomy":"product_brand","embeddable":true,"href":"https:\/\/geliurasa.lt\/index.php\/wp-json\/wp\/v2\/product_brand?post=43737"},{"taxonomy":"product_cat","embeddable":true,"href":"https:\/\/geliurasa.lt\/index.php\/wp-json\/wp\/v2\/product_cat?post=43737"},{"taxonomy":"product_tag","embeddable":true,"href":"https:\/\/geliurasa.lt\/index.php\/wp-json\/wp\/v2\/product_tag?post=43737"}],"curies":[{"name":"wp","href":"https:\/\/api.w.org\/{rel}","templated":true}]}}