{"id":43771,"date":"2025-11-27T22:23:16","date_gmt":"2025-11-27T20:23:16","guid":{"rendered":"https:\/\/geliurasa.lt\/?post_type=product&#038;p=43771"},"modified":"2026-03-29T13:56:28","modified_gmt":"2026-03-29T10:56:28","slug":"darzelinis-slamutis-king-size-formula-mix","status":"publish","type":"product","link":"https:\/\/geliurasa.lt\/index.php\/produktas\/darzelinis-slamutis-king-size-formula-mix\/","title":{"rendered":"Dar\u017eelinis \u0161lamutis  king size Formula Mix"},"content":{"rendered":"<p>Stambia\u017eied\u017ei\u0173 \u0161lamu\u010di\u0173 mi\u0161inys.<\/p>\n<p>S\u0117klas tik \u012fspausti \u012f dirvo\u017eem\u012f, galima u\u017epilti vermikulito, dygimui reikalinga \u0161viesa. Daigus i\u0161sodinti po \u0161aln\u0173 kas 20 cm. Dygsta 7-10 dien\u0173. Dygimo metu reikalinga dr\u0117gm\u0117. Kad daugiau i\u0161leist\u0173 stieb\u0173, kai daigeliai bus 15 cm, nuskinama vir\u0161\u016bn\u0117l\u0117.<\/p>\n<p>\u017diedai skinami\u00a0 beveik i\u0161siskleid\u0119. Prie\u0161 tai kelioms valandoms pamerkiami \u012f vanden\u012f, o tada ne\u0161ame kabinti tamsoje auk\u0161tyn kojomis, gerai prapu\u010diamoje patalpoje. Skint\u0173 g\u0119li\u0173 puok\u0161t\u0117ms skinti labiau subrendusius \u017eiedus.<\/p>\n<p>&nbsp;<\/p>\n<p>&nbsp;<\/p>\n","protected":false},"excerpt":{"rendered":"<div>Helichrysum bracteatum<\/div>\n<div><strong>Gamintojas:\u00a0<\/strong>Olandija<\/div>\n<div><strong>Grup\u0117:<\/strong>\u00a0Vienmet\u0117<\/div>\n<div><strong>Kiekis pakelyje:<\/strong> 0,4 g<\/div>\n<div><strong>Auk\u0161tis cm: <\/strong>100-120<\/div>\n<div><strong>S\u0117ti m\u0117n.:<\/strong> IV-V<\/div>\n<div><strong>Vieta:<\/strong> saul\u0117ta<\/div>\n","protected":false},"featured_media":43968,"comment_status":"open","ping_status":"closed","template":"","meta":{"jetpack_publicize_message":"","jetpack_publicize_feature_enabled":true,"jetpack_social_post_already_shared":true,"jetpack_social_options":{"image_generator_settings":{"template":"highway","default_image_id":0,"font":"","enabled":false},"version":2}},"product_brand":[],"product_cat":[99,311,128,42],"product_tag":[244,52,51,243],"class_list":{"0":"post-43771","1":"product","2":"type-product","3":"status-publish","4":"has-post-thumbnail","6":"product_cat-naujos-prekes","7":"product_cat-slamuciai","8":"product_cat-vienmeciu-geliu-seklos","9":"product_cat-seklos","10":"product_tag-helichrysum","11":"product_tag-seeds","12":"product_tag-seklos","13":"product_tag-slamutis","14":"product_shipping_class-seklos","16":"first","17":"instock","18":"shipping-taxable","19":"purchasable","20":"product-type-simple"},"jetpack_publicize_connections":[],"jetpack_sharing_enabled":true,"_links":{"self":[{"href":"https:\/\/geliurasa.lt\/index.php\/wp-json\/wp\/v2\/product\/43771","targetHints":{"allow":["GET"]}}],"collection":[{"href":"https:\/\/geliurasa.lt\/index.php\/wp-json\/wp\/v2\/product"}],"about":[{"href":"https:\/\/geliurasa.lt\/index.php\/wp-json\/wp\/v2\/types\/product"}],"replies":[{"embeddable":true,"href":"https:\/\/geliurasa.lt\/index.php\/wp-json\/wp\/v2\/comments?post=43771"}],"wp:featuredmedia":[{"embeddable":true,"href":"https:\/\/geliurasa.lt\/index.php\/wp-json\/wp\/v2\/media\/43968"}],"wp:attachment":[{"href":"https:\/\/geliurasa.lt\/index.php\/wp-json\/wp\/v2\/media?parent=43771"}],"wp:term":[{"taxonomy":"product_brand","embeddable":true,"href":"https:\/\/geliurasa.lt\/index.php\/wp-json\/wp\/v2\/product_brand?post=43771"},{"taxonomy":"product_cat","embeddable":true,"href":"https:\/\/geliurasa.lt\/index.php\/wp-json\/wp\/v2\/product_cat?post=43771"},{"taxonomy":"product_tag","embeddable":true,"href":"https:\/\/geliurasa.lt\/index.php\/wp-json\/wp\/v2\/product_tag?post=43771"}],"curies":[{"name":"wp","href":"https:\/\/api.w.org\/{rel}","templated":true}]}}