{"id":43794,"date":"2025-12-10T19:47:01","date_gmt":"2025-12-10T17:47:01","guid":{"rendered":"https:\/\/geliurasa.lt\/?post_type=product&#038;p=43794"},"modified":"2026-04-02T10:15:27","modified_gmt":"2026-04-02T07:15:27","slug":"darzeline-juodgrude-moody-blues","status":"publish","type":"product","link":"https:\/\/geliurasa.lt\/index.php\/produktas\/darzeline-juodgrude-moody-blues\/","title":{"rendered":"Dar\u017eelin\u0117 juodgr\u016bd\u0117 Moody Blues"},"content":{"rendered":"<p>Moody Blues \u017eydi ry\u0161kiai, \u012fvairiais violetininiais bei levandiniais atspalviais ant vieno kero.\u00a0 Auginimas paprastas, skynimui galima s\u0117ti per kelis kartus. O s\u0117ti lauke prad\u0117ti nuo kovo prad\u017eios iki bir\u017eelio pabaigos. \u0160ios juodgr\u016bd\u0117s labiausiai vertinama kaip ry\u0161kus, n\u0117riniuotas dekoratyvinis augalas sode, ir spalvingas \u0161vie\u017ei\u0173 ir d\u017eiovint\u0173 kompozicij\u0173 komponentas (s\u0117klin\u0117s d\u0117\u017eut\u0117s bus dry\u017euotos).Nepamainomas \u0161ven\u010di\u0173, sali\u0173 puo\u0161imui. Puok\u0161t\u0117se, \u017eied\u0173 \u017eiedlapiai nubyra po 2 -3 dien\u0173, bet lieka dekoratyvi \u017ealuma ir besiformuojan\u010dios \u017ealios d\u0117\u017eut\u0117s.<\/p>\n<p>&nbsp;<\/p>\n","protected":false},"excerpt":{"rendered":"<div>Nigella damascena<\/div>\n<div><strong>Gamintojas:\u00a0<\/strong>Olandija<\/div>\n<div><strong>Grup\u0117: <\/strong>vienmet\u0117<\/div>\n<div><strong>Kiekis pakelyje:<\/strong> 1g<\/div>\n<div><strong>Auk\u0161tis cm:<\/strong> 50-70<\/div>\n<div><strong>S\u0117ti m\u0117n.:<\/strong> III, lauke IV- V<\/div>\n<div><strong>Vieta:<\/strong> saul\u0117ta, pusiau pav\u0117sis<\/div>\n<div><strong>Dirva: <\/strong>neutrali<\/div>\n","protected":false},"featured_media":43800,"comment_status":"open","ping_status":"closed","template":"","meta":{"jetpack_publicize_message":"","jetpack_publicize_feature_enabled":true,"jetpack_social_post_already_shared":true,"jetpack_social_options":{"image_generator_settings":{"template":"highway","default_image_id":0,"font":"","enabled":false},"version":2}},"product_brand":[],"product_cat":[156,128,42],"product_tag":[158,157,52,51],"class_list":{"0":"post-43794","1":"product","2":"type-product","3":"status-publish","4":"has-post-thumbnail","6":"product_cat-juodgrudes","7":"product_cat-vienmeciu-geliu-seklos","8":"product_cat-seklos","9":"product_tag-juodgrude","10":"product_tag-nigella","11":"product_tag-seeds","12":"product_tag-seklos","13":"product_shipping_class-seklos","15":"first","16":"instock","17":"shipping-taxable","18":"purchasable","19":"product-type-simple"},"jetpack_publicize_connections":[],"jetpack_sharing_enabled":true,"_links":{"self":[{"href":"https:\/\/geliurasa.lt\/index.php\/wp-json\/wp\/v2\/product\/43794","targetHints":{"allow":["GET"]}}],"collection":[{"href":"https:\/\/geliurasa.lt\/index.php\/wp-json\/wp\/v2\/product"}],"about":[{"href":"https:\/\/geliurasa.lt\/index.php\/wp-json\/wp\/v2\/types\/product"}],"replies":[{"embeddable":true,"href":"https:\/\/geliurasa.lt\/index.php\/wp-json\/wp\/v2\/comments?post=43794"}],"wp:featuredmedia":[{"embeddable":true,"href":"https:\/\/geliurasa.lt\/index.php\/wp-json\/wp\/v2\/media\/43800"}],"wp:attachment":[{"href":"https:\/\/geliurasa.lt\/index.php\/wp-json\/wp\/v2\/media?parent=43794"}],"wp:term":[{"taxonomy":"product_brand","embeddable":true,"href":"https:\/\/geliurasa.lt\/index.php\/wp-json\/wp\/v2\/product_brand?post=43794"},{"taxonomy":"product_cat","embeddable":true,"href":"https:\/\/geliurasa.lt\/index.php\/wp-json\/wp\/v2\/product_cat?post=43794"},{"taxonomy":"product_tag","embeddable":true,"href":"https:\/\/geliurasa.lt\/index.php\/wp-json\/wp\/v2\/product_tag?post=43794"}],"curies":[{"name":"wp","href":"https:\/\/api.w.org\/{rel}","templated":true}]}}