{"id":43850,"date":"2025-12-31T22:37:43","date_gmt":"2025-12-31T20:37:43","guid":{"rendered":"https:\/\/geliurasa.lt\/?post_type=product&#038;p=43850"},"modified":"2026-03-17T23:24:16","modified_gmt":"2026-03-17T21:24:16","slug":"kininis-ratilis-matsumoto-blue","status":"publish","type":"product","link":"https:\/\/geliurasa.lt\/index.php\/produktas\/kininis-ratilis-matsumoto-blue\/","title":{"rendered":"Kininis ratilis Matsumoto  Blue"},"content":{"rendered":"<p>\u017davingi ma\u017eais \u017eiedeliais, gra\u017eios formos ir\u00a0 ry\u0161kios spalvos, puok\u0161tiniai astrai. Ilgai laikosi vazoje.<\/p>\n<p>&nbsp;<\/p>\n","protected":false},"excerpt":{"rendered":"<p>Callistephus chinensis, Aster<\/p>\n<p>Gamintojas:\u00a0Olandija<\/p>\n<p>Grup\u0117:\u00a0Vienmet\u0117<\/p>\n<p>Kiekis pakelyje: 0,4 g<\/p>\n<p>S\u0117ja:\u00a0III-IV<\/p>\n<p>Auk\u0161tis cm: 65<\/p>\n","protected":false},"featured_media":36320,"comment_status":"open","ping_status":"closed","template":"","meta":{"jetpack_publicize_message":"","jetpack_publicize_feature_enabled":true,"jetpack_social_post_already_shared":true,"jetpack_social_options":{"image_generator_settings":{"template":"highway","default_image_id":0,"font":"","enabled":false},"version":2}},"product_brand":[],"product_cat":[136,99,128,42],"product_tag":[87,52,51],"class_list":{"0":"post-43850","1":"product","2":"type-product","3":"status-publish","4":"has-post-thumbnail","6":"product_cat-astrai-ratiliai","7":"product_cat-naujos-prekes","8":"product_cat-vienmeciu-geliu-seklos","9":"product_cat-seklos","10":"product_tag-aster","11":"product_tag-seeds","12":"product_tag-seklos","13":"product_shipping_class-seklos","15":"first","16":"instock","17":"shipping-taxable","18":"purchasable","19":"product-type-simple"},"jetpack_publicize_connections":[],"jetpack_sharing_enabled":true,"_links":{"self":[{"href":"https:\/\/geliurasa.lt\/index.php\/wp-json\/wp\/v2\/product\/43850","targetHints":{"allow":["GET"]}}],"collection":[{"href":"https:\/\/geliurasa.lt\/index.php\/wp-json\/wp\/v2\/product"}],"about":[{"href":"https:\/\/geliurasa.lt\/index.php\/wp-json\/wp\/v2\/types\/product"}],"replies":[{"embeddable":true,"href":"https:\/\/geliurasa.lt\/index.php\/wp-json\/wp\/v2\/comments?post=43850"}],"wp:featuredmedia":[{"embeddable":true,"href":"https:\/\/geliurasa.lt\/index.php\/wp-json\/wp\/v2\/media\/36320"}],"wp:attachment":[{"href":"https:\/\/geliurasa.lt\/index.php\/wp-json\/wp\/v2\/media?parent=43850"}],"wp:term":[{"taxonomy":"product_brand","embeddable":true,"href":"https:\/\/geliurasa.lt\/index.php\/wp-json\/wp\/v2\/product_brand?post=43850"},{"taxonomy":"product_cat","embeddable":true,"href":"https:\/\/geliurasa.lt\/index.php\/wp-json\/wp\/v2\/product_cat?post=43850"},{"taxonomy":"product_tag","embeddable":true,"href":"https:\/\/geliurasa.lt\/index.php\/wp-json\/wp\/v2\/product_tag?post=43850"}],"curies":[{"name":"wp","href":"https:\/\/api.w.org\/{rel}","templated":true}]}}