{"id":43861,"date":"2025-12-31T23:38:58","date_gmt":"2025-12-31T21:38:58","guid":{"rendered":"https:\/\/geliurasa.lt\/?post_type=product&#038;p=43861"},"modified":"2026-04-06T19:22:36","modified_gmt":"2026-04-06T16:22:36","slug":"kaukazinis-vaistutis-little-treasure-deep-rose","status":"publish","type":"product","link":"https:\/\/geliurasa.lt\/index.php\/produktas\/kaukazinis-vaistutis-little-treasure-deep-rose\/","title":{"rendered":"Kaukazinis vaistutis  Little Treasure Deep Rose"},"content":{"rendered":"<p><span class=\"jCAhz ChMk0b\"><span class=\"ryNqvb\">\u00a0\u0160is vaistutis auga kompakti\u0161kai, viename auk\u0161tyje ir gausiai \u017eydi. Patinka<span dir=\"auto\"> atviros, saul\u0117tos vietos, gali augti daliniame pav\u0117syje, ta\u010diau saul\u0117toje vietoje augalas tampa kompakti\u0161kesnis ir \u017eydi gausiau. Itin greitai auga. \u0160is pavasarinis nelepus augalas suteiks spalvos j\u016bs\u0173 g\u0117lynams.<\/span><\/span><\/span><\/p>\n<p><span class=\"jCAhz ChMk0b\"><span class=\"ryNqvb\">S\u0117klos s\u0117jamos pavir\u0161iuje, tik \u012fspaud\u017eiant, dygimui reikalinga \u0161viesa. Dygimas paprastai trunka 14\u201321 dien\u0105, prie 18\u201320 \u00b0C.<\/span><\/span><\/p>\n<p>&nbsp;<\/p>\n","protected":false},"excerpt":{"rendered":"<div>\n<div>Arabis caucasica<\/div>\n<div><strong>Gamintojas:\u00a0<\/strong>Olandija<\/div>\n<div><strong>Grup\u0117: <\/strong>daugiamet\u0117<\/div>\n<div><strong>Kiekis pakelyje: <\/strong>15 s\u0117kl\u0173<\/div>\n<div><strong>Auk\u0161tis cm: <\/strong>10\u201315<\/div>\n<div><strong>S\u0117ti m\u0117n.:<\/strong> II- V, IX-X<\/div>\n<div><strong>Vieta:<\/strong> saul\u0117ta, dalinis pav\u0117sis<\/div>\n<div><strong>Dirva: <\/strong>neutrali<\/div>\n<\/div>\n<div><\/div>\n","protected":false},"featured_media":43937,"comment_status":"open","ping_status":"closed","template":"","meta":{"jetpack_publicize_message":"","jetpack_publicize_feature_enabled":true,"jetpack_social_post_already_shared":true,"jetpack_social_options":{"image_generator_settings":{"template":"highway","default_image_id":0,"font":"","enabled":false},"version":2}},"product_brand":[],"product_cat":[126,42],"product_tag":[242,52,51],"class_list":{"0":"post-43861","1":"product","2":"type-product","3":"status-publish","4":"has-post-thumbnail","6":"product_cat-daugiameciu-geliu-seklos","7":"product_cat-seklos","8":"product_tag-aubrete","9":"product_tag-seeds","10":"product_tag-seklos","11":"product_shipping_class-seklos","13":"first","14":"instock","15":"shipping-taxable","16":"purchasable","17":"product-type-simple"},"jetpack_publicize_connections":[],"jetpack_sharing_enabled":true,"_links":{"self":[{"href":"https:\/\/geliurasa.lt\/index.php\/wp-json\/wp\/v2\/product\/43861","targetHints":{"allow":["GET"]}}],"collection":[{"href":"https:\/\/geliurasa.lt\/index.php\/wp-json\/wp\/v2\/product"}],"about":[{"href":"https:\/\/geliurasa.lt\/index.php\/wp-json\/wp\/v2\/types\/product"}],"replies":[{"embeddable":true,"href":"https:\/\/geliurasa.lt\/index.php\/wp-json\/wp\/v2\/comments?post=43861"}],"wp:featuredmedia":[{"embeddable":true,"href":"https:\/\/geliurasa.lt\/index.php\/wp-json\/wp\/v2\/media\/43937"}],"wp:attachment":[{"href":"https:\/\/geliurasa.lt\/index.php\/wp-json\/wp\/v2\/media?parent=43861"}],"wp:term":[{"taxonomy":"product_brand","embeddable":true,"href":"https:\/\/geliurasa.lt\/index.php\/wp-json\/wp\/v2\/product_brand?post=43861"},{"taxonomy":"product_cat","embeddable":true,"href":"https:\/\/geliurasa.lt\/index.php\/wp-json\/wp\/v2\/product_cat?post=43861"},{"taxonomy":"product_tag","embeddable":true,"href":"https:\/\/geliurasa.lt\/index.php\/wp-json\/wp\/v2\/product_tag?post=43861"}],"curies":[{"name":"wp","href":"https:\/\/api.w.org\/{rel}","templated":true}]}}