{"id":43916,"date":"2026-01-06T23:03:21","date_gmt":"2026-01-06T21:03:21","guid":{"rendered":"https:\/\/geliurasa.lt\/?post_type=product&#038;p=43916"},"modified":"2026-04-02T17:15:36","modified_gmt":"2026-04-02T14:15:36","slug":"didysis-zioveinis-opus-iii-iv","status":"publish","type":"product","link":"https:\/\/geliurasa.lt\/index.php\/produktas\/didysis-zioveinis-opus-iii-iv\/","title":{"rendered":"Didysis \u017eioveinis Opus III\/IV"},"content":{"rendered":"<p>Dar viena\u00a0 auk\u0161ta\u016bg\u0117 \u017eioveini\u0173 serija, nuo kit\u0173 skiriasi \u017eyd\u0117jimo laiku. \u017d<span dir=\"auto\">ydi v\u0117lyv\u0105 pavasar\u012f\u2013ankstyv\u0105 ruden\u012f. \u017dyd\u0117s po115 dien\u0173. Opus III\/IV puik<span class=\"jCAhz ChMk0b\"><span class=\"ryNqvb\">\u016bs skynimui,<\/span><\/span><span class=\"jCAhz ChMk0b\"><span class=\"ryNqvb\"> i\u0161augina auk\u0161tus, itin stiprius stiebus ir ilgus \u017eiedynus, kuri\u0173 \u017eiedai yra puikios kokyb\u0117s.<\/span><\/span> Kad \u017eiedynai nei\u0161virst\u0173, b\u016btinas tinklas.<\/span><\/p>\n<p>S\u0117klos dygsta 6-8 dienas, s\u0117kl\u0173 u\u017epilti nereikia, bet plonas vermikulito sluoksnis, gal\u0117t\u0173 palaikyti dr\u0117gm\u0117s lyg\u012f. Daigams i\u0161augus iki 3\u20135 tikr\u0173j\u0173 lapeli\u0173, galima auginti 10\u201314 \u00b0C temperat\u016broje nakt\u012f, o dien\u0173 16 \u00b0C temperat\u016broje. Taip pat nuskinamos vir\u0161\u016bn\u0117l\u0117s, kad \u0161akot\u0173si.<\/p>\n<p>\u017dioveiniai yra valgoma g\u0117l\u0117, bet gali b\u016bti \u0161iek tiek karti, tod\u0117l desertuose ar salotose naudokite saikingai.<\/p>\n<p>&nbsp;<\/p>\n","protected":false},"excerpt":{"rendered":"<div>Antirrhinum majus<\/div>\n<div><strong>Gamintojas:\u00a0<\/strong>Olandija<\/div>\n<div><strong>Grup\u0117:<\/strong> Vienmet\u0117<\/div>\n<div><strong>Kiekis pakelyje:<\/strong> 20 s\u0117kl\u0173<\/div>\n<div><strong>Auk\u0161tis cm:<\/strong> 100-150<\/div>\n<div><strong>S\u0117ti m\u0117n.: <\/strong>I-V<\/div>\n<div><strong>Vieta:<\/strong> saul\u0117ta, dalinis pav\u0117sis<\/div>\n<div><strong>Dirva:<\/strong> neutrali, derlinga<\/div>\n","protected":false},"featured_media":43921,"comment_status":"open","ping_status":"closed","template":"","meta":{"jetpack_publicize_message":"","jetpack_publicize_feature_enabled":true,"jetpack_social_post_already_shared":true,"jetpack_social_options":{"image_generator_settings":{"template":"highway","default_image_id":0,"font":"","enabled":false},"version":2}},"product_brand":[],"product_cat":[99,42,128,273],"product_tag":[274,52,51,206],"class_list":{"0":"post-43916","1":"product","2":"type-product","3":"status-publish","4":"has-post-thumbnail","6":"product_cat-naujos-prekes","7":"product_cat-seklos","8":"product_cat-vienmeciu-geliu-seklos","9":"product_cat-zioveiniai","10":"product_tag-antirrhinum","11":"product_tag-seeds","12":"product_tag-seklos","13":"product_tag-zioveinis","14":"product_shipping_class-seklos","16":"first","17":"instock","18":"shipping-taxable","19":"purchasable","20":"product-type-variable"},"jetpack_publicize_connections":[],"jetpack_sharing_enabled":true,"_links":{"self":[{"href":"https:\/\/geliurasa.lt\/index.php\/wp-json\/wp\/v2\/product\/43916","targetHints":{"allow":["GET"]}}],"collection":[{"href":"https:\/\/geliurasa.lt\/index.php\/wp-json\/wp\/v2\/product"}],"about":[{"href":"https:\/\/geliurasa.lt\/index.php\/wp-json\/wp\/v2\/types\/product"}],"replies":[{"embeddable":true,"href":"https:\/\/geliurasa.lt\/index.php\/wp-json\/wp\/v2\/comments?post=43916"}],"wp:featuredmedia":[{"embeddable":true,"href":"https:\/\/geliurasa.lt\/index.php\/wp-json\/wp\/v2\/media\/43921"}],"wp:attachment":[{"href":"https:\/\/geliurasa.lt\/index.php\/wp-json\/wp\/v2\/media?parent=43916"}],"wp:term":[{"taxonomy":"product_brand","embeddable":true,"href":"https:\/\/geliurasa.lt\/index.php\/wp-json\/wp\/v2\/product_brand?post=43916"},{"taxonomy":"product_cat","embeddable":true,"href":"https:\/\/geliurasa.lt\/index.php\/wp-json\/wp\/v2\/product_cat?post=43916"},{"taxonomy":"product_tag","embeddable":true,"href":"https:\/\/geliurasa.lt\/index.php\/wp-json\/wp\/v2\/product_tag?post=43916"}],"curies":[{"name":"wp","href":"https:\/\/api.w.org\/{rel}","templated":true}]}}