{"id":43940,"date":"2026-01-08T23:47:40","date_gmt":"2026-01-08T21:47:40","guid":{"rendered":"https:\/\/geliurasa.lt\/?post_type=product&#038;p=43940"},"modified":"2026-03-24T19:02:04","modified_gmt":"2026-03-24T17:02:04","slug":"miltuotasis-salavijas-victoria-blue","status":"publish","type":"product","link":"https:\/\/geliurasa.lt\/index.php\/produktas\/miltuotasis-salavijas-victoria-blue\/","title":{"rendered":"Miltuotasis \u0161alavijas Victoria Blue"},"content":{"rendered":"<div class=\"info_group\">\n<div class=\"text\">\n<p>Akcentinis augalas tiek g\u0117lyne, tiek vazone. Augalas toleruoja kar\u0161t\u012f, dr\u0117gm\u0119 ir skurd\u0173 dirvo\u017eem\u012f. \u017dydi vis\u0105 vasar\u0105 iki v\u0117lyvo rudens. Lengvai auginamas. Tinka skinti. Nors m\u016bs\u0173 klimato zonoje auga kaip vienme\u010diai, bet \u0161iuos \u0161alavijus galima i\u0161saugoti per \u017eiem\u0105 vazone, \u0161viesoje ir v\u0117sioje vietoje.<\/p>\n<p>Dygsta\u00a0 5\u201312 dien\u0173, prie 23\u201325 \u00b0C temperat\u016bros.S\u0117klos \u012fspaud\u017eiamos 0,5 cm gylyje, bet neu\u017edengti, nes dygimui reikalinga \u0161viesa. Tinka plonas sluoksnis vermikulito, dr\u0117gmei palaikyti. Daigus i\u0161sodinti pra\u0117jus \u0161aln\u0173 pavojui.<\/p>\n<p>&nbsp;<\/p>\n<\/div>\n<\/div>\n<p>&nbsp;<\/p>\n","protected":false},"excerpt":{"rendered":"<div>Salvia farinacea<\/div>\n<div><strong>Gamintojas:\u00a0<\/strong>Olandija<\/div>\n<div><strong>Grup\u0117:<\/strong> Vienmet\u0117(Lietuvoje ne\u017eiemoja)<\/div>\n<div><strong>Kiekis pakelyje:<\/strong> 30 s\u0117kl\u0173<\/div>\n<div><strong>Auk\u0161tis cm:<\/strong> 40\u201350<\/div>\n<div><strong>S\u0117ti m\u0117n.:<\/strong> III-IV<\/div>\n<div><strong>Vieta:<\/strong> saul\u0117ta, dalinis pav\u0117sis<\/div>\n<div><\/div>\n","protected":false},"featured_media":43941,"comment_status":"open","ping_status":"closed","template":"","meta":{"jetpack_publicize_message":"","jetpack_publicize_feature_enabled":true,"jetpack_social_post_already_shared":true,"jetpack_social_options":{"image_generator_settings":{"template":"highway","default_image_id":0,"font":"","enabled":false},"version":2}},"product_brand":[],"product_cat":[42,128],"product_tag":[215,214,52,51],"class_list":{"0":"post-43940","1":"product","2":"type-product","3":"status-publish","4":"has-post-thumbnail","6":"product_cat-seklos","7":"product_cat-vienmeciu-geliu-seklos","8":"product_tag-salavijas","9":"product_tag-salvia","10":"product_tag-seeds","11":"product_tag-seklos","12":"product_shipping_class-seklos","14":"first","15":"instock","16":"shipping-taxable","17":"purchasable","18":"product-type-simple"},"jetpack_publicize_connections":[],"jetpack_sharing_enabled":true,"_links":{"self":[{"href":"https:\/\/geliurasa.lt\/index.php\/wp-json\/wp\/v2\/product\/43940","targetHints":{"allow":["GET"]}}],"collection":[{"href":"https:\/\/geliurasa.lt\/index.php\/wp-json\/wp\/v2\/product"}],"about":[{"href":"https:\/\/geliurasa.lt\/index.php\/wp-json\/wp\/v2\/types\/product"}],"replies":[{"embeddable":true,"href":"https:\/\/geliurasa.lt\/index.php\/wp-json\/wp\/v2\/comments?post=43940"}],"wp:featuredmedia":[{"embeddable":true,"href":"https:\/\/geliurasa.lt\/index.php\/wp-json\/wp\/v2\/media\/43941"}],"wp:attachment":[{"href":"https:\/\/geliurasa.lt\/index.php\/wp-json\/wp\/v2\/media?parent=43940"}],"wp:term":[{"taxonomy":"product_brand","embeddable":true,"href":"https:\/\/geliurasa.lt\/index.php\/wp-json\/wp\/v2\/product_brand?post=43940"},{"taxonomy":"product_cat","embeddable":true,"href":"https:\/\/geliurasa.lt\/index.php\/wp-json\/wp\/v2\/product_cat?post=43940"},{"taxonomy":"product_tag","embeddable":true,"href":"https:\/\/geliurasa.lt\/index.php\/wp-json\/wp\/v2\/product_tag?post=43940"}],"curies":[{"name":"wp","href":"https:\/\/api.w.org\/{rel}","templated":true}]}}