{"id":43972,"date":"2026-01-12T23:09:41","date_gmt":"2026-01-12T21:09:41","guid":{"rendered":"https:\/\/geliurasa.lt\/?post_type=product&#038;p=43972"},"modified":"2026-04-06T09:47:53","modified_gmt":"2026-04-06T06:47:53","slug":"viemetis-lubinas-pink-fairy","status":"publish","type":"product","link":"https:\/\/geliurasa.lt\/index.php\/produktas\/viemetis-lubinas-pink-fairy\/","title":{"rendered":"Vienmetis lubinas Pink Fairy"},"content":{"rendered":"<p>Baltai -ro\u017einis dvispalvis vienmetis lubinas. Ne\u017eiemoja ir nesp\u0117ja pas\u00a0 mus subrandinti s\u0117kl\u0173, tod\u0117l pats\u00a0 nesis\u0117ja. Gausiai \u017eydi, j\u0173 \u017eiedynstiebiai yra\u00a0 trumpesni ir smulkesni, nei \u012fprast\u0173 lubin\u0173. Puikiai laikosi skinti vazoje. S\u0117jama pavir\u0161iuje, dygsta prie 20 \u00b0C, \u0161viesioje.<\/p>\n","protected":false},"excerpt":{"rendered":"<div><em>Lupinus elegans<\/em><\/div>\n<div><strong>Gamintojas:\u00a0<\/strong>Olandija<\/div>\n<div><strong>Grup\u0117:<\/strong> Vienmet\u0117<\/div>\n<div><strong>Kiekis pakelyje:<\/strong> 1g \u2248\u00a0 50 s\u0117kl\u0173<\/div>\n<div><strong>Auk\u0161tis cm: <\/strong>70- 80<\/div>\n<div><strong>S\u0117ti m\u0117n.:<\/strong> II-IV<\/div>\n<div><strong>Vieta:<\/strong> saul\u0117ta, dalinis pav\u0117sis<\/div>\n<div><strong>Dirva:<\/strong> dr\u0117gmei laidi<\/div>\n<div><\/div>\n","protected":false},"featured_media":43973,"comment_status":"open","ping_status":"closed","template":"","meta":{"jetpack_publicize_message":"","jetpack_publicize_feature_enabled":true,"jetpack_social_post_already_shared":true,"jetpack_social_options":{"image_generator_settings":{"template":"highway","default_image_id":0,"font":"","enabled":false},"version":2}},"product_brand":[],"product_cat":[353,42,128],"product_tag":[92,52,51],"class_list":{"0":"post-43972","1":"product","2":"type-product","3":"status-publish","4":"has-post-thumbnail","6":"product_cat-ivairios","7":"product_cat-seklos","8":"product_cat-vienmeciu-geliu-seklos","9":"product_tag-lubinas","10":"product_tag-seeds","11":"product_tag-seklos","12":"product_shipping_class-seklos","14":"first","15":"instock","16":"shipping-taxable","17":"purchasable","18":"product-type-simple"},"jetpack_publicize_connections":[],"jetpack_sharing_enabled":true,"_links":{"self":[{"href":"https:\/\/geliurasa.lt\/index.php\/wp-json\/wp\/v2\/product\/43972","targetHints":{"allow":["GET"]}}],"collection":[{"href":"https:\/\/geliurasa.lt\/index.php\/wp-json\/wp\/v2\/product"}],"about":[{"href":"https:\/\/geliurasa.lt\/index.php\/wp-json\/wp\/v2\/types\/product"}],"replies":[{"embeddable":true,"href":"https:\/\/geliurasa.lt\/index.php\/wp-json\/wp\/v2\/comments?post=43972"}],"wp:featuredmedia":[{"embeddable":true,"href":"https:\/\/geliurasa.lt\/index.php\/wp-json\/wp\/v2\/media\/43973"}],"wp:attachment":[{"href":"https:\/\/geliurasa.lt\/index.php\/wp-json\/wp\/v2\/media?parent=43972"}],"wp:term":[{"taxonomy":"product_brand","embeddable":true,"href":"https:\/\/geliurasa.lt\/index.php\/wp-json\/wp\/v2\/product_brand?post=43972"},{"taxonomy":"product_cat","embeddable":true,"href":"https:\/\/geliurasa.lt\/index.php\/wp-json\/wp\/v2\/product_cat?post=43972"},{"taxonomy":"product_tag","embeddable":true,"href":"https:\/\/geliurasa.lt\/index.php\/wp-json\/wp\/v2\/product_tag?post=43972"}],"curies":[{"name":"wp","href":"https:\/\/api.w.org\/{rel}","templated":true}]}}