{"id":44003,"date":"2026-01-16T14:33:17","date_gmt":"2026-01-16T12:33:17","guid":{"rendered":"https:\/\/geliurasa.lt\/?post_type=product&#038;p=44003"},"modified":"2026-04-02T17:15:32","modified_gmt":"2026-04-02T14:15:32","slug":"didysis-zioveinis-madame-butterfly-bronze","status":"publish","type":"product","link":"https:\/\/geliurasa.lt\/index.php\/produktas\/didysis-zioveinis-madame-butterfly-bronze\/","title":{"rendered":"Didysis \u017eioveinis Madame Butterfly  Bronze"},"content":{"rendered":"<p>Unikal\u016bs \u017emogaus ir gamtos sukurti spalv\u0173 deriniai. Madame Butterfly \u017eioveiniai eleganti\u0161ki, tvirtais stiebais su abrikosini\u0173 \u0161velni\u0173 atspalvi\u0173 pilnaviduriais- garbanotais \u017eiedais. Nors \u017eymiai \u017eemesni u\u017e Potomac \u017eioveinius, ta\u010diau taip pat labai tinka skinti. Dygsta 6-8 dienas, s\u0117kl\u0173 u\u017epilti nereikia, \u0161viesa reikalinga tik jau sudygus daigeliams. Dirvo\u017eemis\u00a0 neutralus, be tr\u0105\u0161\u0173, nes jauni daigeliai\u00a0 jautr\u016bs amonio druskoms. Tik v\u0117liau tr\u0119\u0161ti. Paaugus daigeliams nuskinamos vir\u0161\u016bn\u0117l\u0117s, kad \u0161akot\u0173si.<\/p>\n<p><span class=\"jCAhz ChMk0b\"><span class=\"ryNqvb\">\u00a0<\/span><\/span><\/p>\n","protected":false},"excerpt":{"rendered":"<div>Antirrhinum majus<\/div>\n<div><strong>Gamintojas:\u00a0<\/strong>Olandija<\/div>\n<div><strong>Grup\u0117:<\/strong> Vienmet\u0117<\/div>\n<div><strong>Kiekis pakelyje:<\/strong> 20 s\u0117kl\u0173<\/div>\n<div><strong>Auk\u0161tis cm:<\/strong> 60<\/div>\n<div><strong>S\u0117ti m\u0117n.: <\/strong>III-V<\/div>\n<div><strong>Vieta:<\/strong> saul\u0117ta, dalinis pav\u0117sis<\/div>\n<div><strong>Dirva:<\/strong> neutrali, derlinga<\/div>\n","protected":false},"featured_media":39929,"comment_status":"open","ping_status":"closed","template":"","meta":{"jetpack_publicize_message":"","jetpack_publicize_feature_enabled":true,"jetpack_social_post_already_shared":true,"jetpack_social_options":{"image_generator_settings":{"template":"highway","default_image_id":0,"font":"","enabled":false},"version":2}},"product_brand":[],"product_cat":[99,128,273,42],"product_tag":[274,205,52,51,206],"class_list":{"0":"post-44003","1":"product","2":"type-product","3":"status-publish","4":"has-post-thumbnail","6":"product_cat-naujos-prekes","7":"product_cat-vienmeciu-geliu-seklos","8":"product_cat-zioveiniai","9":"product_cat-seklos","10":"product_tag-antirrhinum","11":"product_tag-majus","12":"product_tag-seeds","13":"product_tag-seklos","14":"product_tag-zioveinis","15":"product_shipping_class-seklos","17":"first","18":"instock","19":"shipping-taxable","20":"purchasable","21":"product-type-simple"},"jetpack_publicize_connections":[],"jetpack_sharing_enabled":true,"_links":{"self":[{"href":"https:\/\/geliurasa.lt\/index.php\/wp-json\/wp\/v2\/product\/44003","targetHints":{"allow":["GET"]}}],"collection":[{"href":"https:\/\/geliurasa.lt\/index.php\/wp-json\/wp\/v2\/product"}],"about":[{"href":"https:\/\/geliurasa.lt\/index.php\/wp-json\/wp\/v2\/types\/product"}],"replies":[{"embeddable":true,"href":"https:\/\/geliurasa.lt\/index.php\/wp-json\/wp\/v2\/comments?post=44003"}],"wp:featuredmedia":[{"embeddable":true,"href":"https:\/\/geliurasa.lt\/index.php\/wp-json\/wp\/v2\/media\/39929"}],"wp:attachment":[{"href":"https:\/\/geliurasa.lt\/index.php\/wp-json\/wp\/v2\/media?parent=44003"}],"wp:term":[{"taxonomy":"product_brand","embeddable":true,"href":"https:\/\/geliurasa.lt\/index.php\/wp-json\/wp\/v2\/product_brand?post=44003"},{"taxonomy":"product_cat","embeddable":true,"href":"https:\/\/geliurasa.lt\/index.php\/wp-json\/wp\/v2\/product_cat?post=44003"},{"taxonomy":"product_tag","embeddable":true,"href":"https:\/\/geliurasa.lt\/index.php\/wp-json\/wp\/v2\/product_tag?post=44003"}],"curies":[{"name":"wp","href":"https:\/\/api.w.org\/{rel}","templated":true}]}}