{"id":44032,"date":"2026-01-18T23:04:33","date_gmt":"2026-01-18T21:04:33","guid":{"rendered":"https:\/\/geliurasa.lt\/?post_type=product&#038;p=44032"},"modified":"2026-04-20T23:23:29","modified_gmt":"2026-04-20T20:23:29","slug":"tikroji-levanda-chill-out","status":"publish","type":"product","link":"https:\/\/geliurasa.lt\/index.php\/produktas\/tikroji-levanda-chill-out\/","title":{"rendered":"Tikroji levanda Chill-Out"},"content":{"rendered":"<p><span class=\"jCAhz ChMk0b\"><span class=\"ryNqvb\">Chill-Out kompakti\u0161kas, gerai besi\u0161akojantis kr\u016bmas, intensyvios m\u0117lynos spalvos. Malonus, ne\u012fkyrus kvapas.<\/span><\/span> <span class=\"jCAhz ChMk0b\"><span class=\"ryNqvb\">Augalas u\u017eauga iki 25 cm auk\u0161\u010dio. \u017dydi pirmais metais po pas\u0117jimo. D\u0117l geresnio s\u0117kl\u0173 dygimo, s\u0117kl\u0173 pakel\u012f\u00a0 galima\u00a0 palaikyti \u0161aldiklyje 1-2 savaites.<\/span><\/span><\/p>\n<p>&nbsp;<\/p>\n","protected":false},"excerpt":{"rendered":"<div><em>Lavandula angustifolia <\/em><\/div>\n<div><strong>Gamintojas:\u00a0<\/strong>Olandija<\/div>\n<div><strong>Grup\u0117:<\/strong> daugiamet\u0117<\/div>\n<div><strong>Kiekis pakelyje: <\/strong>10 s\u0117kl\u0173<\/div>\n<div><strong>Auk\u0161tis cm: <\/strong>25<\/div>\n<div><strong>S\u0117ti m\u0117n.: <\/strong>II-III<\/div>\n<div><strong>Vieta:<\/strong> saul\u0117ta<\/div>\n<div><strong>Dirva: <\/strong>laidi, priemolio, priesm\u0117lio, sausa<\/div>\n<div><strong>\u017diemos atsparumo zonos:<\/strong> Z5\u2013 Z9<\/div>\n","protected":false},"featured_media":44034,"comment_status":"open","ping_status":"closed","template":"","meta":{"jetpack_publicize_message":"","jetpack_publicize_feature_enabled":true,"jetpack_social_post_already_shared":true,"jetpack_social_options":{"image_generator_settings":{"template":"highway","default_image_id":0,"font":"","enabled":false},"version":2}},"product_brand":[],"product_cat":[126,268,99,42],"product_tag":[147,146,52,51],"class_list":{"0":"post-44032","1":"product","2":"type-product","3":"status-publish","4":"has-post-thumbnail","6":"product_cat-daugiameciu-geliu-seklos","7":"product_cat-levandos","8":"product_cat-naujos-prekes","9":"product_cat-seklos","10":"product_tag-lavandula","11":"product_tag-levanda","12":"product_tag-seeds","13":"product_tag-seklos","14":"product_shipping_class-seklos","16":"first","17":"instock","18":"shipping-taxable","19":"purchasable","20":"product-type-simple"},"jetpack_publicize_connections":[],"jetpack_sharing_enabled":true,"_links":{"self":[{"href":"https:\/\/geliurasa.lt\/index.php\/wp-json\/wp\/v2\/product\/44032","targetHints":{"allow":["GET"]}}],"collection":[{"href":"https:\/\/geliurasa.lt\/index.php\/wp-json\/wp\/v2\/product"}],"about":[{"href":"https:\/\/geliurasa.lt\/index.php\/wp-json\/wp\/v2\/types\/product"}],"replies":[{"embeddable":true,"href":"https:\/\/geliurasa.lt\/index.php\/wp-json\/wp\/v2\/comments?post=44032"}],"wp:featuredmedia":[{"embeddable":true,"href":"https:\/\/geliurasa.lt\/index.php\/wp-json\/wp\/v2\/media\/44034"}],"wp:attachment":[{"href":"https:\/\/geliurasa.lt\/index.php\/wp-json\/wp\/v2\/media?parent=44032"}],"wp:term":[{"taxonomy":"product_brand","embeddable":true,"href":"https:\/\/geliurasa.lt\/index.php\/wp-json\/wp\/v2\/product_brand?post=44032"},{"taxonomy":"product_cat","embeddable":true,"href":"https:\/\/geliurasa.lt\/index.php\/wp-json\/wp\/v2\/product_cat?post=44032"},{"taxonomy":"product_tag","embeddable":true,"href":"https:\/\/geliurasa.lt\/index.php\/wp-json\/wp\/v2\/product_tag?post=44032"}],"curies":[{"name":"wp","href":"https:\/\/api.w.org\/{rel}","templated":true}]}}