{"id":44085,"date":"2026-01-24T00:40:10","date_gmt":"2026-01-23T22:40:10","guid":{"rendered":"https:\/\/geliurasa.lt\/?post_type=product&#038;p=44085"},"modified":"2026-03-25T21:34:01","modified_gmt":"2026-03-25T19:34:01","slug":"eustoma-alissa-iii-pink-flash","status":"publish","type":"product","link":"https:\/\/geliurasa.lt\/index.php\/produktas\/eustoma-alissa-iii-pink-flash\/","title":{"rendered":"Eustoma Alissa III  Pink Flash"},"content":{"rendered":"<p><span dir=\"auto\">Ak\u012f traukianti nuostabioji eustom\u0173 serija \u201eAlissa\u201c pasi\u017eymi dideliais, dvigubais \u017eiedais, gausiai u\u017epildytais kietais banguotais \u017eiedlapiais. Subtilios spalvos ir tvirti stiebai, dideli apval\u016bs \u017eiedpumpuriai.<\/span><\/p>\n<p>S\u0117klos labai ma\u017eos, s\u0117jamos pavir\u0161iuje. M\u0117gst\u0105 lengv\u0105, dr\u0117gmei laid\u0173, derling\u0105 dirvo\u017eem\u012f. Dygimui reikalinga \u0161viesa. Sudygsta per 2 savaites, prie 22-24\u00b0C. Apsaugai nuo lig\u0173 galima pabarstyti pelenais, ir joms nepatinka r\u016bg\u0161ti dirva, pelenai\u00a0 papildomai neutralizuos dirvos r\u016bg\u0161tingum\u0105. Eustom\u0173 daigams reikia ma\u017eiausiai 13 val. \u0161viesos. Tod\u0117l, patariama naudoti augal\u0173 auginimo lempas. Vandens perteklius kenksmingas. Daigeli\u0173 \u0161aknys labai trapios, labai reikia saugoti persodinant. Tai \u0161ilum\u0105 ir \u0161vies\u0105 m\u0117gstantys augalai. Auginamos \u0161iltnamyje, vazonuose, namie, bet gali augti\u00a0 ir lauke. Vietos daug neu\u017eima, \u012f 1m\u00b2 telpa 65-95 daigai, priklausomai, kokiam tikslui auginama. Lauke ne\u017eiemoja. \u017diemoja +10\u00b0C patalpoje. Vasario m\u0117nes\u012f pad\u0117jus ant palang\u0117s, prad\u0117s augti.<\/p>\n<p>&nbsp;<\/p>\n<p>&nbsp;<\/p>\n","protected":false},"excerpt":{"rendered":"<div>Lisianthus grandiflorum\u00a0\u00a0F1<\/div>\n<div><strong>Gamintojas:\u00a0<\/strong>Olandija<\/div>\n<div><strong>Grup\u0117:<\/strong> vienmet\u0117 &#8211; daugiamet\u0117 (patalpoje)<\/div>\n<div><strong>Kiekis pakelyje: <\/strong>5 s\u0117klos<\/div>\n<div><strong>Auk\u0161tis cm: <\/strong>70-80<\/div>\n<div><strong>S\u0117ti m\u0117n.: <\/strong>I-XII<\/div>\n<div><strong>Vieta:<\/strong> saul\u0117ta<\/div>\n<div><strong>Dirva:<\/strong> humusinga, laidi, derlinga<\/div>\n","protected":false},"featured_media":44087,"comment_status":"open","ping_status":"closed","template":"","meta":{"jetpack_publicize_message":"","jetpack_publicize_feature_enabled":true,"jetpack_social_post_already_shared":true,"jetpack_social_options":{"image_generator_settings":{"template":"highway","default_image_id":0,"font":"","enabled":false},"version":2}},"product_brand":[],"product_cat":[126,223,99,128,42],"product_tag":[145,221,52,51],"class_list":{"0":"post-44085","1":"product","2":"type-product","3":"status-publish","4":"has-post-thumbnail","6":"product_cat-daugiameciu-geliu-seklos","7":"product_cat-eustomos","8":"product_cat-naujos-prekes","9":"product_cat-vienmeciu-geliu-seklos","10":"product_cat-seklos","11":"product_tag-eustoma","12":"product_tag-lisianthus","13":"product_tag-seeds","14":"product_tag-seklos","15":"product_shipping_class-seklos","17":"first","18":"instock","19":"shipping-taxable","20":"purchasable","21":"product-type-simple"},"jetpack_publicize_connections":[],"jetpack_sharing_enabled":true,"_links":{"self":[{"href":"https:\/\/geliurasa.lt\/index.php\/wp-json\/wp\/v2\/product\/44085","targetHints":{"allow":["GET"]}}],"collection":[{"href":"https:\/\/geliurasa.lt\/index.php\/wp-json\/wp\/v2\/product"}],"about":[{"href":"https:\/\/geliurasa.lt\/index.php\/wp-json\/wp\/v2\/types\/product"}],"replies":[{"embeddable":true,"href":"https:\/\/geliurasa.lt\/index.php\/wp-json\/wp\/v2\/comments?post=44085"}],"wp:featuredmedia":[{"embeddable":true,"href":"https:\/\/geliurasa.lt\/index.php\/wp-json\/wp\/v2\/media\/44087"}],"wp:attachment":[{"href":"https:\/\/geliurasa.lt\/index.php\/wp-json\/wp\/v2\/media?parent=44085"}],"wp:term":[{"taxonomy":"product_brand","embeddable":true,"href":"https:\/\/geliurasa.lt\/index.php\/wp-json\/wp\/v2\/product_brand?post=44085"},{"taxonomy":"product_cat","embeddable":true,"href":"https:\/\/geliurasa.lt\/index.php\/wp-json\/wp\/v2\/product_cat?post=44085"},{"taxonomy":"product_tag","embeddable":true,"href":"https:\/\/geliurasa.lt\/index.php\/wp-json\/wp\/v2\/product_tag?post=44085"}],"curies":[{"name":"wp","href":"https:\/\/api.w.org\/{rel}","templated":true}]}}