{"id":44105,"date":"2026-01-24T16:09:53","date_gmt":"2026-01-24T14:09:53","guid":{"rendered":"https:\/\/geliurasa.lt\/?post_type=product&#038;p=44105"},"modified":"2026-04-02T10:15:27","modified_gmt":"2026-04-02T07:15:27","slug":"smulkiaziede-gilija","status":"publish","type":"product","link":"https:\/\/geliurasa.lt\/index.php\/produktas\/smulkiaziede-gilija\/","title":{"rendered":"Smulkia\u017eied\u0117 Gilija"},"content":{"rendered":"<p>Violeti\u0161kai m\u0117lyna gilija. \u0160i atmaina &#8216;Gilia leptantha&#8217; turi didesnius \u017eiedus palyginti su &#8216;Gilia capitata&#8217;. Stiebai auk\u0161ti ir tvirti. Nuskynus pra\u017eysta dar kart\u0105 tik jau smulkesniais \u017eiedais.<\/p>\n<p>Nustebino \u0161i paprasta vienmet\u0117 g\u0117l\u0117, nuskinta, savo ilgu \u017eyd\u0117jimu vazoje. Smulk\u016bs m\u0117lyni \u017eiedeliai nepastebimai i\u0161krenta ir lieka ry\u0161kiai \u017ealias ( \u012fvairi\u0173 form\u0173) bumbulas, kuris stovi labai ilgai, kol sud\u017ei\u016bna.<\/p>\n<p>S\u0117jama \u012fprastai. Galima anks\u010diau pasis\u0117ti\u00a0 kovo pabaigoje, jei leid\u017eia oro s\u0105lygos. Tada baland\u012f ir dar kart\u0105 bir\u017eel\u012f, kad u\u017etekt\u0173 visam sezonui \u017eied\u0173.\u00a0 Pasis\u0117ja, jei paliekamos\u00a0 lauke s\u0117kl\u0173 d\u0117\u017eut\u0117s.<\/p>\n","protected":false},"excerpt":{"rendered":"<div>Gilia leptantha<\/div>\n<div><strong>Gamintojas:\u00a0<\/strong>Olandija<\/div>\n<div><strong>Grup\u0117:<\/strong> Vienmet\u0117<\/div>\n<div><strong>Kiekis pakelyje:<\/strong> 1g<\/div>\n<div><strong>Auk\u0161tis cm: <\/strong>50<\/div>\n<div><strong>S\u0117ti m\u0117n.:<\/strong> III-VI<\/div>\n<div><strong>Vieta:<\/strong> saul\u0117ta, dalinis pav\u0117sis<\/div>\n<div><strong>Dirva:<\/strong> dr\u0117gmei laidi<\/div>\n<div><\/div>\n","protected":false},"featured_media":44108,"comment_status":"open","ping_status":"closed","template":"","meta":{"jetpack_publicize_message":"","jetpack_publicize_feature_enabled":true,"jetpack_social_post_already_shared":true,"jetpack_social_options":{"image_generator_settings":{"template":"highway","default_image_id":0,"font":"","enabled":false},"version":2}},"product_brand":[],"product_cat":[353,99,128,42],"product_tag":[355,354,52,51],"class_list":{"0":"post-44105","1":"product","2":"type-product","3":"status-publish","4":"has-post-thumbnail","6":"product_cat-ivairios","7":"product_cat-naujos-prekes","8":"product_cat-vienmeciu-geliu-seklos","9":"product_cat-seklos","10":"product_tag-gilia","11":"product_tag-gilija","12":"product_tag-seeds","13":"product_tag-seklos","14":"product_shipping_class-seklos","16":"first","17":"instock","18":"shipping-taxable","19":"purchasable","20":"product-type-simple"},"jetpack_publicize_connections":[],"jetpack_sharing_enabled":true,"_links":{"self":[{"href":"https:\/\/geliurasa.lt\/index.php\/wp-json\/wp\/v2\/product\/44105","targetHints":{"allow":["GET"]}}],"collection":[{"href":"https:\/\/geliurasa.lt\/index.php\/wp-json\/wp\/v2\/product"}],"about":[{"href":"https:\/\/geliurasa.lt\/index.php\/wp-json\/wp\/v2\/types\/product"}],"replies":[{"embeddable":true,"href":"https:\/\/geliurasa.lt\/index.php\/wp-json\/wp\/v2\/comments?post=44105"}],"wp:featuredmedia":[{"embeddable":true,"href":"https:\/\/geliurasa.lt\/index.php\/wp-json\/wp\/v2\/media\/44108"}],"wp:attachment":[{"href":"https:\/\/geliurasa.lt\/index.php\/wp-json\/wp\/v2\/media?parent=44105"}],"wp:term":[{"taxonomy":"product_brand","embeddable":true,"href":"https:\/\/geliurasa.lt\/index.php\/wp-json\/wp\/v2\/product_brand?post=44105"},{"taxonomy":"product_cat","embeddable":true,"href":"https:\/\/geliurasa.lt\/index.php\/wp-json\/wp\/v2\/product_cat?post=44105"},{"taxonomy":"product_tag","embeddable":true,"href":"https:\/\/geliurasa.lt\/index.php\/wp-json\/wp\/v2\/product_tag?post=44105"}],"curies":[{"name":"wp","href":"https:\/\/api.w.org\/{rel}","templated":true}]}}