{"id":44306,"date":"2026-02-11T22:37:04","date_gmt":"2026-02-11T20:37:04","guid":{"rendered":"https:\/\/geliurasa.lt\/?post_type=product&#038;p=44306"},"modified":"2026-04-02T10:15:27","modified_gmt":"2026-04-02T07:15:27","slug":"rugiagele-witching-hour","status":"publish","type":"product","link":"https:\/\/geliurasa.lt\/index.php\/produktas\/rugiagele-witching-hour\/","title":{"rendered":"Rugiag\u0117l\u0117 Witching Hour"},"content":{"rendered":"<p>Sodrios, beveik juodos spalvos, pilnavidur\u0117s ir pusiau pilnavidur\u0117s rugiag\u0117l\u0117s. Pamerktos ilgai laikosi vazoje, i\u0161siskleid\u017eia net nepra\u017eyd\u0119 pumpurai. Nereiklios, paken\u010dia sausr\u0105.<\/p>\n<p>S\u0117ti galima ankstyv\u0105 pavasar\u012f. A\u0161 esu s\u0117jusi vasario m\u0117nes\u012f, tuo metu \u017eem\u0117 buvo mink\u0161ta,\u00a0 puikiausiai u\u017eaugo. Anks\u010diau pas\u0117tos suformuoja didesnius keriukus. S\u0117jimas pavir\u0161inis, \u0161iek tiek u\u017epilant \u017eeme. Rugiag\u0117l\u0117s s\u0117jasi, tod\u0117l b\u016btina i\u0161rauti bebaigiant \u017eyd\u0117ti ir i\u0161ne\u0161ti. Arba s\u0117ti kur netrukdo. Taip pat galima s\u0117ti ruden\u012f, o jei mink\u0161ta \u017eem\u0117 net iki gruod\u017eio. Nuostabiai atrodo pas\u0117tos paprast\u0173 g\u0117li\u0173 pievel\u0117se.<\/p>\n<p>&nbsp;<\/p>\n","protected":false},"excerpt":{"rendered":"<div><em>centaurea cyanus<\/em><\/div>\n<div><strong>Gamintojas:\u00a0<\/strong>Olandija<\/div>\n<div><strong>Grup\u0117:<\/strong>\u00a0Vienmet\u0117<\/div>\n<div><strong>Kiekis pakelyje:<\/strong> 1 g \u2248 220 s\u0117kl\u0173<\/div>\n<div><strong>Auk\u0161tis cm: <\/strong>80-100<\/div>\n<div><strong>S\u0117ti m\u0117n.: <\/strong>III-V lauke, IX-XII ruden\u012f lauke<\/div>\n<div><strong>Vieta:<\/strong> saul\u0117ta, dalinis pav\u0117sis<\/div>\n<div><strong>Dirva:<\/strong> \u012fvairi<\/div>\n","protected":false},"featured_media":44309,"comment_status":"open","ping_status":"closed","template":"","meta":{"jetpack_publicize_message":"","jetpack_publicize_feature_enabled":true,"jetpack_social_post_already_shared":true,"jetpack_social_options":{"image_generator_settings":{"template":"highway","default_image_id":0,"font":"","enabled":false},"version":2}},"product_brand":[],"product_cat":[99,333,128,42],"product_tag":[233,334,52,51,317],"class_list":{"0":"post-44306","1":"product","2":"type-product","3":"status-publish","4":"has-post-thumbnail","6":"product_cat-naujos-prekes","7":"product_cat-rugiageles","8":"product_cat-vienmeciu-geliu-seklos","9":"product_cat-seklos","10":"product_tag-centaurea","11":"product_tag-rugiagele","12":"product_tag-seeds","13":"product_tag-seklos","14":"product_tag-skynimas","15":"product_shipping_class-seklos","17":"first","18":"instock","19":"shipping-taxable","20":"purchasable","21":"product-type-simple"},"jetpack_publicize_connections":[],"jetpack_sharing_enabled":true,"_links":{"self":[{"href":"https:\/\/geliurasa.lt\/index.php\/wp-json\/wp\/v2\/product\/44306","targetHints":{"allow":["GET"]}}],"collection":[{"href":"https:\/\/geliurasa.lt\/index.php\/wp-json\/wp\/v2\/product"}],"about":[{"href":"https:\/\/geliurasa.lt\/index.php\/wp-json\/wp\/v2\/types\/product"}],"replies":[{"embeddable":true,"href":"https:\/\/geliurasa.lt\/index.php\/wp-json\/wp\/v2\/comments?post=44306"}],"wp:featuredmedia":[{"embeddable":true,"href":"https:\/\/geliurasa.lt\/index.php\/wp-json\/wp\/v2\/media\/44309"}],"wp:attachment":[{"href":"https:\/\/geliurasa.lt\/index.php\/wp-json\/wp\/v2\/media?parent=44306"}],"wp:term":[{"taxonomy":"product_brand","embeddable":true,"href":"https:\/\/geliurasa.lt\/index.php\/wp-json\/wp\/v2\/product_brand?post=44306"},{"taxonomy":"product_cat","embeddable":true,"href":"https:\/\/geliurasa.lt\/index.php\/wp-json\/wp\/v2\/product_cat?post=44306"},{"taxonomy":"product_tag","embeddable":true,"href":"https:\/\/geliurasa.lt\/index.php\/wp-json\/wp\/v2\/product_tag?post=44306"}],"curies":[{"name":"wp","href":"https:\/\/api.w.org\/{rel}","templated":true}]}}