{"id":44366,"date":"2026-02-18T18:35:04","date_gmt":"2026-02-18T16:35:04","guid":{"rendered":"https:\/\/geliurasa.lt\/?post_type=product&#038;p=44366"},"modified":"2026-03-19T18:43:42","modified_gmt":"2026-03-19T16:43:42","slug":"darzelinis-sinavadas-lighthouse","status":"publish","type":"product","link":"https:\/\/geliurasa.lt\/index.php\/produktas\/darzelinis-sinavadas-lighthouse\/","title":{"rendered":"Dar\u017eelinis sinavadas Lighthouse"},"content":{"rendered":"<p>\u012edomios spalvos -raudonai rudas su bordo atspalviu ir ry\u0161kiu geltonu centru, sinavadas. Tinka skynimuisi. Nereikl\u016bs, lengvai auginami augalai. Pasis\u0117ja, gali susikry\u017eminti su kitais sinavadais.<\/p>\n","protected":false},"excerpt":{"rendered":"<div>Aquilegia x-cultorum<\/div>\n<div><strong>Gamintojas:\u00a0<\/strong>Olandija<\/div>\n<div><strong>Grup\u0117: <\/strong>daugiamet\u0117<\/div>\n<div><strong>Kiekis pakelyje:<\/strong> 20 s\u0117kl\u0173<\/div>\n<div><strong>Auk\u0161tis cm:<\/strong> 60<\/div>\n<div><strong>S\u0117ti m\u0117n.: <\/strong>III viduje, IV-V lauke<\/div>\n<div><strong>Vieta:<\/strong> saul\u0117ta, dalinis pav\u0117sis<\/div>\n<div><strong>Dirva: <\/strong>neutrali<\/div>\n<div><\/div>\n","protected":false},"featured_media":44615,"comment_status":"open","ping_status":"closed","template":"","meta":{"jetpack_publicize_message":"","jetpack_publicize_feature_enabled":true,"jetpack_social_post_already_shared":true,"jetpack_social_options":{"image_generator_settings":{"template":"highway","default_image_id":0,"font":"","enabled":false},"version":2}},"product_brand":[],"product_cat":[99,42,69],"product_tag":[70,53],"class_list":{"0":"post-44366","1":"product","2":"type-product","3":"status-publish","4":"has-post-thumbnail","6":"product_cat-naujos-prekes","7":"product_cat-seklos","8":"product_cat-sinavadas","9":"product_tag-aquilegia","10":"product_tag-sinavadas","11":"product_shipping_class-seklos","13":"first","14":"instock","15":"shipping-taxable","16":"purchasable","17":"product-type-simple"},"jetpack_publicize_connections":[],"jetpack_sharing_enabled":true,"_links":{"self":[{"href":"https:\/\/geliurasa.lt\/index.php\/wp-json\/wp\/v2\/product\/44366","targetHints":{"allow":["GET"]}}],"collection":[{"href":"https:\/\/geliurasa.lt\/index.php\/wp-json\/wp\/v2\/product"}],"about":[{"href":"https:\/\/geliurasa.lt\/index.php\/wp-json\/wp\/v2\/types\/product"}],"replies":[{"embeddable":true,"href":"https:\/\/geliurasa.lt\/index.php\/wp-json\/wp\/v2\/comments?post=44366"}],"wp:featuredmedia":[{"embeddable":true,"href":"https:\/\/geliurasa.lt\/index.php\/wp-json\/wp\/v2\/media\/44615"}],"wp:attachment":[{"href":"https:\/\/geliurasa.lt\/index.php\/wp-json\/wp\/v2\/media?parent=44366"}],"wp:term":[{"taxonomy":"product_brand","embeddable":true,"href":"https:\/\/geliurasa.lt\/index.php\/wp-json\/wp\/v2\/product_brand?post=44366"},{"taxonomy":"product_cat","embeddable":true,"href":"https:\/\/geliurasa.lt\/index.php\/wp-json\/wp\/v2\/product_cat?post=44366"},{"taxonomy":"product_tag","embeddable":true,"href":"https:\/\/geliurasa.lt\/index.php\/wp-json\/wp\/v2\/product_tag?post=44366"}],"curies":[{"name":"wp","href":"https:\/\/api.w.org\/{rel}","templated":true}]}}