{"id":44369,"date":"2026-02-19T10:22:53","date_gmt":"2026-02-19T08:22:53","guid":{"rendered":"https:\/\/geliurasa.lt\/?post_type=product&#038;p=44369"},"modified":"2026-04-12T22:42:00","modified_gmt":"2026-04-12T19:42:00","slug":"rutuline-kraspedija-drumstick","status":"publish","type":"product","link":"https:\/\/geliurasa.lt\/index.php\/produktas\/rutuline-kraspedija-drumstick\/","title":{"rendered":"Rutulin\u0117 kraspedija Drumstick"},"content":{"rendered":"<p>Nors kraspedija\u00a0 daugiametis augalas, pas mus auga, kaip vienmetis. Pats kupstelis u\u017eauga nedidelis, 15 cm auk\u0161\u010dio. I\u0161 jo stiebiasi auk\u0161ti stiebai su auksiniais\u00a0 bumbulais\u00a0 vir\u0161\u016bn\u0117je. Kuo labiau skinama, tuo daugiau leid\u017eia stieb\u0173. \u017diedo skersmuo priklauso nuo auginimo s\u0105lyg\u0173, kuo daugiau gauna maisto med\u017eiag\u0173, tuo didesnis. Naudojami \u0161vie\u017eiai skinti, ir d\u017eiovinti. Gra\u017eiai atrodo g\u0117lyne, lauko g\u0117li\u0173 pievel\u0117se. Labai m\u0117giami florist\u0173, nes\u00a0 burbuliukai ilgai nepraranda geltonos spalvos.<\/p>\n<p>Dygsta 8-10 dien\u0173, prie 20\u00b0C. S\u0117jama pavir\u0161iuje, dygimui reikia \u0161viesos.<\/p>\n<p>&nbsp;<\/p>\n<p>&nbsp;<\/p>\n","protected":false},"excerpt":{"rendered":"<div>Craspedia globosa<\/div>\n<div><strong>Gamintojas:\u00a0<\/strong>Olandija<\/div>\n<div><strong>Grup\u0117:<\/strong> Vienmet\u0117<\/div>\n<div><strong>Kiekis pakelyje:<\/strong> 0,2 g<\/div>\n<div><strong>Auk\u0161tis cm:<\/strong> 80-95<\/div>\n<div><strong>S\u0117ti m\u0117n.: <\/strong>II<strong>&#8211;<\/strong>III<\/div>\n<div><strong>Vieta:<\/strong> saul\u0117ta, dalinis pav\u0117sis<\/div>\n<div><strong>Dirva:<\/strong> neutrali, derlinga<\/div>\n","protected":false},"featured_media":44371,"comment_status":"open","ping_status":"closed","template":"","meta":{"jetpack_publicize_message":"","jetpack_publicize_feature_enabled":true,"jetpack_social_post_already_shared":true,"jetpack_social_options":{"image_generator_settings":{"template":"highway","default_image_id":0,"font":"","enabled":false},"version":2}},"product_brand":[],"product_cat":[353,99,42,128,273],"product_tag":[356,52,51],"class_list":{"0":"post-44369","1":"product","2":"type-product","3":"status-publish","4":"has-post-thumbnail","6":"product_cat-ivairios","7":"product_cat-naujos-prekes","8":"product_cat-seklos","9":"product_cat-vienmeciu-geliu-seklos","10":"product_cat-zioveiniai","11":"product_tag-kraspedija","12":"product_tag-seeds","13":"product_tag-seklos","14":"product_shipping_class-seklos","16":"first","17":"instock","18":"shipping-taxable","19":"purchasable","20":"product-type-simple"},"jetpack_publicize_connections":[],"jetpack_sharing_enabled":true,"_links":{"self":[{"href":"https:\/\/geliurasa.lt\/index.php\/wp-json\/wp\/v2\/product\/44369","targetHints":{"allow":["GET"]}}],"collection":[{"href":"https:\/\/geliurasa.lt\/index.php\/wp-json\/wp\/v2\/product"}],"about":[{"href":"https:\/\/geliurasa.lt\/index.php\/wp-json\/wp\/v2\/types\/product"}],"replies":[{"embeddable":true,"href":"https:\/\/geliurasa.lt\/index.php\/wp-json\/wp\/v2\/comments?post=44369"}],"wp:featuredmedia":[{"embeddable":true,"href":"https:\/\/geliurasa.lt\/index.php\/wp-json\/wp\/v2\/media\/44371"}],"wp:attachment":[{"href":"https:\/\/geliurasa.lt\/index.php\/wp-json\/wp\/v2\/media?parent=44369"}],"wp:term":[{"taxonomy":"product_brand","embeddable":true,"href":"https:\/\/geliurasa.lt\/index.php\/wp-json\/wp\/v2\/product_brand?post=44369"},{"taxonomy":"product_cat","embeddable":true,"href":"https:\/\/geliurasa.lt\/index.php\/wp-json\/wp\/v2\/product_cat?post=44369"},{"taxonomy":"product_tag","embeddable":true,"href":"https:\/\/geliurasa.lt\/index.php\/wp-json\/wp\/v2\/product_tag?post=44369"}],"curies":[{"name":"wp","href":"https:\/\/api.w.org\/{rel}","templated":true}]}}