{"id":44375,"date":"2026-02-19T20:01:38","date_gmt":"2026-02-19T18:01:38","guid":{"rendered":"https:\/\/geliurasa.lt\/?post_type=product&#038;p=44375"},"modified":"2026-04-14T15:43:01","modified_gmt":"2026-04-14T12:43:01","slug":"tikroji-saulegraza-sunrich-summer-provence","status":"publish","type":"product","link":"https:\/\/geliurasa.lt\/index.php\/produktas\/tikroji-saulegraza-sunrich-summer-provence\/","title":{"rendered":"Tikroji saul\u0117gr\u0105\u017ea Sunrich  Summer Provence"},"content":{"rendered":"<p>Sunrich serijos \u017eiedai neturi \u017eiedadulki\u0173, tvirti, nukreipti \u012f vir\u0161\u0173, ry\u0161k\u016bs \u017eiedai, ilgai i\u0161silaiko nuskinti. Itin atspari veisl\u0117 miltligei.\u00a0 Pra\u017eysta po \u00a055-70 dien\u0173.<\/p>\n<p>&nbsp;<\/p>\n","protected":false},"excerpt":{"rendered":"<div>\n<div><strong>Gamintojas:\u00a0<\/strong>Olandija<\/div>\n<div><strong>Grup\u0117:<\/strong> vienmet\u0117<\/div>\n<div><strong>Kiekis pakelyje: <\/strong>20 s\u0117kl\u0173<\/div>\n<div><strong>Auk\u0161tis cm: <\/strong>90-150<\/div>\n<div><strong>S\u0117ti m\u0117n.: <\/strong>V\u2013VI, lauke<\/div>\n<div><strong>Vieta:<\/strong> saul\u0117ta<\/div>\n<div><strong>Dirva: <\/strong>derlinga, neu\u017emirkusi<\/div>\n<div><\/div>\n<\/div>\n","protected":false},"featured_media":39378,"comment_status":"open","ping_status":"closed","template":"","meta":{"jetpack_publicize_message":"","jetpack_publicize_feature_enabled":true,"jetpack_social_post_already_shared":true,"jetpack_social_options":{"image_generator_settings":{"template":"highway","default_image_id":0,"font":"","enabled":false},"version":2}},"product_brand":[],"product_cat":[100,42,128],"product_tag":[96,95,52,51],"class_list":{"0":"post-44375","1":"product","2":"type-product","3":"status-publish","4":"has-post-thumbnail","6":"product_cat-saulegrazos","7":"product_cat-seklos","8":"product_cat-vienmeciu-geliu-seklos","9":"product_tag-helianthus","10":"product_tag-saulegraza","11":"product_tag-seeds","12":"product_tag-seklos","13":"product_shipping_class-seklos","15":"first","16":"instock","17":"shipping-taxable","18":"purchasable","19":"product-type-simple"},"jetpack_publicize_connections":[],"jetpack_sharing_enabled":true,"_links":{"self":[{"href":"https:\/\/geliurasa.lt\/index.php\/wp-json\/wp\/v2\/product\/44375","targetHints":{"allow":["GET"]}}],"collection":[{"href":"https:\/\/geliurasa.lt\/index.php\/wp-json\/wp\/v2\/product"}],"about":[{"href":"https:\/\/geliurasa.lt\/index.php\/wp-json\/wp\/v2\/types\/product"}],"replies":[{"embeddable":true,"href":"https:\/\/geliurasa.lt\/index.php\/wp-json\/wp\/v2\/comments?post=44375"}],"wp:featuredmedia":[{"embeddable":true,"href":"https:\/\/geliurasa.lt\/index.php\/wp-json\/wp\/v2\/media\/39378"}],"wp:attachment":[{"href":"https:\/\/geliurasa.lt\/index.php\/wp-json\/wp\/v2\/media?parent=44375"}],"wp:term":[{"taxonomy":"product_brand","embeddable":true,"href":"https:\/\/geliurasa.lt\/index.php\/wp-json\/wp\/v2\/product_brand?post=44375"},{"taxonomy":"product_cat","embeddable":true,"href":"https:\/\/geliurasa.lt\/index.php\/wp-json\/wp\/v2\/product_cat?post=44375"},{"taxonomy":"product_tag","embeddable":true,"href":"https:\/\/geliurasa.lt\/index.php\/wp-json\/wp\/v2\/product_tag?post=44375"}],"curies":[{"name":"wp","href":"https:\/\/api.w.org\/{rel}","templated":true}]}}