{"id":44393,"date":"2026-02-21T20:44:31","date_gmt":"2026-02-21T18:44:31","guid":{"rendered":"https:\/\/geliurasa.lt\/?post_type=product&#038;p=44393"},"modified":"2026-03-16T14:14:20","modified_gmt":"2026-03-16T12:14:20","slug":"pluostinis-galenis","status":"publish","type":"product","link":"https:\/\/geliurasa.lt\/index.php\/produktas\/pluostinis-galenis\/","title":{"rendered":"Pluo\u0161tinis galenis"},"content":{"rendered":"<p>Tai vienmetis dede\u0161vini\u0173 \u0161eimos augalas, kil\u0119s i\u0161 Piet\u0173 Azijos, bet i\u0161plit\u0119s daugelyje pasaulio region\u0173. I\u0161 prad\u017ei\u0173 augintas Piet\u0173 Azijoje kaip pluo\u0161tinis augalas virv\u0117ms ir popieriui gaminti. Taip pat galimas vartojimas maistui, vaistams. Gailenis suformuoja\u00a0 \u012fdomias s\u0117kl\u0173 d\u0117\u017eutes, kurios\u00a0 naudojamos floristikoje, \u017ealios ir labiau subrendusios rudos. Pats augalas yra paprastas, nelabai i\u0161vaizdus, ir jam reikia nema\u017eai vietos.<\/p>\n<p>\u0160ilto klimato zonoje laikomas invaziniu augalu. Lietuvoje\u00a0 s\u0117kl\u0173 d\u0117\u017eutes suformuos tik rugs\u0117jo pabaigoje-spal\u012f. S\u0117kl\u0173 gali visai nesuformuoti, priklausys nuo vasaros kar\u0161tumo.<\/p>\n<p>Dygsta 8-20 dien\u0173, prie 20\u00b0C. S\u0117jama pavir\u0161iuje, dygsta \u0161viesoje.<\/p>\n<p>&nbsp;<\/p>\n<p>&nbsp;<\/p>\n","protected":false},"excerpt":{"rendered":"<div>Abutilon theophrasti<\/div>\n<div><strong>Gamintojas:\u00a0<\/strong>Olandija<\/div>\n<div><strong>Grup\u0117:<\/strong> Vienmet\u0117<\/div>\n<div><strong>Kiekis pakelyje: <\/strong>20 s\u0117kl\u0173<\/div>\n<div><strong>Auk\u0161tis cm:<\/strong> 50-200<\/div>\n<div><strong>S\u0117ti m\u0117n.: <\/strong>II<strong>&#8211;<\/strong>III<\/div>\n<div><strong>Vieta:<\/strong> saul\u0117ta, dalinis pav\u0117sis<\/div>\n<div><strong>Dirva:<\/strong> neutrali,<\/div>\n","protected":false},"featured_media":44395,"comment_status":"open","ping_status":"closed","template":"","meta":{"jetpack_publicize_message":"","jetpack_publicize_feature_enabled":true,"jetpack_social_post_already_shared":true,"jetpack_social_options":{"image_generator_settings":{"template":"highway","default_image_id":0,"font":"","enabled":false},"version":2}},"product_brand":[],"product_cat":[353,99,42,128],"product_tag":[356,52,51],"class_list":{"0":"post-44393","1":"product","2":"type-product","3":"status-publish","4":"has-post-thumbnail","6":"product_cat-ivairios","7":"product_cat-naujos-prekes","8":"product_cat-seklos","9":"product_cat-vienmeciu-geliu-seklos","10":"product_tag-kraspedija","11":"product_tag-seeds","12":"product_tag-seklos","13":"product_shipping_class-seklos","15":"first","16":"instock","17":"shipping-taxable","18":"purchasable","19":"product-type-simple"},"jetpack_publicize_connections":[],"jetpack_sharing_enabled":true,"_links":{"self":[{"href":"https:\/\/geliurasa.lt\/index.php\/wp-json\/wp\/v2\/product\/44393","targetHints":{"allow":["GET"]}}],"collection":[{"href":"https:\/\/geliurasa.lt\/index.php\/wp-json\/wp\/v2\/product"}],"about":[{"href":"https:\/\/geliurasa.lt\/index.php\/wp-json\/wp\/v2\/types\/product"}],"replies":[{"embeddable":true,"href":"https:\/\/geliurasa.lt\/index.php\/wp-json\/wp\/v2\/comments?post=44393"}],"wp:featuredmedia":[{"embeddable":true,"href":"https:\/\/geliurasa.lt\/index.php\/wp-json\/wp\/v2\/media\/44395"}],"wp:attachment":[{"href":"https:\/\/geliurasa.lt\/index.php\/wp-json\/wp\/v2\/media?parent=44393"}],"wp:term":[{"taxonomy":"product_brand","embeddable":true,"href":"https:\/\/geliurasa.lt\/index.php\/wp-json\/wp\/v2\/product_brand?post=44393"},{"taxonomy":"product_cat","embeddable":true,"href":"https:\/\/geliurasa.lt\/index.php\/wp-json\/wp\/v2\/product_cat?post=44393"},{"taxonomy":"product_tag","embeddable":true,"href":"https:\/\/geliurasa.lt\/index.php\/wp-json\/wp\/v2\/product_tag?post=44393"}],"curies":[{"name":"wp","href":"https:\/\/api.w.org\/{rel}","templated":true}]}}