{"id":44398,"date":"2026-02-21T21:51:39","date_gmt":"2026-02-21T19:51:39","guid":{"rendered":"https:\/\/geliurasa.lt\/?post_type=product&#038;p=44398"},"modified":"2026-04-15T15:53:01","modified_gmt":"2026-04-15T12:53:01","slug":"vasarinis-didysis-flioksas-cherry-caramel","status":"publish","type":"product","link":"https:\/\/geliurasa.lt\/index.php\/produktas\/vasarinis-didysis-flioksas-cherry-caramel\/","title":{"rendered":"Vasarinis  didysis flioksas Cherry Caramel"},"content":{"rendered":"<p><span class=\"jCAhz ChMk0b\"><span class=\"ryNqvb\">Eleganti\u0161kas Cherry Caramel flioksas, pastelin\u0117s karamel\u0117s spalvos \u017eied\u0173 kek\u0117s, o \u017eiedlapi\u0173 centre yra gra\u017ei\u00a0 kontrastinga ir ry\u0161ki\u00a0 vy\u0161ni\u0173 spalvos \u017evaig\u017ed\u0117. Kaip ir visi flioksai, skleid\u017eia malon\u0173 kvap\u0105, pana\u0161\u0173 \u012f alyv\u0173 ir melion\u0173 mi\u0161in\u012f. Br\u0119stant \u017eiedams, spalvos kei\u010diasi. \u017dydi <\/span><\/span><span class=\"jCAhz ChMk0b\"><span class=\"ryNqvb\">vis\u0105 sezon\u0105, iki\u00a0 rudens.<\/span><\/span> Ti<span class=\"jCAhz ChMk0b\"><span class=\"ryNqvb\">nkami skinti, puikiai laikosi vazoje, savait\u0119 ir ilgiau. Kuo labiau skini,\u00a0 tuo daugiau \u017eydi. Puikus pasirinkimas ap\u017eeldinti vazonams, gra\u017eiai nusvyra. Flioksai nuostabiai atrodo, kad ir kur j\u012f pasodintum\u0117te.<\/span><\/span><\/p>\n<p>Geriausia s\u0117klas s\u0117ti kov\u0105. Augalams dygti reikia tamsos. Pas\u0117jus ant indo u\u017ed\u0117ti neper\u0161vie\u010diam\u0105 dangtel\u012f. Kad gaut\u0173 oro, kasdien reikia v\u0117dinti ir tikrinti, ar sudygo. Kai tik sudygsta, ne\u0161ti \u012f \u0161vies\u0105. Po paskutini\u0173 \u0161aln\u0173\u00a0 daigus sodinti 20 cm atstumu vienas nuo kito. Skinti, kai prasiskleid\u017eia tik keli \u017eiedai, ne daugiau kaip pus\u0117.<\/p>\n<p>&nbsp;<\/p>\n","protected":false},"excerpt":{"rendered":"<div>Phlox drummondii<\/div>\n<div><strong>Gamintojas:\u00a0<\/strong>Olandija<\/div>\n<div><strong>Grup\u0117:<\/strong> Vienmet\u0117<\/div>\n<div><strong>Kiekis pakelyje:<\/strong> 0,3 g<\/div>\n<div><strong>Auk\u0161tis cm:<\/strong> 40-50<\/div>\n<div><strong>S\u0117ti m\u0117n.:<\/strong> II-IV<\/div>\n<div><strong>Vieta:<\/strong> saul\u0117ta-pav\u0117sis<\/div>\n<div><strong>Dirva:<\/strong> \u012fvairi, neutrali<\/div>\n","protected":false},"featured_media":44424,"comment_status":"open","ping_status":"closed","template":"","meta":{"jetpack_publicize_message":"","jetpack_publicize_feature_enabled":true,"jetpack_social_post_already_shared":true,"jetpack_social_options":{"image_generator_settings":{"template":"highway","default_image_id":0,"font":"","enabled":false},"version":2}},"product_brand":[],"product_cat":[320,99,42,128],"product_tag":[118,117,52,51],"class_list":{"0":"post-44398","1":"product","2":"type-product","3":"status-publish","4":"has-post-thumbnail","6":"product_cat-flioksai","7":"product_cat-naujos-prekes","8":"product_cat-seklos","9":"product_cat-vienmeciu-geliu-seklos","10":"product_tag-flioksas","11":"product_tag-phlox","12":"product_tag-seeds","13":"product_tag-seklos","14":"product_shipping_class-seklos","16":"first","17":"instock","18":"shipping-taxable","19":"purchasable","20":"product-type-simple"},"jetpack_publicize_connections":[],"jetpack_sharing_enabled":true,"_links":{"self":[{"href":"https:\/\/geliurasa.lt\/index.php\/wp-json\/wp\/v2\/product\/44398","targetHints":{"allow":["GET"]}}],"collection":[{"href":"https:\/\/geliurasa.lt\/index.php\/wp-json\/wp\/v2\/product"}],"about":[{"href":"https:\/\/geliurasa.lt\/index.php\/wp-json\/wp\/v2\/types\/product"}],"replies":[{"embeddable":true,"href":"https:\/\/geliurasa.lt\/index.php\/wp-json\/wp\/v2\/comments?post=44398"}],"wp:featuredmedia":[{"embeddable":true,"href":"https:\/\/geliurasa.lt\/index.php\/wp-json\/wp\/v2\/media\/44424"}],"wp:attachment":[{"href":"https:\/\/geliurasa.lt\/index.php\/wp-json\/wp\/v2\/media?parent=44398"}],"wp:term":[{"taxonomy":"product_brand","embeddable":true,"href":"https:\/\/geliurasa.lt\/index.php\/wp-json\/wp\/v2\/product_brand?post=44398"},{"taxonomy":"product_cat","embeddable":true,"href":"https:\/\/geliurasa.lt\/index.php\/wp-json\/wp\/v2\/product_cat?post=44398"},{"taxonomy":"product_tag","embeddable":true,"href":"https:\/\/geliurasa.lt\/index.php\/wp-json\/wp\/v2\/product_tag?post=44398"}],"curies":[{"name":"wp","href":"https:\/\/api.w.org\/{rel}","templated":true}]}}