{"id":44497,"date":"2026-03-05T11:14:12","date_gmt":"2026-03-05T09:14:12","guid":{"rendered":"https:\/\/geliurasa.lt\/?post_type=product&#038;p=44497"},"modified":"2026-04-16T17:35:33","modified_gmt":"2026-04-16T14:35:33","slug":"sejamosios-salotos-crisp-mint","status":"publish","type":"product","link":"https:\/\/geliurasa.lt\/index.php\/produktas\/sejamosios-salotos-crisp-mint\/","title":{"rendered":"S\u0117jamosios salotos Crisp Mint"},"content":{"rendered":"<p>Romaninio tipo, <span dir=\"auto\">tvirtos, tra\u0161kios malonaus skonio salotos. Iki derliaus u\u017eauga per 60 dien\u0173. Ypa\u010d puikios g\u016b\u017eel\u0117s u\u017eauga sodinant daigais.<\/span><\/p>\n<p><span dir=\"auto\">Dygimo laikas: 7 dienos. S\u0117jama pavir\u0161iuje, dygsta \u0161viesoje. Daigams &#8211; s\u0117jama viduje kov\u0105,\u00a0 baland\u012f. Tiesiai lauke &#8211; baland\u012f, gegu\u017e\u0119.<\/span><\/p>\n<p>&nbsp;<\/p>\n","protected":false},"excerpt":{"rendered":"<div>Lactuca sativa<\/div>\n<div><strong>Gamintojas:\u00a0<\/strong>Olandija<\/div>\n<div><strong>Grup\u0117:<\/strong> vienmet\u0117<\/div>\n<div><strong>Kiekis pakelyje:<\/strong> 2 g<\/div>\n<div><strong>Auk\u0161tis cm: <\/strong>15<\/div>\n<div><strong>S\u0117ti m\u0117n.:<\/strong> III-VI<\/div>\n<div><strong>Vieta:<\/strong> saul\u0117ta<\/div>\n<div><strong>Dirva:<\/strong> \u012fvairi, derlinga<\/div>\n","protected":false},"featured_media":44498,"comment_status":"open","ping_status":"closed","template":"","meta":{"jetpack_publicize_message":"","jetpack_publicize_feature_enabled":true,"jetpack_social_post_already_shared":true,"jetpack_social_options":{"image_generator_settings":{"template":"highway","default_image_id":0,"font":"","enabled":false},"version":2}},"product_brand":[],"product_cat":[99,42,359],"product_tag":[358,52,51],"class_list":{"0":"post-44497","1":"product","2":"type-product","3":"status-publish","4":"has-post-thumbnail","6":"product_cat-naujos-prekes","7":"product_cat-seklos","8":"product_cat-valgoma","9":"product_tag-salota","10":"product_tag-seeds","11":"product_tag-seklos","12":"product_shipping_class-seklos","14":"first","15":"instock","16":"shipping-taxable","17":"purchasable","18":"product-type-simple"},"jetpack_publicize_connections":[],"jetpack_sharing_enabled":true,"_links":{"self":[{"href":"https:\/\/geliurasa.lt\/index.php\/wp-json\/wp\/v2\/product\/44497","targetHints":{"allow":["GET"]}}],"collection":[{"href":"https:\/\/geliurasa.lt\/index.php\/wp-json\/wp\/v2\/product"}],"about":[{"href":"https:\/\/geliurasa.lt\/index.php\/wp-json\/wp\/v2\/types\/product"}],"replies":[{"embeddable":true,"href":"https:\/\/geliurasa.lt\/index.php\/wp-json\/wp\/v2\/comments?post=44497"}],"wp:featuredmedia":[{"embeddable":true,"href":"https:\/\/geliurasa.lt\/index.php\/wp-json\/wp\/v2\/media\/44498"}],"wp:attachment":[{"href":"https:\/\/geliurasa.lt\/index.php\/wp-json\/wp\/v2\/media?parent=44497"}],"wp:term":[{"taxonomy":"product_brand","embeddable":true,"href":"https:\/\/geliurasa.lt\/index.php\/wp-json\/wp\/v2\/product_brand?post=44497"},{"taxonomy":"product_cat","embeddable":true,"href":"https:\/\/geliurasa.lt\/index.php\/wp-json\/wp\/v2\/product_cat?post=44497"},{"taxonomy":"product_tag","embeddable":true,"href":"https:\/\/geliurasa.lt\/index.php\/wp-json\/wp\/v2\/product_tag?post=44497"}],"curies":[{"name":"wp","href":"https:\/\/api.w.org\/{rel}","templated":true}]}}