{"id":44500,"date":"2026-03-05T11:19:25","date_gmt":"2026-03-05T09:19:25","guid":{"rendered":"https:\/\/geliurasa.lt\/?post_type=product&#038;p=44500"},"modified":"2026-04-16T17:35:33","modified_gmt":"2026-04-16T14:35:33","slug":"rytietiski-spinatai-amina-f1","status":"publish","type":"product","link":"https:\/\/geliurasa.lt\/index.php\/produktas\/rytietiski-spinatai-amina-f1\/","title":{"rendered":"Rytieti\u0161ki \u0161pinatai Amina F1"},"content":{"rendered":"<p>Didelio derlingumo, lengvai pri\u017ei\u016brimi, vidutinio atsparumo \u017eiedynams. Tamsiai \u017eali, gra\u017eios formos lap\u0173. Vidutinio ankstyvumo, atspar\u016bs fuzariozei. \u0160ie \u0161pinatai ilgai i\u0161silaiko nuskinti.<\/p>\n<p><span dir=\"auto\">S\u0117jama pavir\u0161iuje, dygsta \u0161viesoje. Patinka dr\u0117gm\u0117, kuo daugiau dr\u0117gm\u0117s, tuo sultingesni lapeliai. Iki derliaus nu\u0117mimo 45 dienos.<\/span><\/p>\n<p>&nbsp;<\/p>\n","protected":false},"excerpt":{"rendered":"<div>Spinach oriental<\/div>\n<div><strong>Gamintojas:\u00a0<\/strong>Olandija<\/div>\n<div><strong>Grup\u0117:<\/strong> vienmet\u0117<\/div>\n<div><strong>Kiekis pakelyje:<\/strong> 3 g<\/div>\n<div><strong>S\u0117ti m\u0117n.:<\/strong> IV-IX<\/div>\n<div><strong>Vieta:<\/strong> saul\u0117ta<\/div>\n<div><strong>Dirva:<\/strong> dr\u0117gna, derlinga<\/div>\n","protected":false},"featured_media":44501,"comment_status":"open","ping_status":"closed","template":"","meta":{"jetpack_publicize_message":"","jetpack_publicize_feature_enabled":true,"jetpack_social_post_already_shared":true,"jetpack_social_options":{"image_generator_settings":{"template":"highway","default_image_id":0,"font":"","enabled":false},"version":2}},"product_brand":[],"product_cat":[99,42,359],"product_tag":[52,51,360],"class_list":{"0":"post-44500","1":"product","2":"type-product","3":"status-publish","4":"has-post-thumbnail","6":"product_cat-naujos-prekes","7":"product_cat-seklos","8":"product_cat-valgoma","9":"product_tag-seeds","10":"product_tag-seklos","11":"product_tag-spinatas","12":"product_shipping_class-seklos","14":"first","15":"instock","16":"shipping-taxable","17":"purchasable","18":"product-type-simple"},"jetpack_publicize_connections":[],"jetpack_sharing_enabled":true,"_links":{"self":[{"href":"https:\/\/geliurasa.lt\/index.php\/wp-json\/wp\/v2\/product\/44500","targetHints":{"allow":["GET"]}}],"collection":[{"href":"https:\/\/geliurasa.lt\/index.php\/wp-json\/wp\/v2\/product"}],"about":[{"href":"https:\/\/geliurasa.lt\/index.php\/wp-json\/wp\/v2\/types\/product"}],"replies":[{"embeddable":true,"href":"https:\/\/geliurasa.lt\/index.php\/wp-json\/wp\/v2\/comments?post=44500"}],"wp:featuredmedia":[{"embeddable":true,"href":"https:\/\/geliurasa.lt\/index.php\/wp-json\/wp\/v2\/media\/44501"}],"wp:attachment":[{"href":"https:\/\/geliurasa.lt\/index.php\/wp-json\/wp\/v2\/media?parent=44500"}],"wp:term":[{"taxonomy":"product_brand","embeddable":true,"href":"https:\/\/geliurasa.lt\/index.php\/wp-json\/wp\/v2\/product_brand?post=44500"},{"taxonomy":"product_cat","embeddable":true,"href":"https:\/\/geliurasa.lt\/index.php\/wp-json\/wp\/v2\/product_cat?post=44500"},{"taxonomy":"product_tag","embeddable":true,"href":"https:\/\/geliurasa.lt\/index.php\/wp-json\/wp\/v2\/product_tag?post=44500"}],"curies":[{"name":"wp","href":"https:\/\/api.w.org\/{rel}","templated":true}]}}