{"id":44562,"date":"2026-03-10T15:30:12","date_gmt":"2026-03-10T13:30:12","guid":{"rendered":"https:\/\/geliurasa.lt\/?post_type=product&#038;p=44562"},"modified":"2026-04-10T00:58:57","modified_gmt":"2026-04-09T21:58:57","slug":"paprastoji-kosmeja-fizzy-pink-dark-centre","status":"publish","type":"product","link":"https:\/\/geliurasa.lt\/index.php\/produktas\/paprastoji-kosmeja-fizzy-pink-dark-centre\/","title":{"rendered":"Paprastoji kosm\u0117ja Fizzy Pink Dark Centre"},"content":{"rendered":"<p>Pusiau dvigubas ro\u017einis \u017eiedas su patraukliu tamsiu viduriu. Tamsus centras sukuria nuostab\u0173 kontrast\u0105 su rausvais \u017eiedlapiais ir suteikia \u017eiedams papildomo gylio bei charakterio. \u017dydi ilgai ir gausiai, vis\u0105 vasar\u0105, pritraukia bites ir drugelius. Lengva pri\u017ei\u016br\u0117ti. Kuo prastesn\u0117 dirva, tuo gausiau \u017eydi. Tinka auginti grup\u0117mis su kitomis auk\u0161ta\u016bg\u0117mis g\u0117l\u0117mis, mi\u0161riuose g\u0117lynuose. Pagyvina vasaros puok\u0161tes. Kosm\u0117jos yra ne\u012fkainojama rengini\u0173 g\u0117l\u0117 d\u0117l savo auk\u0161\u010dio ir gausumo.<\/p>\n<p>&nbsp;<\/p>\n","protected":false},"excerpt":{"rendered":"<div>Cosmos bipinnatus<\/div>\n<div><strong>Gamintojas:\u00a0<\/strong>Olandija<\/div>\n<div><strong>Grup\u0117:<\/strong> vienmet\u0117<\/div>\n<div><strong>Kiekis pakelyje:<\/strong> 0.3 g<\/div>\n<div><strong>Auk\u0161tis cm: <\/strong>90<strong>&#8211;<\/strong>120<\/div>\n<div><strong>S\u0117ti m\u0117n.:<\/strong> III-V<\/div>\n<div><strong>Vieta:<\/strong> saul\u0117ta-pav\u0117sis<\/div>\n<div><strong>Dirva:<\/strong> \u012fvairi, neutrali<\/div>\n","protected":false},"featured_media":44566,"comment_status":"open","ping_status":"closed","template":"","meta":{"jetpack_publicize_message":"","jetpack_publicize_feature_enabled":true,"jetpack_social_post_already_shared":true,"jetpack_social_options":{"image_generator_settings":{"template":"highway","default_image_id":0,"font":"","enabled":false},"version":2}},"product_brand":[],"product_cat":[120,99,42,128],"product_tag":[122,121,52,51,317],"class_list":{"0":"post-44562","1":"product","2":"type-product","3":"status-publish","4":"has-post-thumbnail","6":"product_cat-kosmeja","7":"product_cat-naujos-prekes","8":"product_cat-seklos","9":"product_cat-vienmeciu-geliu-seklos","10":"product_tag-cosmos","11":"product_tag-kosmeja","12":"product_tag-seeds","13":"product_tag-seklos","14":"product_tag-skynimas","15":"product_shipping_class-seklos","17":"first","18":"instock","19":"shipping-taxable","20":"purchasable","21":"product-type-simple"},"jetpack_publicize_connections":[],"jetpack_sharing_enabled":true,"_links":{"self":[{"href":"https:\/\/geliurasa.lt\/index.php\/wp-json\/wp\/v2\/product\/44562","targetHints":{"allow":["GET"]}}],"collection":[{"href":"https:\/\/geliurasa.lt\/index.php\/wp-json\/wp\/v2\/product"}],"about":[{"href":"https:\/\/geliurasa.lt\/index.php\/wp-json\/wp\/v2\/types\/product"}],"replies":[{"embeddable":true,"href":"https:\/\/geliurasa.lt\/index.php\/wp-json\/wp\/v2\/comments?post=44562"}],"wp:featuredmedia":[{"embeddable":true,"href":"https:\/\/geliurasa.lt\/index.php\/wp-json\/wp\/v2\/media\/44566"}],"wp:attachment":[{"href":"https:\/\/geliurasa.lt\/index.php\/wp-json\/wp\/v2\/media?parent=44562"}],"wp:term":[{"taxonomy":"product_brand","embeddable":true,"href":"https:\/\/geliurasa.lt\/index.php\/wp-json\/wp\/v2\/product_brand?post=44562"},{"taxonomy":"product_cat","embeddable":true,"href":"https:\/\/geliurasa.lt\/index.php\/wp-json\/wp\/v2\/product_cat?post=44562"},{"taxonomy":"product_tag","embeddable":true,"href":"https:\/\/geliurasa.lt\/index.php\/wp-json\/wp\/v2\/product_tag?post=44562"}],"curies":[{"name":"wp","href":"https:\/\/api.w.org\/{rel}","templated":true}]}}