{"id":44571,"date":"2026-03-10T16:46:03","date_gmt":"2026-03-10T14:46:03","guid":{"rendered":"https:\/\/geliurasa.lt\/?post_type=product&#038;p=44571"},"modified":"2026-04-15T15:53:01","modified_gmt":"2026-04-15T12:53:01","slug":"didziaziede-kolomija","status":"publish","type":"product","link":"https:\/\/geliurasa.lt\/index.php\/produktas\/didziaziede-kolomija\/","title":{"rendered":"Did\u017eia\u017eied\u0117 Kolomija"},"content":{"rendered":"<p>Did\u017eioji kolomija -laukinis flioksas, kil\u0119s i\u0161 \u0160iaur\u0117s Amerikos. \u017died\u0173 kek\u0117s skleid\u017eiasi pasteline persikine spalva, o paskui nublunka iki balt\u0173 su ry\u0161kiai m\u0117lynomis \u017eiedadulk\u0117mis, sukurdamos \u012fvairiaspalv\u012f \u017eiedo efekt\u0105. Kiekvienas\u00a0 \u017eiedo vamzdelis \u017evaig\u017ed\u0117s formos su 5 i\u0161lenktais \u017eiedlapiais, ir 2,5cm dy\u017eio. \u012edomi sm\u0117l\u0117t\u0173 viet\u0173, vienmet\u0117 g\u0117l\u0117, lengvos dirvos m\u0117g\u0117ja. \u0160i g\u0117l\u0117 pati pasis\u0117ja, galima ir i\u0161 rudens s\u0117ti. Nem\u0117gsta dr\u0117gm\u0117s, bet lengvai toleruoja dr\u0117gmei laid\u0173 dirvo\u017eem\u012f. Miela kaip skinta g\u0117l\u0117.<\/p>\n<p>Augalai nem\u0117gsta persodinimo, geriau s\u0117ti \u012f nuolatin\u0119 viet\u0105. Bet galima ir i\u0161 daig\u0173, jei tur\u0117s individual\u0173 ind\u0105. S\u0117jimas pavir\u0161inis. Vien\u0105\u00a0 kart\u0105 pas\u0117jus, tur\u0117site ilgam \u0161i\u0105 g\u0117l\u0119 savo sode, jei nenuskinsite \u017eiedyn\u0173 ruden\u012f, ir ai\u0161ku, jei jai patiks augti pas jus. Taip pat kolomijai patinka augti tarp akmen\u0173, tarpuose, kur neu\u017esilaiko dr\u0117gm\u0117, suranda vietas, kur kiti augalai tiesiog neauga.<\/p>\n","protected":false},"excerpt":{"rendered":"<div>Collomia grandiflora<\/div>\n<div><strong>Gamintojas:\u00a0<\/strong>Olandija<\/div>\n<div><strong>Grup\u0117:<\/strong> Vienmet\u0117<\/div>\n<div><strong>Kiekis pakelyje:<\/strong> 20 s\u0117kl\u0173<\/div>\n<div><strong>Auk\u0161tis cm:<\/strong> 60<\/div>\n<div><strong>S\u0117ti m\u0117n.:<\/strong> II-V, arba X-XI<\/div>\n<div><strong>Vieta:<\/strong> saul\u0117ta-pav\u0117sis<\/div>\n<div><strong>Dirva:<\/strong> sausa, gerai drenuota, sm\u0117lis, priemolis<\/div>\n","protected":false},"featured_media":44576,"comment_status":"open","ping_status":"closed","template":"","meta":{"jetpack_publicize_message":"","jetpack_publicize_feature_enabled":true,"jetpack_social_post_already_shared":true,"jetpack_social_options":{"image_generator_settings":{"template":"highway","default_image_id":0,"font":"","enabled":false},"version":2}},"product_brand":[],"product_cat":[320,353,99,42,128],"product_tag":[118,361,52,51,57],"class_list":{"0":"post-44571","1":"product","2":"type-product","3":"status-publish","4":"has-post-thumbnail","6":"product_cat-flioksai","7":"product_cat-ivairios","8":"product_cat-naujos-prekes","9":"product_cat-seklos","10":"product_cat-vienmeciu-geliu-seklos","11":"product_tag-flioksas","12":"product_tag-kolomija","13":"product_tag-seeds","14":"product_tag-seklos","15":"product_tag-skintos","16":"product_shipping_class-seklos","18":"first","19":"instock","20":"shipping-taxable","21":"purchasable","22":"product-type-simple"},"jetpack_publicize_connections":[],"jetpack_sharing_enabled":true,"_links":{"self":[{"href":"https:\/\/geliurasa.lt\/index.php\/wp-json\/wp\/v2\/product\/44571","targetHints":{"allow":["GET"]}}],"collection":[{"href":"https:\/\/geliurasa.lt\/index.php\/wp-json\/wp\/v2\/product"}],"about":[{"href":"https:\/\/geliurasa.lt\/index.php\/wp-json\/wp\/v2\/types\/product"}],"replies":[{"embeddable":true,"href":"https:\/\/geliurasa.lt\/index.php\/wp-json\/wp\/v2\/comments?post=44571"}],"wp:featuredmedia":[{"embeddable":true,"href":"https:\/\/geliurasa.lt\/index.php\/wp-json\/wp\/v2\/media\/44576"}],"wp:attachment":[{"href":"https:\/\/geliurasa.lt\/index.php\/wp-json\/wp\/v2\/media?parent=44571"}],"wp:term":[{"taxonomy":"product_brand","embeddable":true,"href":"https:\/\/geliurasa.lt\/index.php\/wp-json\/wp\/v2\/product_brand?post=44571"},{"taxonomy":"product_cat","embeddable":true,"href":"https:\/\/geliurasa.lt\/index.php\/wp-json\/wp\/v2\/product_cat?post=44571"},{"taxonomy":"product_tag","embeddable":true,"href":"https:\/\/geliurasa.lt\/index.php\/wp-json\/wp\/v2\/product_tag?post=44571"}],"curies":[{"name":"wp","href":"https:\/\/api.w.org\/{rel}","templated":true}]}}