{"id":446,"date":"2019-03-20T17:08:29","date_gmt":"2019-03-20T15:08:29","guid":{"rendered":"https:\/\/geliurasa.lt\/?post_type=product&#038;p=446"},"modified":"2026-01-18T21:55:54","modified_gmt":"2026-01-18T19:55:54","slug":"melinda","status":"publish","type":"product","link":"https:\/\/geliurasa.lt\/index.php\/produktas\/melinda\/","title":{"rendered":"Vienadien\u0117 Melinda"},"content":{"rendered":"","protected":false},"excerpt":{"rendered":"<p>Hemerocallis<\/p>\n<p>(Vasarietis)\u00a0 \u2022\u00a0 90 cm\u00a0 \u2022\u00a0 13 cm\u00a0 \u2022\u00a0 Tet\u00a0 \u2022\u00a0 Dor\u00a0 \u2022<\/p>\n<p>Spalva \u2013 tamsaus raudono vyno su juodu atspalviu. Auk\u0161ta, gausiai \u017eydinti ry\u0161ki, beveik juoda vienadien\u0117 itin stipriais \u017eiedstiebiais. Seniai mus d\u017eiuginanti latvi\u0161ka veisl\u0117.<\/p>\n<p>Ilgaam\u017eis ir nereiklus augimo s\u0105lygoms bei prie\u017ei\u016brai augalas.<\/p>\n","protected":false},"featured_media":447,"comment_status":"open","ping_status":"closed","template":"","meta":{"jetpack_publicize_message":"","jetpack_publicize_feature_enabled":true,"jetpack_social_post_already_shared":true,"jetpack_social_options":{"image_generator_settings":{"template":"highway","default_image_id":0,"font":"","enabled":false},"version":2}},"product_brand":[],"product_cat":[35,23],"product_tag":[59,61],"class_list":{"0":"post-446","1":"product","2":"type-product","3":"status-publish","4":"has-post-thumbnail","6":"product_cat-vienadienes-aukstos","7":"product_cat-vienadienes-hemerocallis","8":"product_tag-hemerocallis","9":"product_tag-vienadiene","10":"product_shipping_class-kita","12":"first","13":"instock","14":"shipping-taxable","15":"purchasable","16":"product-type-simple"},"jetpack_publicize_connections":[],"jetpack_sharing_enabled":true,"_links":{"self":[{"href":"https:\/\/geliurasa.lt\/index.php\/wp-json\/wp\/v2\/product\/446","targetHints":{"allow":["GET"]}}],"collection":[{"href":"https:\/\/geliurasa.lt\/index.php\/wp-json\/wp\/v2\/product"}],"about":[{"href":"https:\/\/geliurasa.lt\/index.php\/wp-json\/wp\/v2\/types\/product"}],"replies":[{"embeddable":true,"href":"https:\/\/geliurasa.lt\/index.php\/wp-json\/wp\/v2\/comments?post=446"}],"wp:featuredmedia":[{"embeddable":true,"href":"https:\/\/geliurasa.lt\/index.php\/wp-json\/wp\/v2\/media\/447"}],"wp:attachment":[{"href":"https:\/\/geliurasa.lt\/index.php\/wp-json\/wp\/v2\/media?parent=446"}],"wp:term":[{"taxonomy":"product_brand","embeddable":true,"href":"https:\/\/geliurasa.lt\/index.php\/wp-json\/wp\/v2\/product_brand?post=446"},{"taxonomy":"product_cat","embeddable":true,"href":"https:\/\/geliurasa.lt\/index.php\/wp-json\/wp\/v2\/product_cat?post=446"},{"taxonomy":"product_tag","embeddable":true,"href":"https:\/\/geliurasa.lt\/index.php\/wp-json\/wp\/v2\/product_tag?post=446"}],"curies":[{"name":"wp","href":"https:\/\/api.w.org\/{rel}","templated":true}]}}