{"id":44681,"date":"2026-03-16T12:56:23","date_gmt":"2026-03-16T10:56:23","guid":{"rendered":"https:\/\/geliurasa.lt\/?post_type=product&#038;p=44681"},"modified":"2026-03-16T14:19:14","modified_gmt":"2026-03-16T12:19:14","slug":"dekoratyviniai-puosnieji-kopustai-crane-f1-feather-king","status":"publish","type":"product","link":"https:\/\/geliurasa.lt\/index.php\/produktas\/dekoratyviniai-puosnieji-kopustai-crane-f1-feather-king\/","title":{"rendered":"Dekoratyviniai puo\u0161nieji kop\u016bstai Crane F1  Feather King"},"content":{"rendered":"<p>Dekoratyvinis kop\u016bstas Crane F1 &#8211;\u00a0 naujas skint\u0173 g\u0117li\u0173 tipas. Kompakti\u0161ki ant auk\u0161t\u0173 stieb\u0173, o visas kop\u016bst\u0173 gro\u017eis, lap\u0173\u00a0 centre. Ypatingai tinkami pamerkimui, puok\u0161t\u0117ms bei floristinems kompozicijoms. <strong>Feather\u00a0 kop\u016bst\u0173 lapai<\/strong> primena karpytas snaiges.\u00a0 Geriausiai auga dr\u0117gnoje ir derlingoje priesm\u0117lio arba priemolio dirvoje.\u00a0 Auginant skynimui, galima daigus sodinti skirtingais atstumais nuo 5 iki 30 cm ( kad u\u017eaugt\u0173 \u012fvairi\u0173 dyd\u017ei\u0173 &#8221;\u017eiedai&#8221;). Kuo ma\u017eesni, tuo gra\u017eesni puok\u0161t\u0117se. Nepamainomi v\u0117lini\u0173 kompozicijoms.<\/p>\n<p>S\u0117klos s\u0117jamos po danga: III-IV, arba tiesiai \u012f lysv\u0119: IV-V, daigai persodinami : V. \u017dydi: IX-X. \u0160ie kop\u016bstai auk\u0161ti, reikia\u00a0 naudoti tinkl\u0105, ar kitus priri\u0161imo b\u016bdus.<\/p>\n<p>Ruden\u012f , pamerkti\u00a0 vazoje kop\u016bstai, lauke gali i\u0161b\u016bti m\u0117nes\u012f, o v\u0117siame ore net kelis m\u0117nesius. Namie pasimerkus, reikia kasdien keisti vanden\u012f.<\/p>\n","protected":false},"excerpt":{"rendered":"<div>Brassica oleracea<\/div>\n<div><strong>Gamintojas:\u00a0<\/strong>Olandija<\/div>\n<div><strong>Grup\u0117<\/strong>: vienmet\u0117<\/div>\n<div><strong>Kiekis pakelyje:<\/strong> 20 s\u0117kl\u0173<\/div>\n<div><strong>Auk\u0161tis cm: <\/strong>60-70<\/div>\n<div><strong>S\u0117ti m\u0117n.:<\/strong> IV\u2013VI lauke<\/div>\n<div><strong>Vieta:<\/strong> saul\u0117ta<\/div>\n<div><strong>Dirva: <\/strong>derlinga, dr\u0117gna<\/div>\n<div><\/div>\n","protected":false},"featured_media":41193,"comment_status":"open","ping_status":"closed","template":"","meta":{"jetpack_publicize_message":"","jetpack_publicize_feature_enabled":true,"jetpack_social_post_already_shared":true,"jetpack_social_options":{"image_generator_settings":{"template":"highway","default_image_id":0,"font":"","enabled":false},"version":2}},"product_brand":[],"product_cat":[99,300,42,128],"product_tag":[254,52,51],"class_list":{"0":"post-44681","1":"product","2":"type-product","3":"status-publish","4":"has-post-thumbnail","6":"product_cat-naujos-prekes","7":"product_cat-puosnieji-kopustai","8":"product_cat-seklos","9":"product_cat-vienmeciu-geliu-seklos","10":"product_tag-brassica","11":"product_tag-seeds","12":"product_tag-seklos","13":"product_shipping_class-seklos","15":"first","16":"instock","17":"shipping-taxable","18":"purchasable","19":"product-type-simple"},"jetpack_publicize_connections":[],"jetpack_sharing_enabled":true,"_links":{"self":[{"href":"https:\/\/geliurasa.lt\/index.php\/wp-json\/wp\/v2\/product\/44681","targetHints":{"allow":["GET"]}}],"collection":[{"href":"https:\/\/geliurasa.lt\/index.php\/wp-json\/wp\/v2\/product"}],"about":[{"href":"https:\/\/geliurasa.lt\/index.php\/wp-json\/wp\/v2\/types\/product"}],"replies":[{"embeddable":true,"href":"https:\/\/geliurasa.lt\/index.php\/wp-json\/wp\/v2\/comments?post=44681"}],"wp:featuredmedia":[{"embeddable":true,"href":"https:\/\/geliurasa.lt\/index.php\/wp-json\/wp\/v2\/media\/41193"}],"wp:attachment":[{"href":"https:\/\/geliurasa.lt\/index.php\/wp-json\/wp\/v2\/media?parent=44681"}],"wp:term":[{"taxonomy":"product_brand","embeddable":true,"href":"https:\/\/geliurasa.lt\/index.php\/wp-json\/wp\/v2\/product_brand?post=44681"},{"taxonomy":"product_cat","embeddable":true,"href":"https:\/\/geliurasa.lt\/index.php\/wp-json\/wp\/v2\/product_cat?post=44681"},{"taxonomy":"product_tag","embeddable":true,"href":"https:\/\/geliurasa.lt\/index.php\/wp-json\/wp\/v2\/product_tag?post=44681"}],"curies":[{"name":"wp","href":"https:\/\/api.w.org\/{rel}","templated":true}]}}