{"id":44703,"date":"2026-03-17T19:59:26","date_gmt":"2026-03-17T17:59:26","guid":{"rendered":"https:\/\/geliurasa.lt\/?post_type=product&#038;p=44703"},"modified":"2026-05-01T10:35:36","modified_gmt":"2026-05-01T07:35:36","slug":"dazinis-dygminas-yellow-grenade","status":"publish","type":"product","link":"https:\/\/geliurasa.lt\/index.php\/produktas\/dazinis-dygminas-yellow-grenade\/","title":{"rendered":"Da\u017einis dygminas Yellow Grenade"},"content":{"rendered":"<div>\n<div>Yellow Grenade dygminas su ry\u0161kiai geltonomis plunksnel\u0117mis, gra\u017eiais tamsiai \u017ealiais lapais. Veisl\u0117, kuri beveik neturi spygli\u0173. Vir\u0161uje \u0161akojasi ir skleid\u017eia apvalius \u012f er\u0161k\u0117\u010di\u0173 vaisius pana\u0161ius \u017eiedus. Puikiai u\u017epildo puok\u0161tes kaip \u017ealuma, bet taip pat gra\u017e\u016bs, kaip d\u017eiovintos g\u0117l\u0117s.<\/div>\n<\/div>\n<div><\/div>\n<div>\n<p><span dir=\"auto\">Sudygsta per 4-6 dienas, prie\u00a0 12\u201320 \u00b0C temperat\u016bros. Dygsta tamsoje. <\/span>Auginimo s\u0105lygoms nereikl\u016bs, ta\u010diau nem\u0117gsta persodinimo. Geriausia s\u0117ti \u012f nuolatin\u0119 viet\u0105. Jei auginama skynimui, galima s\u0117ti per kelis kartus.<\/p>\n<div><\/div>\n<p>&nbsp;<\/p>\n<\/div>\n","protected":false},"excerpt":{"rendered":"<div>\n<div>Carthamus tinctorius<\/div>\n<div><strong>Gamintojas:\u00a0<\/strong>Olandija<\/div>\n<div><strong>Grup\u0117:<\/strong> vienmet\u0117<\/div>\n<div><strong>Kiekis pakelyje:<\/strong> 1g<\/div>\n<div><strong>Auk\u0161tis cm: <\/strong>70-100<\/div>\n<div><strong>S\u0117ti m\u0117n.: <\/strong>III-IV, V(lauke)<\/div>\n<div><strong>Vieta:<\/strong> saul\u0117ta, pusiau pav\u0117sis<\/div>\n<\/div>\n<div><\/div>\n","protected":false},"featured_media":44706,"comment_status":"open","ping_status":"closed","template":"","meta":{"jetpack_publicize_message":"","jetpack_publicize_feature_enabled":true,"jetpack_social_post_already_shared":true,"jetpack_social_options":{"image_generator_settings":{"template":"highway","default_image_id":0,"font":"","enabled":false},"version":2}},"product_brand":[],"product_cat":[346,99,42,128],"product_tag":[112,52,51],"class_list":{"0":"post-44703","1":"product","2":"type-product","3":"status-publish","4":"has-post-thumbnail","6":"product_cat-dygminai","7":"product_cat-naujos-prekes","8":"product_cat-seklos","9":"product_cat-vienmeciu-geliu-seklos","10":"product_tag-dygminas","11":"product_tag-seeds","12":"product_tag-seklos","13":"product_shipping_class-seklos","15":"first","16":"instock","17":"shipping-taxable","18":"purchasable","19":"product-type-simple"},"jetpack_publicize_connections":[],"jetpack_sharing_enabled":true,"_links":{"self":[{"href":"https:\/\/geliurasa.lt\/index.php\/wp-json\/wp\/v2\/product\/44703","targetHints":{"allow":["GET"]}}],"collection":[{"href":"https:\/\/geliurasa.lt\/index.php\/wp-json\/wp\/v2\/product"}],"about":[{"href":"https:\/\/geliurasa.lt\/index.php\/wp-json\/wp\/v2\/types\/product"}],"replies":[{"embeddable":true,"href":"https:\/\/geliurasa.lt\/index.php\/wp-json\/wp\/v2\/comments?post=44703"}],"wp:featuredmedia":[{"embeddable":true,"href":"https:\/\/geliurasa.lt\/index.php\/wp-json\/wp\/v2\/media\/44706"}],"wp:attachment":[{"href":"https:\/\/geliurasa.lt\/index.php\/wp-json\/wp\/v2\/media?parent=44703"}],"wp:term":[{"taxonomy":"product_brand","embeddable":true,"href":"https:\/\/geliurasa.lt\/index.php\/wp-json\/wp\/v2\/product_brand?post=44703"},{"taxonomy":"product_cat","embeddable":true,"href":"https:\/\/geliurasa.lt\/index.php\/wp-json\/wp\/v2\/product_cat?post=44703"},{"taxonomy":"product_tag","embeddable":true,"href":"https:\/\/geliurasa.lt\/index.php\/wp-json\/wp\/v2\/product_tag?post=44703"}],"curies":[{"name":"wp","href":"https:\/\/api.w.org\/{rel}","templated":true}]}}