{"id":44775,"date":"2026-03-19T21:12:32","date_gmt":"2026-03-19T19:12:32","guid":{"rendered":"https:\/\/geliurasa.lt\/?post_type=product&#038;p=44775"},"modified":"2026-03-24T23:15:19","modified_gmt":"2026-03-24T21:15:19","slug":"rytine-aguona-brilliant","status":"publish","type":"product","link":"https:\/\/geliurasa.lt\/index.php\/produktas\/rytine-aguona-brilliant\/","title":{"rendered":"Rytin\u0117 aguona Brilliant"},"content":{"rendered":"<p>Brilliant ugnin\u0117, skais\u010diai raudona, daugiamet\u0117 v\u0117lyvo pavasario ir vasaros prad\u017eios, aguona. Daugiamet\u0117s aguonos nu\u017eyd\u0117jusios\u00a0 numeta lapus ir sunyksta iki kito pavasario. Daugyb\u0119 met\u0173 gali augti vienoje vietoje. \u017diedai tinkami merkti, tik ilgai nesilaiko vazoje. Dedu \u012f puok\u0161t\u0119 kaip staigmen\u0105. Skinu bumbul\u0105 ryte, kai jau matosi vienas spalvotas lapelis ir jis jau i\u0161brink\u0119s. \u017davingai atrodo, kai netik\u0117tai i\u0161siskleid\u017eia. Tradici\u0161kai\u00a0 \u0161ios aguonos u\u017eaugina s\u0117kl\u0173 d\u0117\u017eutes, kurias panaudoju puok\u0161t\u0117se, likut\u012f d\u017eiovinu.<\/p>\n<p>Aguonoms labiau patinka v\u0117si dirva. Dygsta neu\u017edengtos prie 15\u00b0C \u0161viesoje.S\u0117klos i\u0161barstomos ant dirvos pavir\u0161iaus ir lengvai prispaud\u017eiamos lentute ar ranka. Galima u\u017eberti vos 1\u20132 mm smulkaus sm\u0117lio, bet ne daugiau. Rytin\u0117s aguonos nem\u0117gsta persodinimo, tod\u0117l geriau s\u0117ti \u012f nuolatin\u0119 viet\u0105 . Esu persodinus ir jau didelius kerus, bet turi b\u016bti dr\u0117gnas pavasaris. Galima s\u0117ti v\u0117lyv\u0105 ruden\u012f.<\/p>\n","protected":false},"excerpt":{"rendered":"<div>Papaver orientale<\/div>\n<div><strong>Gamintojas:\u00a0<\/strong>Olandija<\/div>\n<div><strong>Grup\u0117:<\/strong> daugiamet\u0117<\/div>\n<div><strong>Kiekis pakelyje:<\/strong> 0,3g<\/div>\n<div><strong>Auk\u0161tis cm: <\/strong>80<\/div>\n<div><strong>S\u0117ti m\u0117n.: <\/strong>IV-V, X<\/div>\n<div><strong>Vieta:<\/strong> saul\u0117ta, dalinis pav\u0117sis<\/div>\n<div><strong>Dirva:<\/strong> \u012fvairi, derlinga<\/div>\n","protected":false},"featured_media":44777,"comment_status":"open","ping_status":"closed","template":"","meta":{"jetpack_publicize_message":"","jetpack_publicize_feature_enabled":true,"jetpack_social_post_already_shared":true,"jetpack_social_options":{"image_generator_settings":{"template":"highway","default_image_id":0,"font":"","enabled":false},"version":2}},"product_brand":[],"product_cat":[194,126,99,42],"product_tag":[67,68,52,51],"class_list":{"0":"post-44775","1":"product","2":"type-product","3":"status-publish","4":"has-post-thumbnail","6":"product_cat-aguonu-seklos","7":"product_cat-daugiameciu-geliu-seklos","8":"product_cat-naujos-prekes","9":"product_cat-seklos","10":"product_tag-aguona","11":"product_tag-papaver","12":"product_tag-seeds","13":"product_tag-seklos","14":"product_shipping_class-seklos","16":"first","17":"instock","18":"shipping-taxable","19":"purchasable","20":"product-type-simple"},"jetpack_publicize_connections":[],"jetpack_sharing_enabled":true,"_links":{"self":[{"href":"https:\/\/geliurasa.lt\/index.php\/wp-json\/wp\/v2\/product\/44775","targetHints":{"allow":["GET"]}}],"collection":[{"href":"https:\/\/geliurasa.lt\/index.php\/wp-json\/wp\/v2\/product"}],"about":[{"href":"https:\/\/geliurasa.lt\/index.php\/wp-json\/wp\/v2\/types\/product"}],"replies":[{"embeddable":true,"href":"https:\/\/geliurasa.lt\/index.php\/wp-json\/wp\/v2\/comments?post=44775"}],"wp:featuredmedia":[{"embeddable":true,"href":"https:\/\/geliurasa.lt\/index.php\/wp-json\/wp\/v2\/media\/44777"}],"wp:attachment":[{"href":"https:\/\/geliurasa.lt\/index.php\/wp-json\/wp\/v2\/media?parent=44775"}],"wp:term":[{"taxonomy":"product_brand","embeddable":true,"href":"https:\/\/geliurasa.lt\/index.php\/wp-json\/wp\/v2\/product_brand?post=44775"},{"taxonomy":"product_cat","embeddable":true,"href":"https:\/\/geliurasa.lt\/index.php\/wp-json\/wp\/v2\/product_cat?post=44775"},{"taxonomy":"product_tag","embeddable":true,"href":"https:\/\/geliurasa.lt\/index.php\/wp-json\/wp\/v2\/product_tag?post=44775"}],"curies":[{"name":"wp","href":"https:\/\/api.w.org\/{rel}","templated":true}]}}