{"id":44812,"date":"2026-03-23T23:14:56","date_gmt":"2026-03-23T21:14:56","guid":{"rendered":"https:\/\/geliurasa.lt\/?post_type=product&#038;p=44812"},"modified":"2026-04-02T10:15:27","modified_gmt":"2026-04-02T07:15:27","slug":"pilkoji-leukonija-column-apricot","status":"publish","type":"product","link":"https:\/\/geliurasa.lt\/index.php\/produktas\/pilkoji-leukonija-column-apricot\/","title":{"rendered":"Pilkoji leukonija Column Apricot"},"content":{"rendered":"<div dir=\"ltr\">Tank\u016bs, efektingi kvapni\u0173, dideli\u0173, dvigub\u0173 \u017eied\u0173 kek\u0117s, glaud\u017eiai i\u0161sid\u0117s\u010diusios ant\u00a0 stieb\u0173. Iki \u017eied\u0173 brandumo praeina 20\u201322 savait\u0117s. Labiausiai tinka auginti lauke. Ma\u017edaug\u00a0 \u00b150 % augal\u0173 \u017eydi dvigubais \u017eiedais. Dvigubi \u017eiedai priklauso nuo temperat\u016bros, kuo kar\u0161\u010diau, tuo ma\u017eiau. Tinka auginti v\u0117lyv\u0105 pavasar\u012f, vasar\u0105, ankstyvas ruduo. \u017diedai nebijo \u0161al\u010dio.<\/div>\n","protected":false},"excerpt":{"rendered":"<div>Matthiola incana<\/div>\n<div><strong>Gamintojas:\u00a0<\/strong>Olandija<\/div>\n<div><strong>Grup\u0117:<\/strong> vienmet\u0117<\/div>\n<div><strong>Kiekis pakelyje:<\/strong> 30 s\u0117kl\u0173<\/div>\n<div><strong>Auk\u0161tis cm: <\/strong>60-70<\/div>\n<div><strong>S\u0117ti m\u0117n.:<\/strong> III-IV<\/div>\n<div><strong>Vieta:<\/strong> saul\u0117ta- pusiau pav\u0117sis<\/div>\n<div><strong>Dirva: <\/strong>neutrali<\/div>\n","protected":false},"featured_media":44814,"comment_status":"open","ping_status":"closed","template":"","meta":{"jetpack_publicize_message":"","jetpack_publicize_feature_enabled":true,"jetpack_social_post_already_shared":true,"jetpack_social_options":{"image_generator_settings":{"template":"highway","default_image_id":0,"font":"","enabled":false},"version":2}},"product_brand":[],"product_cat":[345,99,128,42],"product_tag":[239,238,51],"class_list":{"0":"post-44812","1":"product","2":"type-product","3":"status-publish","4":"has-post-thumbnail","6":"product_cat-leukonijos","7":"product_cat-naujos-prekes","8":"product_cat-vienmeciu-geliu-seklos","9":"product_cat-seklos","10":"product_tag-leukonija","11":"product_tag-matthiola","12":"product_tag-seklos","13":"product_shipping_class-seklos","15":"first","16":"instock","17":"shipping-taxable","18":"purchasable","19":"product-type-simple"},"jetpack_publicize_connections":[],"jetpack_sharing_enabled":true,"_links":{"self":[{"href":"https:\/\/geliurasa.lt\/index.php\/wp-json\/wp\/v2\/product\/44812","targetHints":{"allow":["GET"]}}],"collection":[{"href":"https:\/\/geliurasa.lt\/index.php\/wp-json\/wp\/v2\/product"}],"about":[{"href":"https:\/\/geliurasa.lt\/index.php\/wp-json\/wp\/v2\/types\/product"}],"replies":[{"embeddable":true,"href":"https:\/\/geliurasa.lt\/index.php\/wp-json\/wp\/v2\/comments?post=44812"}],"wp:featuredmedia":[{"embeddable":true,"href":"https:\/\/geliurasa.lt\/index.php\/wp-json\/wp\/v2\/media\/44814"}],"wp:attachment":[{"href":"https:\/\/geliurasa.lt\/index.php\/wp-json\/wp\/v2\/media?parent=44812"}],"wp:term":[{"taxonomy":"product_brand","embeddable":true,"href":"https:\/\/geliurasa.lt\/index.php\/wp-json\/wp\/v2\/product_brand?post=44812"},{"taxonomy":"product_cat","embeddable":true,"href":"https:\/\/geliurasa.lt\/index.php\/wp-json\/wp\/v2\/product_cat?post=44812"},{"taxonomy":"product_tag","embeddable":true,"href":"https:\/\/geliurasa.lt\/index.php\/wp-json\/wp\/v2\/product_tag?post=44812"}],"curies":[{"name":"wp","href":"https:\/\/api.w.org\/{rel}","templated":true}]}}