{"id":44922,"date":"2026-04-02T12:38:47","date_gmt":"2026-04-02T09:38:47","guid":{"rendered":"https:\/\/geliurasa.lt\/?post_type=product&#038;p=44922"},"modified":"2026-04-02T13:20:23","modified_gmt":"2026-04-02T10:20:23","slug":"puikioji-gvaizdune-zinderella-mix","status":"publish","type":"product","link":"https:\/\/geliurasa.lt\/index.php\/produktas\/puikioji-gvaizdune-zinderella-mix\/","title":{"rendered":"Puikioji gvaizd\u016bn\u0117 Zinderella Mix"},"content":{"rendered":"<p>\u012evairiaspalvis Zinderella gvaizd\u016bni\u0173 mi\u0161inys. \u0160ios gvaizd\u016bn\u0117s itin gerai laikosi vazoje. Tvirtos, su tiesiais\u00a0 stiebais ir ry\u0161kiais \u017eiedais. Didelis procentas pilnaviduri\u0173 \u017eied\u0173.<\/p>\n","protected":false},"excerpt":{"rendered":"<div>\n<div>Zinnia elegans<\/div>\n<div><strong>Gamintojas:\u00a0<\/strong>Olandija<\/div>\n<div><strong>Grup\u0117: <\/strong>vienmet\u0117<\/div>\n<div><strong>Kiekis pakelyje: <\/strong>25 s\u0117klos<\/div>\n<div><strong>Auk\u0161tis cm: <\/strong>60<\/div>\n<div><strong>S\u0117ti m\u0117n.:<\/strong> IV-V<\/div>\n<div><strong>Vieta:<\/strong> saul\u0117ta, dr\u0117gmei laidi<\/div>\n<div><strong>Dirva: <\/strong>neutrali<\/div>\n<\/div>\n<div><\/div>\n","protected":false},"featured_media":44923,"comment_status":"open","ping_status":"closed","template":"","meta":{"jetpack_publicize_message":"","jetpack_publicize_feature_enabled":true,"jetpack_social_post_already_shared":true,"jetpack_social_options":{"image_generator_settings":{"template":"highway","default_image_id":0,"font":"","enabled":false},"version":2}},"product_brand":[],"product_cat":[247,99,128,42],"product_tag":[249,52,51,248],"class_list":{"0":"post-44922","1":"product","2":"type-product","3":"status-publish","4":"has-post-thumbnail","6":"product_cat-gvaizdunes","7":"product_cat-naujos-prekes","8":"product_cat-vienmeciu-geliu-seklos","9":"product_cat-seklos","10":"product_tag-gvaizdune","11":"product_tag-seeds","12":"product_tag-seklos","13":"product_tag-zinna","14":"product_shipping_class-seklos","16":"first","17":"instock","18":"shipping-taxable","19":"purchasable","20":"product-type-simple"},"jetpack_publicize_connections":[],"jetpack_sharing_enabled":true,"_links":{"self":[{"href":"https:\/\/geliurasa.lt\/index.php\/wp-json\/wp\/v2\/product\/44922","targetHints":{"allow":["GET"]}}],"collection":[{"href":"https:\/\/geliurasa.lt\/index.php\/wp-json\/wp\/v2\/product"}],"about":[{"href":"https:\/\/geliurasa.lt\/index.php\/wp-json\/wp\/v2\/types\/product"}],"replies":[{"embeddable":true,"href":"https:\/\/geliurasa.lt\/index.php\/wp-json\/wp\/v2\/comments?post=44922"}],"wp:featuredmedia":[{"embeddable":true,"href":"https:\/\/geliurasa.lt\/index.php\/wp-json\/wp\/v2\/media\/44923"}],"wp:attachment":[{"href":"https:\/\/geliurasa.lt\/index.php\/wp-json\/wp\/v2\/media?parent=44922"}],"wp:term":[{"taxonomy":"product_brand","embeddable":true,"href":"https:\/\/geliurasa.lt\/index.php\/wp-json\/wp\/v2\/product_brand?post=44922"},{"taxonomy":"product_cat","embeddable":true,"href":"https:\/\/geliurasa.lt\/index.php\/wp-json\/wp\/v2\/product_cat?post=44922"},{"taxonomy":"product_tag","embeddable":true,"href":"https:\/\/geliurasa.lt\/index.php\/wp-json\/wp\/v2\/product_tag?post=44922"}],"curies":[{"name":"wp","href":"https:\/\/api.w.org\/{rel}","templated":true}]}}