{"id":45071,"date":"2026-04-21T19:34:14","date_gmt":"2026-04-21T16:34:14","guid":{"rendered":"https:\/\/geliurasa.lt\/?post_type=product&#038;p=45071"},"modified":"2026-04-21T20:06:31","modified_gmt":"2026-04-21T17:06:31","slug":"dekoratyviniai-moliugai-baby-boo","status":"publish","type":"product","link":"https:\/\/geliurasa.lt\/index.php\/produktas\/dekoratyviniai-moliugai-baby-boo\/","title":{"rendered":"Dekoratyviniai moli\u016bgai Baby Boo"},"content":{"rendered":"<p>Vieni i\u0161 ma\u017eiausi\u0173 miniati\u016briniai, balti arba baltai kreminiai &#8211; dekoratyviniai moli\u016bg\u0117liai. Veisl\u0117 valgoma. Norint gauti ankstesn\u012f derli\u0173, s\u0117klos s\u0117jamos baland\u017eio\/gegu\u017e\u0117s prad\u017eioje namie, ar \u0161iltnamyje \u012f vazon\u0117lius. Daigai i\u0161sodinami po \u0161aln\u0173. Tankiau susodinti, u\u017eaugins ma\u017eesnius vaisius. Svarbu, sodinti atskirai nuo kit\u0173 moli\u016bg\u0173, nes moli\u016bgai turi savyb\u0119 kry\u017emintis. Jei nor\u0117site paimti s\u0117klos kitiems metams, nebebus grynai balti, ar ma\u017ei.<\/p>\n<p>&nbsp;<\/p>\n","protected":false},"excerpt":{"rendered":"<div>Cucurbita pepo<\/div>\n<div><strong>Gamintojas:\u00a0<\/strong>Olandija<\/div>\n<div><strong>Grup\u0117:<\/strong> Vienmet\u0117<\/div>\n<div><strong>Kiekis pakelyje:<\/strong> 1 g\u2248\u00a0 16-18 s\u0117kl\u0173<\/div>\n<div>\n<div><strong>S\u0117ti m\u0117n.:\u00a0 <\/strong>III-V<\/div>\n<div><strong>Vieta:<\/strong> saul\u0117ta<\/div>\n<div><strong>Dirva:<\/strong> \u012fvairi, derlinga<\/div>\n<\/div>\n","protected":false},"featured_media":45072,"comment_status":"open","ping_status":"closed","template":"","meta":{"jetpack_publicize_message":"","jetpack_publicize_feature_enabled":true,"jetpack_social_post_already_shared":true,"jetpack_social_options":{"image_generator_settings":{"template":"highway","default_image_id":0,"font":"","enabled":false},"version":2}},"product_brand":[],"product_cat":[326,196,99,42,359,128],"product_tag":[197,198,52,51],"class_list":{"0":"post-45071","1":"product","2":"type-product","3":"status-publish","4":"has-post-thumbnail","6":"product_cat-dekoratyvines-darzoves","7":"product_cat-dekoratyviniai-moliugeliai","8":"product_cat-naujos-prekes","9":"product_cat-seklos","10":"product_cat-valgoma","11":"product_cat-vienmeciu-geliu-seklos","12":"product_tag-cucurbita","13":"product_tag-moliugas","14":"product_tag-seeds","15":"product_tag-seklos","16":"product_shipping_class-seklos","18":"first","19":"instock","20":"shipping-taxable","21":"purchasable","22":"product-type-simple"},"jetpack_publicize_connections":[],"jetpack_sharing_enabled":true,"_links":{"self":[{"href":"https:\/\/geliurasa.lt\/index.php\/wp-json\/wp\/v2\/product\/45071","targetHints":{"allow":["GET"]}}],"collection":[{"href":"https:\/\/geliurasa.lt\/index.php\/wp-json\/wp\/v2\/product"}],"about":[{"href":"https:\/\/geliurasa.lt\/index.php\/wp-json\/wp\/v2\/types\/product"}],"replies":[{"embeddable":true,"href":"https:\/\/geliurasa.lt\/index.php\/wp-json\/wp\/v2\/comments?post=45071"}],"wp:featuredmedia":[{"embeddable":true,"href":"https:\/\/geliurasa.lt\/index.php\/wp-json\/wp\/v2\/media\/45072"}],"wp:attachment":[{"href":"https:\/\/geliurasa.lt\/index.php\/wp-json\/wp\/v2\/media?parent=45071"}],"wp:term":[{"taxonomy":"product_brand","embeddable":true,"href":"https:\/\/geliurasa.lt\/index.php\/wp-json\/wp\/v2\/product_brand?post=45071"},{"taxonomy":"product_cat","embeddable":true,"href":"https:\/\/geliurasa.lt\/index.php\/wp-json\/wp\/v2\/product_cat?post=45071"},{"taxonomy":"product_tag","embeddable":true,"href":"https:\/\/geliurasa.lt\/index.php\/wp-json\/wp\/v2\/product_tag?post=45071"}],"curies":[{"name":"wp","href":"https:\/\/api.w.org\/{rel}","templated":true}]}}