{"id":45083,"date":"2026-04-22T22:28:53","date_gmt":"2026-04-22T19:28:53","guid":{"rendered":"https:\/\/geliurasa.lt\/?post_type=product&#038;p=45083"},"modified":"2026-04-22T23:55:04","modified_gmt":"2026-04-22T20:55:04","slug":"dirvinis-raguolis-blue-cloud","status":"publish","type":"product","link":"https:\/\/geliurasa.lt\/index.php\/produktas\/dirvinis-raguolis-blue-cloud\/","title":{"rendered":"Dirvinis raguolis Blue Cloud"},"content":{"rendered":"<p><span dir=\"auto\">\u0160ie raguolis Blue Cloud visi\u0161kai skiriasi nuo \u012fprast\u0173 raguoli\u0173, \u017eiedai ne ant auk\u0161t\u0173 stieb\u0173, kaip \u012fprastai. Augimo forma kaip kr\u016bmelio, pana\u0161iai kaip gubojos \u2013 debes\u0117li. \u017dydi itin gausiai, m\u0117lynai violetiniais\u00a0 \u017eiedais. Man jie primena pievose augan\u010dius lakinius raguolius. Nors \u0161ie raguoliai vienme\u010diai, bet \u017eydi ilgiau u\u017e daugiame\u010dius pentinius, plius spalva sodresn\u0117. Blue Cloud puikiai tinka skinti, naudojami\u00a0 puok\u0161t\u0117se \u0161vie\u017ei arba d\u017eiovinti kompozicijose. Nustebino ilgu \u017eyd\u0117jimu vazoje.\u00a0<\/span><\/p>\n<p>Raguolius geriausia \u00a0s\u0117ti \u00a0tiesiai \u012f dirv\u0105 ruden\u012f, \u017eiem\u0105 arba ankstyv\u0105 pavasar\u012f. S\u0117kloms b\u016btinas pa\u0161aldymas 1,5- 2 sav. Po pa\u0161aldymo s\u0117ti tiesiai \u012f lauk\u0105 (kovas\/balandis), dygimui geriausia v\u0117sesn\u0117 pavasario temperat\u016bra. S\u0117klos u\u017eberiamos 6 mm \u017eem\u0117s sluoksniu, dygsta tamsoje. Kai lauke jau \u0161ilta, tada geriau s\u0117ti\u00a0 \u012f d\u0117\u017eutes ir lakyti v\u0117siai iki 18\u00b0 C, arba palaukti rudens, s\u0117ti spal\u012f.<\/p>\n","protected":false},"excerpt":{"rendered":"<div>Delphinium consolida<\/div>\n<div><strong>Gamintojas:\u00a0<\/strong>Olandija<\/div>\n<div><strong>Grup\u0117: <\/strong>vienmet\u0117<\/div>\n<div><strong>Kiekis pakelyje:<\/strong> 0,4 g<\/div>\n<div><strong>Auk\u0161tis cm:<\/strong> 50-75<\/div>\n<div><strong>S\u0117ti m\u0117n.: <\/strong>III- IV , IX\u00a0 -X<\/div>\n<div><strong>Vieta:<\/strong> saul\u0117ta, dalinis pav\u0117sis<\/div>\n","protected":false},"featured_media":45084,"comment_status":"open","ping_status":"closed","template":"","meta":{"jetpack_publicize_message":"","jetpack_publicize_feature_enabled":true,"jetpack_social_post_already_shared":true,"jetpack_social_options":{"image_generator_settings":{"template":"highway","default_image_id":0,"font":"","enabled":false},"version":2}},"product_brand":[],"product_cat":[99,308,42,128],"product_tag":[258,307,52,51],"class_list":{"0":"post-45083","1":"product","2":"type-product","3":"status-publish","4":"has-post-thumbnail","6":"product_cat-naujos-prekes","7":"product_cat-raguoliai","8":"product_cat-seklos","9":"product_cat-vienmeciu-geliu-seklos","10":"product_tag-delphinium","11":"product_tag-raguolis","12":"product_tag-seeds","13":"product_tag-seklos","14":"product_shipping_class-seklos","16":"first","17":"instock","18":"shipping-taxable","19":"purchasable","20":"product-type-simple"},"jetpack_publicize_connections":[],"jetpack_sharing_enabled":true,"_links":{"self":[{"href":"https:\/\/geliurasa.lt\/index.php\/wp-json\/wp\/v2\/product\/45083","targetHints":{"allow":["GET"]}}],"collection":[{"href":"https:\/\/geliurasa.lt\/index.php\/wp-json\/wp\/v2\/product"}],"about":[{"href":"https:\/\/geliurasa.lt\/index.php\/wp-json\/wp\/v2\/types\/product"}],"replies":[{"embeddable":true,"href":"https:\/\/geliurasa.lt\/index.php\/wp-json\/wp\/v2\/comments?post=45083"}],"wp:featuredmedia":[{"embeddable":true,"href":"https:\/\/geliurasa.lt\/index.php\/wp-json\/wp\/v2\/media\/45084"}],"wp:attachment":[{"href":"https:\/\/geliurasa.lt\/index.php\/wp-json\/wp\/v2\/media?parent=45083"}],"wp:term":[{"taxonomy":"product_brand","embeddable":true,"href":"https:\/\/geliurasa.lt\/index.php\/wp-json\/wp\/v2\/product_brand?post=45083"},{"taxonomy":"product_cat","embeddable":true,"href":"https:\/\/geliurasa.lt\/index.php\/wp-json\/wp\/v2\/product_cat?post=45083"},{"taxonomy":"product_tag","embeddable":true,"href":"https:\/\/geliurasa.lt\/index.php\/wp-json\/wp\/v2\/product_tag?post=45083"}],"curies":[{"name":"wp","href":"https:\/\/api.w.org\/{rel}","templated":true}]}}